{"id":2358,"date":"2019-07-10T22:50:45","date_gmt":"2019-07-10T20:50:45","guid":{"rendered":"https:\/\/abatis.sk\/?page_id=2358\/"},"modified":"2019-07-10T22:57:34","modified_gmt":"2019-07-10T20:57:34","slug":"touch-of-grandeur","status":"publish","type":"page","link":"https:\/\/abatis.sk\/en\/touch-of-grandeur\/","title":{"rendered":"Touch of grandeur"},"content":{"rendered":"<p>[et_pb_section bb_built=&#8221;1&#8243; fullwidth=&#8221;off&#8221; specialty=&#8221;off&#8221; _builder_version=&#8221;3.0.98&#8243; background_color=&#8221;#fae8dc&#8221; custom_margin=&#8221;0px|||&#8221;][et_pb_row use_custom_width=&#8221;on&#8221; custom_width_px=&#8221;1808px&#8221; custom_padding=&#8221;40px|40px|40px|40px&#8221; custom_padding_phone=&#8221;30px|30px|30px|30px&#8221; background_color=&#8221;#fae8dc&#8221; custom_padding_last_edited=&#8221;on|phone&#8221; _builder_version=&#8221;3.0.98&#8243;][et_pb_column type=&#8221;4_4&#8243;][et_pb_text admin_label=&#8221;Touch of grandeur&#8221; _builder_version=&#8221;3.0.100&#8243; text_orientation=&#8221;center&#8221; background_layout=&#8221;light&#8221; text_line_height=&#8221;1.2em&#8221; custom_margin=&#8221;||8px|&#8221; header_font_size=&#8221;28px&#8221; header_font_size_tablet=&#8221;17px&#8221; header_font_size_last_edited=&#8221;on|phone&#8221; text_font_size=&#8221;15px&#8221; text_font_size_tablet=&#8221;11px&#8221; text_font_size_last_edited=&#8221;on|tablet&#8221; header_line_height=&#8221;1.1em&#8221; header_line_height_tablet=&#8221;1.3em&#8221; header_line_height_last_edited=&#8221;on|tablet&#8221; text_font=&#8221;Monika||||||||&#8221;]<\/p>\n<p style=\"text-align: center;\"><span style=\"color: #722e47; font-size: 50px; line-height: 90%;\">Touch of grandeur<\/span><\/p>\n<p>[\/et_pb_text][et_pb_divider _builder_version=&#8221;3.0.98&#8243; background_color=&#8221;#722e47&#8243; height=&#8221;2px&#8221; max_width=&#8221;24%&#8221; module_alignment=&#8221;center&#8221; custom_margin=&#8221;30px||30px|&#8221; \/][et_pb_text admin_label=&#8221;Massage suitable for women&#8221; _builder_version=&#8221;3.0.100&#8243; text_orientation=&#8221;center&#8221; background_layout=&#8221;light&#8221;]<\/p>\n<p style=\"text-align: center;\"><span style=\"color: #722e47; font-size: 16px;\">Massage\u00a0 <span id=\"result_box\" class=\"short_text\" lang=\"en\" tabindex=\"-1\"><span class=\"\">suitable for women<\/span><\/span><\/span><\/p>\n<p>[\/et_pb_text][\/et_pb_column][\/et_pb_row][\/et_pb_section][et_pb_section bb_built=&#8221;1&#8243; fullwidth=&#8221;off&#8221; specialty=&#8221;off&#8221;][et_pb_row][et_pb_column type=&#8221;2_3&#8243;][et_pb_text admin_label=&#8221;What is the Touch of grandeur?&#8221; _builder_version=&#8221;3.0.100&#8243; background_layout=&#8221;light&#8221; custom_margin_tablet=&#8221;|10px||10px&#8221; custom_margin_last_edited=&#8221;on|tablet&#8221; text_font=&#8221;Monika||||||||&#8221; text_font_size=&#8221;45px&#8221;]<\/p>\n<p><span style=\"color: #a33e64;\"><strong>What is the\u00a0Touch of grandeur?<\/strong><\/span><\/p>\n<p>[\/et_pb_text][et_pb_text admin_label=&#8221;A woman needs kind, beautiful, s&#8221; _builder_version=&#8221;3.0.100&#8243; background_layout=&#8221;light&#8221; custom_margin_tablet=&#8221;|10px||10px&#8221; custom_margin_last_edited=&#8221;on|tablet&#8221;]<\/p>\n<p>A woman needs kind, beautiful, sensitive care with a patience to blossom into the Beauty. For this process she needs &#8220;time&#8221; to build her trust, to feel safe. Time, to she, as a closed bud, could gradually grow into an endless beauty, femininity, and natural inner wisdom. Time to shine in full power.<\/p>\n<p><strong>This massage helps you, as a woman:<\/strong><\/p>\n<ul>\n<li>feel more of your body and receiving touches<\/li>\n<li>perceive your intuition and respect yourself<\/li>\n<li>relax into your inner beauty and accept it<\/li>\n<li>brighten up abundance and happiness and reflect this glow into the surroundings of your loved ones<\/li>\n<\/ul>\n<p>[\/et_pb_text][\/et_pb_column][et_pb_column type=&#8221;1_3&#8243;][et_pb_image _builder_version=&#8221;3.0.100&#8243; src=&#8221;https:\/\/abatis.sk\/wp-content\/uploads\/2019\/07\/IMG_20190710_170713_945.jpg&#8221; show_in_lightbox=&#8221;off&#8221; url_new_window=&#8221;off&#8221; use_overlay=&#8221;off&#8221; always_center_on_mobile=&#8221;on&#8221; force_fullwidth=&#8221;off&#8221; show_bottom_space=&#8221;on&#8221; border_radii=&#8221;on|2px|2px|2px|2px&#8221; box_shadow_style=&#8221;preset1&#8243; \/][\/et_pb_column][\/et_pb_row][\/et_pb_section][et_pb_section bb_built=&#8221;1&#8243; fullwidth=&#8221;off&#8221; specialty=&#8221;off&#8221; _builder_version=&#8221;3.0.98&#8243; background_image=&#8221;http:\/\/abatis.sk\/wp-content\/uploads\/2018\/03\/more1.png&#8221;][et_pb_row _builder_version=&#8221;3.0.98&#8243; background_color=&#8221;rgba(255,255,255,0.58)&#8221; custom_padding=&#8221;|35px||35px&#8221;][et_pb_column type=&#8221;4_4&#8243;][et_pb_text admin_label=&#8221;Be yourself filled with inner wisdom.&#8221; _builder_version=&#8221;3.0.100&#8243; background_layout=&#8221;light&#8221; text_font_size=&#8221;18px&#8221; text_line_height=&#8221;1.9em&#8221;]<\/p>\n<p id=\"tw-target-text\" class=\"tw-data-text tw-ta tw-text-small\" dir=\"ltr\" style=\"text-align: center;\" data-placeholder=\"Preklad\"><em><strong><span lang=\"en\" tabindex=\"0\">Be yourself filled with inner wisdom. <\/span><\/strong><\/em><\/p>\n<p class=\"tw-data-text tw-ta tw-text-small\" dir=\"ltr\" style=\"text-align: center;\" data-placeholder=\"Preklad\"><em><strong><span lang=\"en\" tabindex=\"0\">Be a queen.<\/span><\/strong><\/em><\/p>\n<p>[\/et_pb_text][et_pb_divider _builder_version=&#8221;3.0.98&#8243; background_color=&#8221;#ffffff&#8221; height=&#8221;2px&#8221; max_width=&#8221;14%&#8221; module_alignment=&#8221;center&#8221; custom_margin=&#8221;2px||5px|&#8221; \/][\/et_pb_column][\/et_pb_row][\/et_pb_section][et_pb_section bb_built=&#8221;1&#8243; fullwidth=&#8221;off&#8221; specialty=&#8221;off&#8221; _builder_version=&#8221;3.0.98&#8243; background_color=&#8221;#ffffff&#8221; custom_margin=&#8221;0px|||&#8221;][et_pb_row _builder_version=&#8221;3.0.98&#8243; custom_margin=&#8221;||1px|&#8221; custom_padding=&#8221;||1px|&#8221; padding_bottom_1=&#8221;1px&#8221;][et_pb_column type=&#8221;4_4&#8243;][et_pb_text admin_label=&#8221;How it works:&#8221; _builder_version=&#8221;3.0.98&#8243; background_layout=&#8221;light&#8221; text_font_size=&#8221;45px&#8221; header_2_font_size=&#8221;27px&#8221; custom_padding=&#8221;||5px|&#8221; custom_margin=&#8221;||5px|&#8221; text_font=&#8221;Monika||||||||&#8221;]<\/p>\n<p style=\"text-align: left;\"><span style=\"color: #a33e64;\"><strong>How it works:<\/strong><\/span><\/p>\n<p>[\/et_pb_text][\/et_pb_column][\/et_pb_row][et_pb_row _builder_version=&#8221;3.0.98&#8243; custom_margin=&#8221;1px|||&#8221; custom_padding=&#8221;1px|||&#8221; padding_top_1=&#8221;1px&#8221; padding_top_2=&#8221;1px&#8221;][et_pb_column type=&#8221;2_3&#8243;][et_pb_text admin_label=&#8221;The grand massage is a 2,5-hour nourishment from&#8221; _builder_version=&#8221;3.0.100&#8243; background_layout=&#8221;light&#8221; text_font_size=&#8221;15px&#8221; header_2_font_size=&#8221;27px&#8221; text_line_height=&#8221;1.6em&#8221;]<\/p>\n<p style=\"text-align: left;\">The grand massage is a 2,5-hour nourishment from woman for woman. It starts with an initial interview, to tune into the feelings of safety. A woman can choose a massage on the massage table or on the ground on a futon.<br \/>\nDuring the massage, she will experience an initial ritual &#8211; showing respect, sacred washing, 4-element massage and oil massage.<\/p>\n<p style=\"text-align: left;\">The price of the massage is 150 \u20ac, Now with 20% discount: 120 \u20ac.<\/p>\n<p>[\/et_pb_text][\/et_pb_column][et_pb_column type=&#8221;1_3&#8243;][et_pb_text admin_label=&#8221;This incredible experience lasts for about 3-4 hours of your pressured time.&#8221; _builder_version=&#8221;3.0.100&#8243; background_layout=&#8221;light&#8221; text_font_size=&#8221;17px&#8221; header_2_font_size=&#8221;27px&#8221;]<\/p>\n<p style=\"text-align: left;\"><strong>This incredible experience lasts for about 3-4 hours of your pressured time.<\/strong><\/p>\n<p style=\"text-align: left;\"><strong>It is time just for you.<\/strong><\/p>\n<p>[\/et_pb_text][\/et_pb_column][\/et_pb_row][et_pb_row _builder_version=&#8221;3.0.98&#8243; background_color=&#8221;#fae8dc&#8221;][et_pb_column type=&#8221;4_4&#8243;][et_pb_button button_url=&#8221;https:\/\/abatis.sk\/en\/price_list\/&#8221; button_text=&#8221;Price list&#8221; button_alignment=&#8221;center&#8221; background_layout=&#8221;dark&#8221; _builder_version=&#8221;3.0.98&#8243; custom_button=&#8221;on&#8221; button_text_color=&#8221;#ffffff&#8221; button_bg_color=&#8221;#a33e64&#8243; url_new_window=&#8221;off&#8221; button_icon_placement=&#8221;right&#8221; \/][\/et_pb_column][\/et_pb_row][\/et_pb_section][et_pb_section bb_built=&#8221;1&#8243; fullwidth=&#8221;off&#8221; specialty=&#8221;off&#8221; _builder_version=&#8221;3.0.98&#8243; background_color=&#8221;#f9e7db&#8221; custom_margin=&#8221;25px||25px|&#8221; custom_padding=&#8221;25px||25px|&#8221;][et_pb_row _builder_version=&#8221;3.0.98&#8243;][et_pb_column type=&#8221;4_4&#8243;][et_pb_cta admin_label=&#8221;M\u00e1m z\u00e1ujem o mas\u00e1\u017e&#8221; _builder_version=&#8221;3.0.98&#8243; title=&#8221;I am interested in a massage&#8221; button_text=&#8221;Order the massage&#8221; button_url=&#8221;https:\/\/abatis.sk\/en\/contact\/&#8221; url_new_window=&#8221;off&#8221; use_background_color=&#8221;on&#8221; background_layout=&#8221;dark&#8221; custom_button=&#8221;on&#8221; button_icon_placement=&#8221;right&#8221; saved_tabs=&#8221;all&#8221; header_text_color=&#8221;#722e47&#8243; background_color=&#8221;rgba(112,67,107,0)&#8221; body_text_color=&#8221;#722e47&#8243; button_text_color=&#8221;#722e47&#8243; header_line_height=&#8221;1.2em&#8221; body_line_height=&#8221;1.4em&#8221;]<\/p>\n<p style=\"text-align: center; font-color: #722e47;\">Look more&#8230;<\/p>\n<p>[\/et_pb_cta][\/et_pb_column][\/et_pb_row][\/et_pb_section]<\/p>\n","protected":false},"excerpt":{"rendered":"<p>Touch of grandeur Massage\u00a0 suitable for women <div class=\"et_pb_row et_pb_row_0 et_pb_row_empty\">\n\t\t\t\t\n\t\t\t\t\n\t\t\t\t\n\t\t\t\t\n\t\t\t\t\n\t\t\t<\/div> What is the\u00a0Touch of grandeur? A woman needs kind, beautiful, sensitive care with a patience to blossom into the Beauty. For this process she needs &#8220;time&#8221; to build her trust, to feel safe. Time, to she, as a closed bud, could gradually grow into an endless beauty, [&hellip;]<\/p>\n","protected":false},"author":1,"featured_media":0,"parent":0,"menu_order":0,"comment_status":"closed","ping_status":"closed","template":"","meta":{"_et_pb_use_builder":"on","_et_pb_old_content":"","_et_gb_content_width":"","_monsterinsights_skip_tracking":false,"_monsterinsights_sitenote_active":false,"_monsterinsights_sitenote_note":"","_monsterinsights_sitenote_category":0,"footnotes":""},"class_list":["post-2358","page","type-page","status-publish","hentry"],"yoast_head":"<!-- This site is optimized with the Yoast SEO plugin v23.7 - https:\/\/yoast.com\/wordpress\/plugins\/seo\/ -->\n<title>Touch of grandeur - Abatis<\/title>\n<meta name=\"robots\" content=\"index, follow, max-snippet:-1, max-image-preview:large, max-video-preview:-1\" \/>\n<link rel=\"canonical\" href=\"https:\/\/abatis.sk\/en\/touch-of-grandeur\/\" \/>\n<meta property=\"og:locale\" content=\"en_US\" \/>\n<meta property=\"og:type\" content=\"article\" \/>\n<meta property=\"og:title\" content=\"Touch of grandeur - Abatis\" \/>\n<meta property=\"og:description\" content=\"Touch of grandeur Massage\u00a0 suitable for women What is the\u00a0Touch of grandeur? A woman needs kind, beautiful, sensitive care with a patience to blossom into the Beauty. For this process she needs &quot;time&quot; to build her trust, to feel safe. Time, to she, as a closed bud, could gradually grow into an endless beauty, [&hellip;]\" \/>\n<meta property=\"og:url\" content=\"https:\/\/abatis.sk\/en\/touch-of-grandeur\/\" \/>\n<meta property=\"og:site_name\" content=\"Abatis\" \/>\n<meta property=\"article:modified_time\" content=\"2019-07-10T20:57:34+00:00\" \/>\n<meta name=\"twitter:card\" content=\"summary_large_image\" \/>\n<meta name=\"twitter:label1\" content=\"Est. reading time\" \/>\n\t<meta name=\"twitter:data1\" content=\"5 minutes\" \/>\n<script type=\"application\/ld+json\" class=\"yoast-schema-graph\">{\"@context\":\"https:\/\/schema.org\",\"@graph\":[{\"@type\":\"WebPage\",\"@id\":\"https:\/\/abatis.sk\/en\/touch-of-grandeur\/\",\"url\":\"https:\/\/abatis.sk\/en\/touch-of-grandeur\/\",\"name\":\"Touch of grandeur - Abatis\",\"isPartOf\":{\"@id\":\"https:\/\/abatis.sk\/#website\"},\"datePublished\":\"2019-07-10T20:50:45+00:00\",\"dateModified\":\"2019-07-10T20:57:34+00:00\",\"breadcrumb\":{\"@id\":\"https:\/\/abatis.sk\/en\/touch-of-grandeur\/#breadcrumb\"},\"inLanguage\":\"en-US\",\"potentialAction\":[{\"@type\":\"ReadAction\",\"target\":[\"https:\/\/abatis.sk\/en\/touch-of-grandeur\/\"]}]},{\"@type\":\"BreadcrumbList\",\"@id\":\"https:\/\/abatis.sk\/en\/touch-of-grandeur\/#breadcrumb\",\"itemListElement\":[{\"@type\":\"ListItem\",\"position\":1,\"name\":\"Home\",\"item\":\"https:\/\/abatis.sk\/en\/\"},{\"@type\":\"ListItem\",\"position\":2,\"name\":\"Touch of grandeur\"}]},{\"@type\":\"WebSite\",\"@id\":\"https:\/\/abatis.sk\/#website\",\"url\":\"https:\/\/abatis.sk\/\",\"name\":\"Abatis\",\"description\":\"Posv\u00e4tnos\u0165 dotyku\",\"potentialAction\":[{\"@type\":\"SearchAction\",\"target\":{\"@type\":\"EntryPoint\",\"urlTemplate\":\"https:\/\/abatis.sk\/?s={search_term_string}\"},\"query-input\":{\"@type\":\"PropertyValueSpecification\",\"valueRequired\":true,\"valueName\":\"search_term_string\"}}],\"inLanguage\":\"en-US\"}]}<\/script>\n<!-- \/ Yoast SEO plugin. -->","yoast_head_json":{"title":"Touch of grandeur - Abatis","robots":{"index":"index","follow":"follow","max-snippet":"max-snippet:-1","max-image-preview":"max-image-preview:large","max-video-preview":"max-video-preview:-1"},"canonical":"https:\/\/abatis.sk\/en\/touch-of-grandeur\/","og_locale":"en_US","og_type":"article","og_title":"Touch of grandeur - Abatis","og_description":"Touch of grandeur Massage\u00a0 suitable for women What is the\u00a0Touch of grandeur? A woman needs kind, beautiful, sensitive care with a patience to blossom into the Beauty. For this process she needs \"time\" to build her trust, to feel safe. Time, to she, as a closed bud, could gradually grow into an endless beauty, [&hellip;]","og_url":"https:\/\/abatis.sk\/en\/touch-of-grandeur\/","og_site_name":"Abatis","article_modified_time":"2019-07-10T20:57:34+00:00","twitter_card":"summary_large_image","twitter_misc":{"Est. reading time":"5 minutes"},"schema":{"@context":"https:\/\/schema.org","@graph":[{"@type":"WebPage","@id":"https:\/\/abatis.sk\/en\/touch-of-grandeur\/","url":"https:\/\/abatis.sk\/en\/touch-of-grandeur\/","name":"Touch of grandeur - Abatis","isPartOf":{"@id":"https:\/\/abatis.sk\/#website"},"datePublished":"2019-07-10T20:50:45+00:00","dateModified":"2019-07-10T20:57:34+00:00","breadcrumb":{"@id":"https:\/\/abatis.sk\/en\/touch-of-grandeur\/#breadcrumb"},"inLanguage":"en-US","potentialAction":[{"@type":"ReadAction","target":["https:\/\/abatis.sk\/en\/touch-of-grandeur\/"]}]},{"@type":"BreadcrumbList","@id":"https:\/\/abatis.sk\/en\/touch-of-grandeur\/#breadcrumb","itemListElement":[{"@type":"ListItem","position":1,"name":"Home","item":"https:\/\/abatis.sk\/en\/"},{"@type":"ListItem","position":2,"name":"Touch of grandeur"}]},{"@type":"WebSite","@id":"https:\/\/abatis.sk\/#website","url":"https:\/\/abatis.sk\/","name":"Abatis","description":"Posv\u00e4tnos\u0165 dotyku","potentialAction":[{"@type":"SearchAction","target":{"@type":"EntryPoint","urlTemplate":"https:\/\/abatis.sk\/?s={search_term_string}"},"query-input":{"@type":"PropertyValueSpecification","valueRequired":true,"valueName":"search_term_string"}}],"inLanguage":"en-US"}]}},"_links":{"self":[{"href":"https:\/\/abatis.sk\/en\/wp-json\/wp\/v2\/pages\/2358"}],"collection":[{"href":"https:\/\/abatis.sk\/en\/wp-json\/wp\/v2\/pages"}],"about":[{"href":"https:\/\/abatis.sk\/en\/wp-json\/wp\/v2\/types\/page"}],"author":[{"embeddable":true,"href":"https:\/\/abatis.sk\/en\/wp-json\/wp\/v2\/users\/1"}],"replies":[{"embeddable":true,"href":"https:\/\/abatis.sk\/en\/wp-json\/wp\/v2\/comments?post=2358"}],"version-history":[{"count":3,"href":"https:\/\/abatis.sk\/en\/wp-json\/wp\/v2\/pages\/2358\/revisions"}],"predecessor-version":[{"id":2362,"href":"https:\/\/abatis.sk\/en\/wp-json\/wp\/v2\/pages\/2358\/revisions\/2362"}],"wp:attachment":[{"href":"https:\/\/abatis.sk\/en\/wp-json\/wp\/v2\/media?parent=2358"}],"curies":[{"name":"wp","href":"https:\/\/api.w.org\/{rel}","templated":true}]}}