{"id":2317,"date":"2019-05-19T21:44:37","date_gmt":"2019-05-19T19:44:37","guid":{"rendered":"https:\/\/abatis.sk\/?page_id=2317\/"},"modified":"2019-05-19T21:44:37","modified_gmt":"2019-05-19T19:44:37","slug":"scar-treatment","status":"publish","type":"page","link":"https:\/\/abatis.sk\/en\/scar-treatment\/","title":{"rendered":"Scar treatment"},"content":{"rendered":"<p>[et_pb_section bb_built=&#8221;1&#8243; fullwidth=&#8221;off&#8221; specialty=&#8221;off&#8221; _builder_version=&#8221;3.0.98&#8243; background_color=&#8221;#fae8dc&#8221; custom_margin=&#8221;0px|||&#8221;][et_pb_row use_custom_width=&#8221;on&#8221; custom_width_px=&#8221;1808px&#8221; custom_padding=&#8221;40px|40px|40px|40px&#8221; custom_padding_phone=&#8221;30px|30px|30px|30px&#8221; background_color=&#8221;#fae8dc&#8221; custom_padding_last_edited=&#8221;on|phone&#8221; _builder_version=&#8221;3.0.98&#8243;][et_pb_column type=&#8221;4_4&#8243;][et_pb_text admin_label=&#8221;Scar treatment &#8221; _builder_version=&#8221;3.0.100&#8243; text_orientation=&#8221;center&#8221; background_layout=&#8221;light&#8221; text_line_height=&#8221;1.2em&#8221; custom_margin=&#8221;||8px|&#8221; header_font_size=&#8221;28px&#8221; header_font_size_tablet=&#8221;17px&#8221; header_font_size_last_edited=&#8221;on|phone&#8221; text_font_size=&#8221;15px&#8221; text_font_size_tablet=&#8221;11px&#8221; text_font_size_last_edited=&#8221;on|tablet&#8221; header_line_height=&#8221;1.1em&#8221; header_line_height_tablet=&#8221;1.3em&#8221; header_line_height_last_edited=&#8221;on|tablet&#8221; text_font=&#8221;Monika||||||||&#8221;]<\/p>\n<p style=\"text-align: center;\"><span style=\"color: #722e47; font-size: 50px; line-height: 90%;\">Scar treatment of the body and soul<\/span><\/p>\n<p>[\/et_pb_text][et_pb_divider _builder_version=&#8221;3.0.98&#8243; background_color=&#8221;#722e47&#8243; height=&#8221;2px&#8221; max_width=&#8221;24%&#8221; module_alignment=&#8221;center&#8221; custom_margin=&#8221;30px||30px|&#8221; \/][et_pb_text admin_label=&#8221;Massage suitable for men and women&#8221; _builder_version=&#8221;3.0.100&#8243; text_orientation=&#8221;center&#8221; background_layout=&#8221;light&#8221;]<\/p>\n<p style=\"text-align: center;\"><span style=\"color: #722e47; font-size: 16px;\">Treatment\u00a0<span id=\"result_box\" class=\"short_text\" lang=\"en\" tabindex=\"-1\"><span class=\"\">suitable for men, women, children and pensioners too.<\/span><\/span><\/span><\/p>\n<p>[\/et_pb_text][\/et_pb_column][\/et_pb_row][\/et_pb_section][et_pb_section bb_built=&#8221;1&#8243; fullwidth=&#8221;off&#8221; specialty=&#8221;off&#8221;][et_pb_row][et_pb_column type=&#8221;2_3&#8243;][et_pb_text admin_label=&#8221;What is the scar treatment?&#8221; _builder_version=&#8221;3.0.100&#8243; background_layout=&#8221;light&#8221; custom_margin_tablet=&#8221;|10px||10px&#8221; custom_margin_last_edited=&#8221;on|tablet&#8221; text_font=&#8221;Monika||||||||&#8221; text_font_size=&#8221;45px&#8221;]<\/p>\n<p><span style=\"color: #a33e64;\"><strong>What is the scar treatment?<\/strong><\/span><\/p>\n<p>[\/et_pb_text][et_pb_text admin_label=&#8221;Scars on body that come&#8221; _builder_version=&#8221;3.0.100&#8243; background_layout=&#8221;light&#8221; custom_margin_tablet=&#8221;|10px||10px&#8221; custom_margin_last_edited=&#8221;on|tablet&#8221;]<\/p>\n<p>Scars on body that come after surgery or injuries are not only associated with aesthetic beauty. From the outside they don\u00b4t look vere beauitiful, but from inside the scarp creates an energetic knot, through which energy can flow very difficult. The tissue is unnaturally stretched in several layers and is affecting other muscles, or organs in the body. May begin various diseases after time. Therefore it is good to treat scars, for example: massage them yourself or ask a partner.<\/p>\n<p>We often don\u00b4t feel the touching on the scar or every touch is very unpleasant. In the first case was cutting flow of energy and it just need to find other way. In the second case a nerve is sutured to the scar.<\/p>\n<p>If you cannot look at your scars, or if you cannot touch on the spot of scar, you can go to a therapeutic treatment where the therapist takes you through the therapy in a safe way.<\/p>\n<p>Traumatic wound or surgical experiences are often stored in the scar. This emotional trauma is good to get out from the body. A lot of emotional stress stored in our body causes to us many physical or mental health problems. By treating the scars, it is possible to release blocked negative emotions, to energize the body&#8217;s energy, and to greatly change existing mental and physical condition of person.<\/p>\n<p>On the therapy is worked with scar tissue, gradually in various depths so at the end of therapy person can:<\/p>\n<ul>\n<li>accept the scar, doesn\u00b4t have antipathy<\/li>\n<li>touch it, look at it<\/li>\n<li>feel that this part of the body is his or her<\/li>\n<li>with touching feel a pleasant feeling of relaxation or pleasure<\/li>\n<\/ul>\n<p>[\/et_pb_text][\/et_pb_column][et_pb_column type=&#8221;1_3&#8243;][et_pb_image _builder_version=&#8221;3.0.100&#8243; src=&#8221;https:\/\/abatis.sk\/wp-content\/uploads\/2019\/05\/IMG_20190519_113454_545.jpg&#8221; show_in_lightbox=&#8221;off&#8221; url_new_window=&#8221;off&#8221; use_overlay=&#8221;off&#8221; always_center_on_mobile=&#8221;on&#8221; force_fullwidth=&#8221;off&#8221; show_bottom_space=&#8221;on&#8221; \/][\/et_pb_column][\/et_pb_row][\/et_pb_section][et_pb_section bb_built=&#8221;1&#8243; fullwidth=&#8221;off&#8221; specialty=&#8221;off&#8221; _builder_version=&#8221;3.0.98&#8243; background_image=&#8221;http:\/\/abatis.sk\/wp-content\/uploads\/2018\/03\/more1.png&#8221;][et_pb_row _builder_version=&#8221;3.0.98&#8243; background_color=&#8221;rgba(255,255,255,0.58)&#8221; custom_padding=&#8221;|35px||35px&#8221;][et_pb_column type=&#8221;4_4&#8243;][et_pb_text admin_label=&#8221;\u201cAfter healing my scar, t&#8230;&#8221; _builder_version=&#8221;3.0.100&#8243; background_layout=&#8221;light&#8221; text_font_size=&#8221;18px&#8221; text_line_height=&#8221;1.9em&#8221;]<\/p>\n<p style=\"text-align: center;\"><span style=\"color: #333333;\"><em><strong>\u201cAfter healing my scar, this place was more flexible, and mine: D.<br \/>\nSame like if you stroke the baby&#8217;s skin of a little baby. Feeling was restored in that place so much that I felt excitement and enormous joy in a simple touch. \u201d<\/strong><\/em><\/span><\/p>\n<p>[\/et_pb_text][et_pb_divider _builder_version=&#8221;3.0.98&#8243; background_color=&#8221;#ffffff&#8221; height=&#8221;2px&#8221; max_width=&#8221;14%&#8221; module_alignment=&#8221;center&#8221; custom_margin=&#8221;2px||5px|&#8221; \/][\/et_pb_column][\/et_pb_row][\/et_pb_section][et_pb_section bb_built=&#8221;1&#8243; fullwidth=&#8221;off&#8221; specialty=&#8221;off&#8221; _builder_version=&#8221;3.0.98&#8243; background_color=&#8221;#ffffff&#8221; custom_margin=&#8221;0px|||&#8221;][et_pb_row _builder_version=&#8221;3.0.98&#8243; custom_margin=&#8221;||1px|&#8221; custom_padding=&#8221;||1px|&#8221; padding_bottom_1=&#8221;1px&#8221;][et_pb_column type=&#8221;4_4&#8243;][et_pb_text admin_label=&#8221;How it works:&#8221; _builder_version=&#8221;3.0.100&#8243; background_layout=&#8221;light&#8221; text_font_size=&#8221;45px&#8221; header_2_font_size=&#8221;27px&#8221; custom_padding=&#8221;||5px|&#8221; custom_margin=&#8221;||5px|&#8221; text_font=&#8221;Monika||||||||&#8221;]<\/p>\n<p style=\"text-align: left;\"><span style=\"color: #a33e64;\"><strong>How it works:<\/strong><\/span><\/p>\n<p>[\/et_pb_text][\/et_pb_column][\/et_pb_row][et_pb_row _builder_version=&#8221;3.0.98&#8243; custom_margin=&#8221;1px|||&#8221; custom_padding=&#8221;1px|||&#8221; padding_top_1=&#8221;1px&#8221; padding_top_2=&#8221;1px&#8221;][et_pb_column type=&#8221;2_3&#8243;][et_pb_text admin_label=&#8221;The person who is given th&#8221; _builder_version=&#8221;3.0.100&#8243; background_layout=&#8221;light&#8221; text_font_size=&#8221;17px&#8221; header_2_font_size=&#8221;27px&#8221;]<\/p>\n<p>The person who is given therapy is invited to actively cooperate, where he constantly monitors his feelings in the body and communicates with the therapist. The whole therapy is in safety and only by continuous communication it is moving further to the successful end.<\/p>\n<p>Treatment of scars is very suitable for women after caesarean section, for people with operated caecum, after surgery after injury, etc. The therapy may take one to three sessions. A woman or man leaves with instructions on how to take care of this place at home.<\/p>\n<p>[\/et_pb_text][\/et_pb_column][et_pb_column type=&#8221;1_3&#8243;][et_pb_text admin_label=&#8221;Na tento kr\u00e1sny z\u00e1\u017eitok si treba vy\u010dleni\u0165 tak 1,5-2 hodiny \u010dasu&#8230;.&#8221; _builder_version=&#8221;3.0.100&#8243; background_layout=&#8221;light&#8221; text_font_size=&#8221;17px&#8221; header_2_font_size=&#8221;27px&#8221;]<\/p>\n<p><strong>Treatment may take 1-2 hours.<\/strong><\/p>\n<p><strong>Usually one &#8211; maximum three sessions is sufficient.<\/strong><\/p>\n<p>[\/et_pb_text][\/et_pb_column][\/et_pb_row][et_pb_row _builder_version=&#8221;3.0.98&#8243; background_color=&#8221;#fae8dc&#8221;][et_pb_column type=&#8221;4_4&#8243;][et_pb_button button_url=&#8221;https:\/\/abatis.sk\/en\/price_list\/&#8221; button_text=&#8221;Price list&#8221; button_alignment=&#8221;center&#8221; background_layout=&#8221;dark&#8221; _builder_version=&#8221;3.0.98&#8243; custom_button=&#8221;on&#8221; button_text_color=&#8221;#ffffff&#8221; button_bg_color=&#8221;#a33e64&#8243; url_new_window=&#8221;off&#8221; button_icon_placement=&#8221;right&#8221; \/][\/et_pb_column][\/et_pb_row][\/et_pb_section][et_pb_section bb_built=&#8221;1&#8243; fullwidth=&#8221;off&#8221; specialty=&#8221;off&#8221; _builder_version=&#8221;3.0.98&#8243; background_color=&#8221;#f9e7db&#8221; custom_margin=&#8221;25px||25px|&#8221; custom_padding=&#8221;25px||25px|&#8221;][et_pb_row _builder_version=&#8221;3.0.98&#8243;][et_pb_column type=&#8221;4_4&#8243;][et_pb_cta admin_label=&#8221;M\u00e1m z\u00e1ujem o mas\u00e1\u017e&#8221; _builder_version=&#8221;3.0.100&#8243; title=&#8221;I am interested in a treatment&#8221; button_text=&#8221;Order the treatment&#8221; button_url=&#8221;https:\/\/abatis.sk\/en\/contact\/&#8221; url_new_window=&#8221;off&#8221; use_background_color=&#8221;on&#8221; background_layout=&#8221;dark&#8221; custom_button=&#8221;on&#8221; button_icon_placement=&#8221;right&#8221; saved_tabs=&#8221;all&#8221; header_text_color=&#8221;#722e47&#8243; background_color=&#8221;rgba(112,67,107,0)&#8221; body_text_color=&#8221;#722e47&#8243; button_text_color=&#8221;#722e47&#8243; header_line_height=&#8221;1.2em&#8221; body_line_height=&#8221;1.4em&#8221;]<\/p>\n<p style=\"text-align: center; font-color: #722e47;\">Look more&#8230;<\/p>\n<p>[\/et_pb_cta][\/et_pb_column][\/et_pb_row][\/et_pb_section]<\/p>\n","protected":false},"excerpt":{"rendered":"<p>Scar treatment of the body and soul Treatment\u00a0suitable for men, women, children and pensioners too. <div class=\"et_pb_row et_pb_row_0 et_pb_row_empty\">\n\t\t\t\t\n\t\t\t\t\n\t\t\t\t\n\t\t\t\t\n\t\t\t\t\n\t\t\t<\/div> What is the scar treatment? Scars on body that come after surgery or injuries are not only associated with aesthetic beauty. From the outside they don\u00b4t look vere beauitiful, but from inside the scarp creates an energetic knot, through [&hellip;]<\/p>\n","protected":false},"author":1,"featured_media":0,"parent":0,"menu_order":0,"comment_status":"closed","ping_status":"closed","template":"","meta":{"_et_pb_use_builder":"on","_et_pb_old_content":"","_et_gb_content_width":"","_monsterinsights_skip_tracking":false,"_monsterinsights_sitenote_active":false,"_monsterinsights_sitenote_note":"","_monsterinsights_sitenote_category":0,"footnotes":""},"class_list":["post-2317","page","type-page","status-publish","hentry"],"yoast_head":"<!-- This site is optimized with the Yoast SEO plugin v23.7 - https:\/\/yoast.com\/wordpress\/plugins\/seo\/ -->\n<title>Scar treatment - Abatis<\/title>\n<meta name=\"robots\" content=\"index, follow, max-snippet:-1, max-image-preview:large, max-video-preview:-1\" \/>\n<link rel=\"canonical\" href=\"https:\/\/abatis.sk\/en\/scar-treatment\/\" \/>\n<meta property=\"og:locale\" content=\"en_US\" \/>\n<meta property=\"og:type\" content=\"article\" \/>\n<meta property=\"og:title\" content=\"Scar treatment - Abatis\" \/>\n<meta property=\"og:description\" content=\"Scar treatment of the body and soul Treatment\u00a0suitable for men, women, children and pensioners too. What is the scar treatment? Scars on body that come after surgery or injuries are not only associated with aesthetic beauty. From the outside they don\u00b4t look vere beauitiful, but from inside the scarp creates an energetic knot, through [&hellip;]\" \/>\n<meta property=\"og:url\" content=\"https:\/\/abatis.sk\/en\/scar-treatment\/\" \/>\n<meta property=\"og:site_name\" content=\"Abatis\" \/>\n<meta name=\"twitter:card\" content=\"summary_large_image\" \/>\n<meta name=\"twitter:label1\" content=\"Est. reading time\" \/>\n\t<meta name=\"twitter:data1\" content=\"6 minutes\" \/>\n<script type=\"application\/ld+json\" class=\"yoast-schema-graph\">{\"@context\":\"https:\/\/schema.org\",\"@graph\":[{\"@type\":\"WebPage\",\"@id\":\"https:\/\/abatis.sk\/en\/scar-treatment\/\",\"url\":\"https:\/\/abatis.sk\/en\/scar-treatment\/\",\"name\":\"Scar treatment - Abatis\",\"isPartOf\":{\"@id\":\"https:\/\/abatis.sk\/#website\"},\"datePublished\":\"2019-05-19T19:44:37+00:00\",\"dateModified\":\"2019-05-19T19:44:37+00:00\",\"breadcrumb\":{\"@id\":\"https:\/\/abatis.sk\/en\/scar-treatment\/#breadcrumb\"},\"inLanguage\":\"en-US\",\"potentialAction\":[{\"@type\":\"ReadAction\",\"target\":[\"https:\/\/abatis.sk\/en\/scar-treatment\/\"]}]},{\"@type\":\"BreadcrumbList\",\"@id\":\"https:\/\/abatis.sk\/en\/scar-treatment\/#breadcrumb\",\"itemListElement\":[{\"@type\":\"ListItem\",\"position\":1,\"name\":\"Home\",\"item\":\"https:\/\/abatis.sk\/en\/\"},{\"@type\":\"ListItem\",\"position\":2,\"name\":\"Scar treatment\"}]},{\"@type\":\"WebSite\",\"@id\":\"https:\/\/abatis.sk\/#website\",\"url\":\"https:\/\/abatis.sk\/\",\"name\":\"Abatis\",\"description\":\"Posv\u00e4tnos\u0165 dotyku\",\"potentialAction\":[{\"@type\":\"SearchAction\",\"target\":{\"@type\":\"EntryPoint\",\"urlTemplate\":\"https:\/\/abatis.sk\/?s={search_term_string}\"},\"query-input\":{\"@type\":\"PropertyValueSpecification\",\"valueRequired\":true,\"valueName\":\"search_term_string\"}}],\"inLanguage\":\"en-US\"}]}<\/script>\n<!-- \/ Yoast SEO plugin. -->","yoast_head_json":{"title":"Scar treatment - Abatis","robots":{"index":"index","follow":"follow","max-snippet":"max-snippet:-1","max-image-preview":"max-image-preview:large","max-video-preview":"max-video-preview:-1"},"canonical":"https:\/\/abatis.sk\/en\/scar-treatment\/","og_locale":"en_US","og_type":"article","og_title":"Scar treatment - Abatis","og_description":"Scar treatment of the body and soul Treatment\u00a0suitable for men, women, children and pensioners too. What is the scar treatment? Scars on body that come after surgery or injuries are not only associated with aesthetic beauty. From the outside they don\u00b4t look vere beauitiful, but from inside the scarp creates an energetic knot, through [&hellip;]","og_url":"https:\/\/abatis.sk\/en\/scar-treatment\/","og_site_name":"Abatis","twitter_card":"summary_large_image","twitter_misc":{"Est. reading time":"6 minutes"},"schema":{"@context":"https:\/\/schema.org","@graph":[{"@type":"WebPage","@id":"https:\/\/abatis.sk\/en\/scar-treatment\/","url":"https:\/\/abatis.sk\/en\/scar-treatment\/","name":"Scar treatment - Abatis","isPartOf":{"@id":"https:\/\/abatis.sk\/#website"},"datePublished":"2019-05-19T19:44:37+00:00","dateModified":"2019-05-19T19:44:37+00:00","breadcrumb":{"@id":"https:\/\/abatis.sk\/en\/scar-treatment\/#breadcrumb"},"inLanguage":"en-US","potentialAction":[{"@type":"ReadAction","target":["https:\/\/abatis.sk\/en\/scar-treatment\/"]}]},{"@type":"BreadcrumbList","@id":"https:\/\/abatis.sk\/en\/scar-treatment\/#breadcrumb","itemListElement":[{"@type":"ListItem","position":1,"name":"Home","item":"https:\/\/abatis.sk\/en\/"},{"@type":"ListItem","position":2,"name":"Scar treatment"}]},{"@type":"WebSite","@id":"https:\/\/abatis.sk\/#website","url":"https:\/\/abatis.sk\/","name":"Abatis","description":"Posv\u00e4tnos\u0165 dotyku","potentialAction":[{"@type":"SearchAction","target":{"@type":"EntryPoint","urlTemplate":"https:\/\/abatis.sk\/?s={search_term_string}"},"query-input":{"@type":"PropertyValueSpecification","valueRequired":true,"valueName":"search_term_string"}}],"inLanguage":"en-US"}]}},"_links":{"self":[{"href":"https:\/\/abatis.sk\/en\/wp-json\/wp\/v2\/pages\/2317"}],"collection":[{"href":"https:\/\/abatis.sk\/en\/wp-json\/wp\/v2\/pages"}],"about":[{"href":"https:\/\/abatis.sk\/en\/wp-json\/wp\/v2\/types\/page"}],"author":[{"embeddable":true,"href":"https:\/\/abatis.sk\/en\/wp-json\/wp\/v2\/users\/1"}],"replies":[{"embeddable":true,"href":"https:\/\/abatis.sk\/en\/wp-json\/wp\/v2\/comments?post=2317"}],"version-history":[{"count":1,"href":"https:\/\/abatis.sk\/en\/wp-json\/wp\/v2\/pages\/2317\/revisions"}],"predecessor-version":[{"id":2318,"href":"https:\/\/abatis.sk\/en\/wp-json\/wp\/v2\/pages\/2317\/revisions\/2318"}],"wp:attachment":[{"href":"https:\/\/abatis.sk\/en\/wp-json\/wp\/v2\/media?parent=2317"}],"curies":[{"name":"wp","href":"https:\/\/api.w.org\/{rel}","templated":true}]}}