{"id":1693,"date":"2018-04-15T15:27:57","date_gmt":"2018-04-15T13:27:57","guid":{"rendered":"https:\/\/abatis.sk\/?page_id=1693\/"},"modified":"2020-01-07T19:31:14","modified_gmt":"2020-01-07T18:31:14","slug":"intuitive-massage-present-touch","status":"publish","type":"page","link":"https:\/\/abatis.sk\/en\/intuitive-massage-present-touch\/","title":{"rendered":"Intuitive Massage with Present touch"},"content":{"rendered":"<p>[et_pb_section bb_built=&#8221;1&#8243; fullwidth=&#8221;off&#8221; specialty=&#8221;off&#8221; _builder_version=&#8221;3.0.98&#8243; background_color=&#8221;#fae8dc&#8221; custom_margin=&#8221;0px|||&#8221;][et_pb_row use_custom_width=&#8221;on&#8221; custom_width_px=&#8221;1808px&#8221; custom_padding=&#8221;40px|40px|40px|40px&#8221; custom_padding_phone=&#8221;30px|30px|30px|30px&#8221; background_color=&#8221;#fae8dc&#8221; custom_padding_last_edited=&#8221;on|phone&#8221; _builder_version=&#8221;3.0.98&#8243;][et_pb_column type=&#8221;4_4&#8243;][et_pb_text admin_label=&#8221;Intuitive Massage with Sacred touch&#8221; _builder_version=&#8221;3.0.100&#8243; text_orientation=&#8221;center&#8221; background_layout=&#8221;light&#8221; text_line_height=&#8221;1.2em&#8221; custom_margin=&#8221;||8px|&#8221; header_font_size=&#8221;28px&#8221; header_font_size_tablet=&#8221;17px&#8221; header_font_size_last_edited=&#8221;on|phone&#8221; text_font_size=&#8221;15px&#8221; text_font_size_tablet=&#8221;11px&#8221; text_font_size_last_edited=&#8221;on|tablet&#8221; header_line_height=&#8221;1.1em&#8221; header_line_height_tablet=&#8221;1.3em&#8221; header_line_height_last_edited=&#8221;on|tablet&#8221; text_font=&#8221;Monika||||||||&#8221;]<\/p>\n<p style=\"text-align: center;\"><span style=\"color: #722e47; font-size: 50px; line-height: 90%;\">Intuitive Massage with Sacred touch<\/span><\/p>\n<p>[\/et_pb_text][et_pb_divider _builder_version=&#8221;3.0.98&#8243; background_color=&#8221;#722e47&#8243; height=&#8221;2px&#8221; max_width=&#8221;24%&#8221; module_alignment=&#8221;center&#8221; custom_margin=&#8221;30px||30px|&#8221; \/][et_pb_text admin_label=&#8221;Massage suitable for men and women&#8221; _builder_version=&#8221;3.0.100&#8243; text_orientation=&#8221;center&#8221; background_layout=&#8221;light&#8221;]<\/p>\n<p style=\"text-align: center;\"><span style=\"color: #722e47; font-size: 16px;\">Massage\u00a0 <span id=\"result_box\" class=\"short_text\" lang=\"en\" tabindex=\"-1\"><span class=\"\">designed for men and women.<\/span><\/span><\/span><\/p>\n<p>[\/et_pb_text][\/et_pb_column][\/et_pb_row][\/et_pb_section][et_pb_section bb_built=&#8221;1&#8243; fullwidth=&#8221;off&#8221; specialty=&#8221;off&#8221;][et_pb_row][et_pb_column type=&#8221;2_3&#8243;][et_pb_text admin_label=&#8221;What is the Intuitive Massage with Present touch?&#8221; _builder_version=&#8221;3.0.100&#8243; background_layout=&#8221;light&#8221; custom_margin_tablet=&#8221;|10px||10px&#8221; custom_margin_last_edited=&#8221;on|tablet&#8221; text_font=&#8221;Monika||||||||&#8221; text_font_size=&#8221;45px&#8221;]<\/p>\n<p><span style=\"color: #a33e64;\"><strong>What is the Intuitive massage?<\/strong><\/span><\/p>\n<p>[\/et_pb_text][et_pb_text admin_label=&#8221;Fullbody massages with intuitive touch i&#8221; _builder_version=&#8221;3.0.100&#8243; background_layout=&#8221;light&#8221; custom_margin_tablet=&#8221;|10px||10px&#8221; custom_margin_last_edited=&#8221;on|tablet&#8221;]<\/p>\n<p>Fullbody massages with intuitive touch\u00a0in presence is about gentle, sensuous\u00a0 touches that release your tension, stress and self-control from every day.\u00a0 It can stop you in your speed mode and help to return to<strong> yourself,<\/strong> to sense your body, to <strong>listen the needs<\/strong> of your own soul.<\/p>\n<p>The massage is based on tantric massage. It can be for men or women. Massage is guided by sacred sexuality, with energy spilling into the whole body through conscious breathing, working with chakras and aura. The receiver can go to home the younger, cheerful and filled with shining energy.<\/p>\n<p>Human can work with a certain intention if he\/she has a life theme in which he\/she wants to make changes.<\/p>\n<p>&nbsp;<\/p>\n<h4><strong>FOR WOMEN<\/strong><\/h4>\n<p>The sacred massage of femininity as an experience of fulfillment and connection of female power. Massage relaxes, softens, calms the body, nourishes the cells and energizes with joy, abundance, taste to create. I recommend it as a gift of a respect from a man to his wife.<\/p>\n<p><strong>Options:<\/strong><\/p>\n<ul>\n<li><a href=\"https:\/\/abatis.sk\/en\/hara-massage\/\"><strong>Hara massage<\/strong><\/a> &#8211; a full body massage focused mainly\u00a0<span lang=\"en\" tabindex=\"0\">on the belly where the hara is located<\/span><\/li>\n<li><strong><a href=\"https:\/\/abatis.sk\/en\/touch-of-grandeur\/\">Massage of grandeur<\/a><\/strong> &#8211; a massage that will stir every cell and fill it with beauty, joy and happiness<\/li>\n<\/ul>\n<p><em>\u201cEnjoy time for your massage is a gift to yourself. The growth that follows is a quantum leap. Gentle, yet deep with the sight of a wise woman. Thank you Janka for you and your way. \u201cM.<\/em><\/p>\n<div class=\"oSioSc\">\n<div id=\"tw-target\">\n<div id=\"kAz1tf\" class=\"g9WsWb\">\n<div id=\"tw-target-text-container\" class=\"tw-ta-container tw-nfl\">\n<h4><strong>TOUCH TREATMENT<\/strong><\/h4>\n<\/div>\n<\/div>\n<\/div>\n<\/div>\n<p id=\"tw-target-text\" class=\"tw-data-text tw-ta tw-text-small\" dir=\"ltr\" data-placeholder=\"Preklad\"><span lang=\"en\" tabindex=\"0\">If we have had more trauma or childhood injuries or a recent past, you can experience a beautiful treatment that helps to remove our dark scarecrows with a therapeutic massage:<\/span><\/p>\n<ul>\n<li><em><a href=\"https:\/\/www.marianne.cz\/clanek\/vaginal-mapping-znovuzrozeni-vasi-intimity\">vaginal mapping<\/a><\/em><\/li>\n<li><em><a href=\"https:\/\/www.marianne.cz\/clanek\/vaginal-mapping-znovuzrozeni-vasi-intimity\">anal mapping<\/a><\/em><\/li>\n<li>de-armoring<\/li>\n<\/ul>\n<p>[\/et_pb_text][\/et_pb_column][et_pb_column type=&#8221;1_3&#8243;][et_pb_image _builder_version=&#8221;3.0.100&#8243; src=&#8221;https:\/\/abatis.sk\/wp-content\/uploads\/2018\/08\/IMG_20180807_131209_802.jpg&#8221; show_in_lightbox=&#8221;off&#8221; url_new_window=&#8221;off&#8221; use_overlay=&#8221;off&#8221; always_center_on_mobile=&#8221;on&#8221; force_fullwidth=&#8221;off&#8221; show_bottom_space=&#8221;on&#8221; \/][\/et_pb_column][\/et_pb_row][\/et_pb_section][et_pb_section bb_built=&#8221;1&#8243; fullwidth=&#8221;off&#8221; specialty=&#8221;off&#8221; _builder_version=&#8221;3.0.98&#8243; background_image=&#8221;http:\/\/abatis.sk\/wp-content\/uploads\/2018\/03\/more1.png&#8221;][et_pb_row _builder_version=&#8221;3.0.98&#8243; background_color=&#8221;rgba(255,255,255,0.58)&#8221; custom_padding=&#8221;|35px||35px&#8221;][et_pb_column type=&#8221;4_4&#8243;][et_pb_text admin_label=&#8221;With the help of four sacred elements of nature: Water, Wind, &#8230;&#8221; _builder_version=&#8221;3.0.100&#8243; background_layout=&#8221;light&#8221; text_font_size=&#8221;18px&#8221; text_line_height=&#8221;1.9em&#8221;]<\/p>\n<p style=\"text-align: center;\"><span style=\"color: #333333;\"><em><strong>With the help of four sacred elements of nature: Water, Wind, Fire and Earth, the fifth element &#8220;The Spirit in Us&#8221; can grow, develop, imrove &#8230;<\/strong><\/em><\/span><\/p>\n<p>[\/et_pb_text][et_pb_divider _builder_version=&#8221;3.0.98&#8243; background_color=&#8221;#ffffff&#8221; height=&#8221;2px&#8221; max_width=&#8221;14%&#8221; module_alignment=&#8221;center&#8221; custom_margin=&#8221;2px||5px|&#8221; \/][\/et_pb_column][\/et_pb_row][\/et_pb_section][et_pb_section bb_built=&#8221;1&#8243; fullwidth=&#8221;off&#8221; specialty=&#8221;off&#8221; _builder_version=&#8221;3.0.98&#8243; background_color=&#8221;#ffffff&#8221; custom_margin=&#8221;0px|||&#8221;][et_pb_row _builder_version=&#8221;3.0.98&#8243; custom_margin=&#8221;||1px|&#8221; custom_padding=&#8221;||1px|&#8221; padding_bottom_1=&#8221;1px&#8221;][et_pb_column type=&#8221;4_4&#8243;][et_pb_text admin_label=&#8221;How it works:&#8221; _builder_version=&#8221;3.0.100&#8243; background_layout=&#8221;light&#8221; text_font_size=&#8221;45px&#8221; header_2_font_size=&#8221;27px&#8221; custom_padding=&#8221;||5px|&#8221; custom_margin=&#8221;||5px|&#8221; text_font=&#8221;Monika||||||||&#8221;]<\/p>\n<p style=\"text-align: left;\"><span style=\"color: #a33e64;\"><strong>How it works:<\/strong><\/span><\/p>\n<p>[\/et_pb_text][\/et_pb_column][\/et_pb_row][et_pb_row _builder_version=&#8221;3.0.98&#8243; custom_margin=&#8221;1px|||&#8221; custom_padding=&#8221;1px|||&#8221; padding_top_1=&#8221;1px&#8221; padding_top_2=&#8221;1px&#8221;][et_pb_column type=&#8221;2_3&#8243;][et_pb_text admin_label=&#8221;It is advisable to take a shower before the massage&#8221; _builder_version=&#8221;3.0.100&#8243; background_layout=&#8221;light&#8221; text_font_size=&#8221;17px&#8221; header_2_font_size=&#8221;27px&#8221;]<\/p>\n<p style=\"text-align: left;\">It is advisable to take a shower before the massage in order to wash away the stress from the whole day. The shower is available.<br \/>\nAt the beginning, you are offered fresh home-grown herb tea and something small for eating.<br \/>\nMassage can go with many possibilities. It is up to story, which is inside of receiver at that moment. \u00a0 \ud83d\ude42<\/p>\n<p>The result is always different. After the massage, ussualy the person feels more relaxed and full of energy. After harmonising massage, I would love to offer healthy home-made dessert, which replenishes all necessary nutrients for a new beginning. ?<\/p>\n<p>[\/et_pb_text][\/et_pb_column][et_pb_column type=&#8221;1_3&#8243;][et_pb_text admin_label=&#8221;This incredible experience lasts for about 2-4 &#8230;.&#8221; _builder_version=&#8221;3.0.100&#8243; background_layout=&#8221;light&#8221; text_font_size=&#8221;17px&#8221; header_2_font_size=&#8221;27px&#8221;]<\/p>\n<p style=\"text-align: left;\"><strong>This incredible experience lasts for about 2-4 hours of your pressured time.<\/strong><\/p>\n<p style=\"text-align: left;\"><strong>Everything that opens has to be finished, every massage needs its time.<\/strong><\/p>\n<p>[\/et_pb_text][\/et_pb_column][\/et_pb_row][et_pb_row _builder_version=&#8221;3.0.98&#8243; background_color=&#8221;#fae8dc&#8221;][et_pb_column type=&#8221;4_4&#8243;][et_pb_button button_url=&#8221;https:\/\/abatis.sk\/en\/price_list\/&#8221; button_text=&#8221;Price list&#8221; button_alignment=&#8221;center&#8221; background_layout=&#8221;dark&#8221; _builder_version=&#8221;3.0.98&#8243; custom_button=&#8221;on&#8221; button_text_color=&#8221;#ffffff&#8221; button_bg_color=&#8221;#a33e64&#8243; url_new_window=&#8221;off&#8221; button_icon_placement=&#8221;right&#8221; \/][\/et_pb_column][\/et_pb_row][\/et_pb_section][et_pb_section bb_built=&#8221;1&#8243; fullwidth=&#8221;off&#8221; specialty=&#8221;off&#8221; _builder_version=&#8221;3.0.98&#8243; background_color=&#8221;#f9e7db&#8221; custom_margin=&#8221;25px||25px|&#8221; custom_padding=&#8221;25px||25px|&#8221;][et_pb_row _builder_version=&#8221;3.0.98&#8243;][et_pb_column type=&#8221;4_4&#8243;][et_pb_cta admin_label=&#8221;M\u00e1m z\u00e1ujem o mas\u00e1\u017e&#8221; _builder_version=&#8221;3.0.98&#8243; title=&#8221;I am interested in a massage&#8221; button_text=&#8221;Order the massage&#8221; button_url=&#8221;https:\/\/abatis.sk\/en\/contact\/&#8221; url_new_window=&#8221;off&#8221; use_background_color=&#8221;on&#8221; background_layout=&#8221;dark&#8221; custom_button=&#8221;on&#8221; button_icon_placement=&#8221;right&#8221; saved_tabs=&#8221;all&#8221; header_text_color=&#8221;#722e47&#8243; background_color=&#8221;rgba(112,67,107,0)&#8221; body_text_color=&#8221;#722e47&#8243; button_text_color=&#8221;#722e47&#8243; header_line_height=&#8221;1.2em&#8221; body_line_height=&#8221;1.4em&#8221;]<\/p>\n<p style=\"text-align: center; font-color: #722e47;\">Look more&#8230;<\/p>\n<p>[\/et_pb_cta][\/et_pb_column][\/et_pb_row][\/et_pb_section]<\/p>\n","protected":false},"excerpt":{"rendered":"<p>Intuitive Massage with Sacred touch Massage\u00a0 designed for men and women. <div class=\"et_pb_row et_pb_row_0 et_pb_row_empty\">\n\t\t\t\t\n\t\t\t\t\n\t\t\t\t\n\t\t\t\t\n\t\t\t\t\n\t\t\t<\/div> What is the Intuitive massage? Fullbody massages with intuitive touch\u00a0in presence is about gentle, sensuous\u00a0 touches that release your tension, stress and self-control from every day.\u00a0 It can stop you in your speed mode and help to return to yourself, to sense your [&hellip;]<\/p>\n","protected":false},"author":1,"featured_media":0,"parent":0,"menu_order":0,"comment_status":"closed","ping_status":"closed","template":"","meta":{"_et_pb_use_builder":"on","_et_pb_old_content":"","_et_gb_content_width":"","_monsterinsights_skip_tracking":false,"_monsterinsights_sitenote_active":false,"_monsterinsights_sitenote_note":"","_monsterinsights_sitenote_category":0,"footnotes":""},"class_list":["post-1693","page","type-page","status-publish","hentry"],"yoast_head":"<!-- This site is optimized with the Yoast SEO plugin v23.7 - https:\/\/yoast.com\/wordpress\/plugins\/seo\/ -->\n<title>Intuitive Massage with Present touch - Abatis<\/title>\n<meta name=\"robots\" content=\"index, follow, max-snippet:-1, max-image-preview:large, max-video-preview:-1\" \/>\n<link rel=\"canonical\" href=\"https:\/\/abatis.sk\/en\/intuitive-massage-present-touch\/\" \/>\n<meta property=\"og:locale\" content=\"en_US\" \/>\n<meta property=\"og:type\" content=\"article\" \/>\n<meta property=\"og:title\" content=\"Intuitive Massage with Present touch - Abatis\" \/>\n<meta property=\"og:description\" content=\"Intuitive Massage with Sacred touch Massage\u00a0 designed for men and women. What is the Intuitive massage? Fullbody massages with intuitive touch\u00a0in presence is about gentle, sensuous\u00a0 touches that release your tension, stress and self-control from every day.\u00a0 It can stop you in your speed mode and help to return to yourself, to sense your [&hellip;]\" \/>\n<meta property=\"og:url\" content=\"https:\/\/abatis.sk\/en\/intuitive-massage-present-touch\/\" \/>\n<meta property=\"og:site_name\" content=\"Abatis\" \/>\n<meta property=\"article:modified_time\" content=\"2020-01-07T18:31:14+00:00\" \/>\n<meta name=\"twitter:card\" content=\"summary_large_image\" \/>\n<meta name=\"twitter:label1\" content=\"Est. reading time\" \/>\n\t<meta name=\"twitter:data1\" content=\"6 minutes\" \/>\n<script type=\"application\/ld+json\" class=\"yoast-schema-graph\">{\"@context\":\"https:\/\/schema.org\",\"@graph\":[{\"@type\":\"WebPage\",\"@id\":\"https:\/\/abatis.sk\/en\/intuitive-massage-present-touch\/\",\"url\":\"https:\/\/abatis.sk\/en\/intuitive-massage-present-touch\/\",\"name\":\"Intuitive Massage with Present touch - Abatis\",\"isPartOf\":{\"@id\":\"https:\/\/abatis.sk\/#website\"},\"datePublished\":\"2018-04-15T13:27:57+00:00\",\"dateModified\":\"2020-01-07T18:31:14+00:00\",\"breadcrumb\":{\"@id\":\"https:\/\/abatis.sk\/en\/intuitive-massage-present-touch\/#breadcrumb\"},\"inLanguage\":\"en-US\",\"potentialAction\":[{\"@type\":\"ReadAction\",\"target\":[\"https:\/\/abatis.sk\/en\/intuitive-massage-present-touch\/\"]}]},{\"@type\":\"BreadcrumbList\",\"@id\":\"https:\/\/abatis.sk\/en\/intuitive-massage-present-touch\/#breadcrumb\",\"itemListElement\":[{\"@type\":\"ListItem\",\"position\":1,\"name\":\"Home\",\"item\":\"https:\/\/abatis.sk\/en\/\"},{\"@type\":\"ListItem\",\"position\":2,\"name\":\"Intuitive Massage with Present touch\"}]},{\"@type\":\"WebSite\",\"@id\":\"https:\/\/abatis.sk\/#website\",\"url\":\"https:\/\/abatis.sk\/\",\"name\":\"Abatis\",\"description\":\"Posv\u00e4tnos\u0165 dotyku\",\"potentialAction\":[{\"@type\":\"SearchAction\",\"target\":{\"@type\":\"EntryPoint\",\"urlTemplate\":\"https:\/\/abatis.sk\/?s={search_term_string}\"},\"query-input\":{\"@type\":\"PropertyValueSpecification\",\"valueRequired\":true,\"valueName\":\"search_term_string\"}}],\"inLanguage\":\"en-US\"}]}<\/script>\n<!-- \/ Yoast SEO plugin. -->","yoast_head_json":{"title":"Intuitive Massage with Present touch - Abatis","robots":{"index":"index","follow":"follow","max-snippet":"max-snippet:-1","max-image-preview":"max-image-preview:large","max-video-preview":"max-video-preview:-1"},"canonical":"https:\/\/abatis.sk\/en\/intuitive-massage-present-touch\/","og_locale":"en_US","og_type":"article","og_title":"Intuitive Massage with Present touch - Abatis","og_description":"Intuitive Massage with Sacred touch Massage\u00a0 designed for men and women. What is the Intuitive massage? Fullbody massages with intuitive touch\u00a0in presence is about gentle, sensuous\u00a0 touches that release your tension, stress and self-control from every day.\u00a0 It can stop you in your speed mode and help to return to yourself, to sense your [&hellip;]","og_url":"https:\/\/abatis.sk\/en\/intuitive-massage-present-touch\/","og_site_name":"Abatis","article_modified_time":"2020-01-07T18:31:14+00:00","twitter_card":"summary_large_image","twitter_misc":{"Est. reading time":"6 minutes"},"schema":{"@context":"https:\/\/schema.org","@graph":[{"@type":"WebPage","@id":"https:\/\/abatis.sk\/en\/intuitive-massage-present-touch\/","url":"https:\/\/abatis.sk\/en\/intuitive-massage-present-touch\/","name":"Intuitive Massage with Present touch - Abatis","isPartOf":{"@id":"https:\/\/abatis.sk\/#website"},"datePublished":"2018-04-15T13:27:57+00:00","dateModified":"2020-01-07T18:31:14+00:00","breadcrumb":{"@id":"https:\/\/abatis.sk\/en\/intuitive-massage-present-touch\/#breadcrumb"},"inLanguage":"en-US","potentialAction":[{"@type":"ReadAction","target":["https:\/\/abatis.sk\/en\/intuitive-massage-present-touch\/"]}]},{"@type":"BreadcrumbList","@id":"https:\/\/abatis.sk\/en\/intuitive-massage-present-touch\/#breadcrumb","itemListElement":[{"@type":"ListItem","position":1,"name":"Home","item":"https:\/\/abatis.sk\/en\/"},{"@type":"ListItem","position":2,"name":"Intuitive Massage with Present touch"}]},{"@type":"WebSite","@id":"https:\/\/abatis.sk\/#website","url":"https:\/\/abatis.sk\/","name":"Abatis","description":"Posv\u00e4tnos\u0165 dotyku","potentialAction":[{"@type":"SearchAction","target":{"@type":"EntryPoint","urlTemplate":"https:\/\/abatis.sk\/?s={search_term_string}"},"query-input":{"@type":"PropertyValueSpecification","valueRequired":true,"valueName":"search_term_string"}}],"inLanguage":"en-US"}]}},"_links":{"self":[{"href":"https:\/\/abatis.sk\/en\/wp-json\/wp\/v2\/pages\/1693"}],"collection":[{"href":"https:\/\/abatis.sk\/en\/wp-json\/wp\/v2\/pages"}],"about":[{"href":"https:\/\/abatis.sk\/en\/wp-json\/wp\/v2\/types\/page"}],"author":[{"embeddable":true,"href":"https:\/\/abatis.sk\/en\/wp-json\/wp\/v2\/users\/1"}],"replies":[{"embeddable":true,"href":"https:\/\/abatis.sk\/en\/wp-json\/wp\/v2\/comments?post=1693"}],"version-history":[{"count":6,"href":"https:\/\/abatis.sk\/en\/wp-json\/wp\/v2\/pages\/1693\/revisions"}],"predecessor-version":[{"id":2705,"href":"https:\/\/abatis.sk\/en\/wp-json\/wp\/v2\/pages\/1693\/revisions\/2705"}],"wp:attachment":[{"href":"https:\/\/abatis.sk\/en\/wp-json\/wp\/v2\/media?parent=1693"}],"curies":[{"name":"wp","href":"https:\/\/api.w.org\/{rel}","templated":true}]}}