{"id":1441,"date":"2018-02-06T16:07:21","date_gmt":"2018-02-06T15:07:21","guid":{"rendered":"https:\/\/abatis.sk\/o-mne\/"},"modified":"2019-08-07T17:22:38","modified_gmt":"2019-08-07T15:22:38","slug":"about-me","status":"publish","type":"page","link":"https:\/\/abatis.sk\/en\/about-me\/","title":{"rendered":"About me"},"content":{"rendered":"<p>[et_pb_section bb_built=&#8221;1&#8243; fullwidth=&#8221;off&#8221; specialty=&#8221;off&#8221; _builder_version=&#8221;3.0.98&#8243; background_color=&#8221;#fae8dc&#8221; custom_margin=&#8221;0px|||&#8221;][et_pb_row use_custom_width=&#8221;on&#8221; custom_width_px=&#8221;1808px&#8221; custom_padding=&#8221;40px|40px|40px|40px&#8221; custom_padding_phone=&#8221;0px|30px|0px|30px&#8221; background_color=&#8221;#fae8dc&#8221; custom_padding_last_edited=&#8221;on|phone&#8221; _builder_version=&#8221;3.0.98&#8243;][et_pb_column type=&#8221;4_4&#8243;][et_pb_text admin_label=&#8221;About me&#8221; _builder_version=&#8221;3.0.100&#8243; background_layout=&#8221;light&#8221; text_font=&#8221;Monika||||||||&#8221; text_text_color=&#8221;#722e47&#8243;]<\/p>\n<p style=\"text-align: center; font-size: 70px; text-color: #722e47;\">About me<\/p>\n<p>[\/et_pb_text][et_pb_divider _builder_version=&#8221;3.0.98&#8243; background_color=&#8221;#b3726c&#8221; height=&#8221;2px&#8221; max_width=&#8221;21%&#8221; module_alignment=&#8221;center&#8221; custom_margin=&#8221;20px||5px|&#8221; \/][\/et_pb_column][\/et_pb_row][\/et_pb_section][et_pb_section bb_built=&#8221;1&#8243; fullwidth=&#8221;off&#8221; specialty=&#8221;off&#8221;][et_pb_row][et_pb_column type=&#8221;1_2&#8243;][et_pb_text admin_label=&#8221;Who I am&#8221; _builder_version=&#8221;3.0.100&#8243; background_layout=&#8221;light&#8221; custom_margin_tablet=&#8221;|10px||10px&#8221; custom_margin_last_edited=&#8221;on|tablet&#8221; text_font=&#8221;Monika||||||||&#8221;]<\/p>\n<h2><span style=\"color: #a33e64; font-size: 45px;\"><strong>Who I am<\/strong><\/span><\/h2>\n<p>[\/et_pb_text][et_pb_text admin_label=&#8221;I am Abatis. I am a woman, who allows the clients&#8230;&#8221; _builder_version=&#8221;3.0.100&#8243; background_layout=&#8221;light&#8221; custom_margin_tablet=&#8221;|10px||10px&#8221; custom_margin_last_edited=&#8221;on|tablet&#8221;]<\/p>\n<p>I am Abatis. I am a woman, who allows the clients to come back to themselves, to perceive themselves from inside. Who allows the body and soul to relax and fill with new energy in the moments of loving massage touches. Woman, who can give inspiration to people they want to go in their ways, through feeling others in a lively way.<\/p>\n<p>I am Abatis, I am a woman, who in the moments of her professional work, was flowing through healing people to just offer to their energetic body to change something. I am woman, who works with people through the perception, acceptation and interconnection of the techniques I have acquired in seminars in obtaining certificates. All skills improve my own way of work, my unique way and they are manifestation of the creation of intuitive fullbody loving massages.<\/p>\n<p>I provide for my clients a safe space for open conversations and sharing in a beautifully living and cozy room, before and after a massage. Wishing and gratitude also include to life, so I like to offer my clients healthy vegan delicacies that I prepare with love for myself and for loved ones.<\/p>\n<p>[\/et_pb_text][\/et_pb_column][et_pb_column type=&#8221;1_2&#8243;][et_pb_image _builder_version=&#8221;3.0.98&#8243; src=&#8221;http:\/\/abatis.sk\/wp-content\/uploads\/2018\/03\/janka.jpg&#8221; show_in_lightbox=&#8221;off&#8221; url_new_window=&#8221;off&#8221; use_overlay=&#8221;off&#8221; always_center_on_mobile=&#8221;on&#8221; force_fullwidth=&#8221;off&#8221; show_bottom_space=&#8221;on&#8221; \/][\/et_pb_column][\/et_pb_row][\/et_pb_section][et_pb_section bb_built=&#8221;1&#8243; fullwidth=&#8221;off&#8221; specialty=&#8221;off&#8221; _builder_version=&#8221;3.0.98&#8243; background_color=&#8221;#fae8dc&#8221;][et_pb_row][et_pb_column type=&#8221;4_4&#8243;][et_pb_text admin_label=&#8221;Som \u017eena MILOVAN\u00c1. Som \u017eena miluj\u00faca seba, &#8230;&#8221; _builder_version=&#8221;3.0.100&#8243; background_layout=&#8221;light&#8221; text_font_size=&#8221;25px&#8221; text_line_height=&#8221;1.9em&#8221; text_font=&#8221;Dancing Script||||||||&#8221;]<\/p>\n<p style=\"text-align: center;\"><strong><span style=\"color: #722e47;\"><span id=\"result_box\" class=\"\" lang=\"en\"><span class=\"\">I am a woman LOVED.<\/span> <span class=\"\">I am a woman loving myself, I am a woman loving her husband, I am a woman loving her child, I am a woman loving a life.<\/span> I&#8217;m a living woman.<br \/>\n<span class=\"\">I&#8217;m a WOMAN<\/span><\/span>.<\/span><\/strong><\/p>\n<p>[\/et_pb_text][\/et_pb_column][\/et_pb_row][\/et_pb_section][et_pb_section bb_built=&#8221;1&#8243; fullwidth=&#8221;off&#8221; specialty=&#8221;off&#8221; _builder_version=&#8221;3.0.98&#8243; background_color=&#8221;#ffffff&#8221;][et_pb_row _builder_version=&#8221;3.0.98&#8243; custom_margin=&#8221;||1px|&#8221; custom_padding=&#8221;||1px|&#8221; padding_bottom_1=&#8221;1px&#8221;][et_pb_column type=&#8221;4_4&#8243;][et_pb_text admin_label=&#8221;M\u00f4j pr\u00edbeh:&#8221; _builder_version=&#8221;3.0.100&#8243; background_layout=&#8221;light&#8221; text_font_size=&#8221;17px&#8221; header_2_font_size=&#8221;27px&#8221; custom_padding=&#8221;||5px|&#8221; custom_margin=&#8221;||5px|&#8221; text_font=&#8221;Monika||||||||&#8221;]<\/p>\n<h2 style=\"text-align: center;\"><span style=\"color: #a33e64; font-size: 45px;\"><strong>My story:<\/strong><\/span><\/h2>\n<p>[\/et_pb_text][et_pb_text admin_label=&#8221;From birth I was different. All experience, I experienced, were very intense in my body&#8230;.&#8221; _builder_version=&#8221;3.0.100&#8243; background_layout=&#8221;light&#8221; text_font_size=&#8221;15px&#8221; header_2_font_size=&#8221;27px&#8221;]<\/p>\n<p style=\"text-align: center;\">From birth I was different. All experience, I experienced, were very intense in my body. I did not understand why people were fighting, but I started doing it too. I believed in thrue love and I was constantly searching it. I experienced my emotions with such intensity that sometimes I did not get a one word from myself, althought it was an intense survival. I felt so vulnerable, and misunderstood, that I was gradually hiding unwanted survival during the life. Later on, the negative aspects of my personality were showing up, because everything in myself was like in a pressure pot and sometimes it exploded very much. I had tighten the body with social standards &#8211; You can not do this. You have to do it this way! You are naive&#8230; A passionate young woman began to become a tumultuous furore, anxious, tired of life &#8230; health went down. I felt that life was not about this. My son started to have trouble digesting, I got 20kg,it was 2 times cancer in the family, and I said: Enough!.<br \/>\nI immediately started to change the diet for myself and for the whole family, which started my transformation. About a year later, one person who designed a house for us, had a seminar invitation that made a huge difference in my life. That&#8217;s where I put down my coat, and I discovered my gifts again. I began to smile at the world again and went deeper into knowledge of myself. When I slowly came to see who I am, what I do here and what I really want in life, the whole world has changed my reality. I have separated from my husband in the profound healing of our painful injuries but with great respect for both. Now we can look into our eyes and talk in peace. I lost weight. The relationship with my son has improved. My power grew and exhaustion diminished.In a close friendship, I found the deep unconditional love of two souls who taught me to live without possession and dependence on a relationship and helped me to abandon a lot of fear, inner patterns and beliefs over three years. I have been deeply healing all my bodies during these transformation years, and through mistakes in everyday situations I have consciously learned to change my inner life. Until I got to the point where I don\u00b4t learn through suffering, but I grow through pleasure. And the time has come, and I met a conscious man with whom we are now creating a space of love.<\/p>\n<p style=\"text-align: center;\">I first recognized the charm of the massage as just fun, but later I understund that I feel people inside of me. Those, who want to open themselves are treated by themselves. Those who don\u00b4t want, will experience a massage full of harmony and peace in the touch.<\/p>\n<p style=\"text-align: center;\">I make mistakes like others, but I like them. I have many fears, but I go to my fears, because I know that only at the greatest depth there is a huge transformation.\u00a0As they say, man bounces off the bottom. I like to pass on my experience to people in concrete examples and I am glad to move forward on both sides.<\/p>\n<p style=\"text-align: center;\"><em><strong>\u201e<span id=\"result_box\" class=\"\" lang=\"en\"><span class=\"\">I&#8217;m glad to learn to live in the love and in the present, which gives me a completely different view of this world<\/span><\/span>&#8220;.<\/strong><\/em><\/p>\n<p>[\/et_pb_text][et_pb_divider _builder_version=&#8221;3.0.98&#8243; background_color=&#8221;#722e47&#8243; height=&#8221;2px&#8221; max_width=&#8221;15%&#8221; custom_margin=&#8221;35px||35px|&#8221; module_alignment=&#8221;center&#8221; \/][et_pb_text admin_label=&#8221;\u201ePresent touch is the focus, where attention is, there the energy flows, where the energy flows, there is a Life..\u201c&#8230;&#8221; _builder_version=&#8221;3.0.100&#8243; background_layout=&#8221;light&#8221; text_font=&#8221;Dancing Script||||||||&#8221; custom_padding=&#8221;||30px|&#8221; text_text_color=&#8221;#722e47&#8243; text_line_height=&#8221;1.8em&#8221;]<\/p>\n<p style=\"text-align: center; font-size: 30px;\"><em>\u201ePresent touch is the focus, where attention is, there the energy flows, where the energy flows, there is a Life.\u201c<\/em><\/p>\n<p>[\/et_pb_text][et_pb_divider _builder_version=&#8221;3.0.98&#8243; height=&#8221;17px&#8221; \/][\/et_pb_column][\/et_pb_row][et_pb_row _builder_version=&#8221;3.0.98&#8243; background_color=&#8221;#f9e7db&#8221; module_alignment=&#8221;center&#8221; custom_padding=&#8221;|80px||80px&#8221; custom_padding_tablet=&#8221;|20px||20px&#8221; custom_padding_last_edited=&#8221;on|tablet&#8221;][et_pb_column type=&#8221;4_4&#8243;][et_pb_text admin_label=&#8221;\u010co o mne nap\u00edsali&#8230;&#8221; _builder_version=&#8221;3.0.100&#8243; background_layout=&#8221;light&#8221; text_orientation=&#8221;center&#8221;]<\/p>\n<p style=\"text-align: center;\"><span style=\"color: #722e47;\"><strong><em>What somebody wrote about me&#8230;<\/em><\/strong><\/span><\/p>\n<p style=\"text-align: center;\"><span style=\"color: #722e47;\"><em>&#8220;To je ona&#8230; T\u00e1, ktor\u00fa l\u00e1ska a srdce ved\u00fa jej poslan\u00edm. T\u00e1, ktor\u00e1 v\u00e1m dopraje po mas\u00e1\u017ei v pokoji pri zdie\u013ean\u00ed slastn\u00e9 a v\u00fd\u017eivn\u00e9 pokrmy spolu s vo\u0148av\u00fdm \u010dajom.&#8221;<\/em><\/span><\/p>\n<p>[\/et_pb_text][\/et_pb_column][\/et_pb_row][\/et_pb_section][et_pb_section bb_built=&#8221;1&#8243; fullwidth=&#8221;off&#8221; specialty=&#8221;off&#8221; _builder_version=&#8221;3.0.98&#8243; custom_margin=&#8221;25px||25px|&#8221; custom_padding=&#8221;25px||25px|&#8221;][et_pb_row _builder_version=&#8221;3.0.98&#8243; background_color=&#8221;#722e47&#8243;][et_pb_column type=&#8221;4_4&#8243;][et_pb_cta admin_label=&#8221;M\u00e1m z\u00e1ujem o mas\u00e1\u017e&#8221; _builder_version=&#8221;3.0.100&#8243; title=&#8221;I am interested aboutmassage&#8221; button_text=&#8221;massages&#8221; button_url=&#8221;https:\/\/abatis.sk\/en\/massages\/&#8221; url_new_window=&#8221;off&#8221; use_background_color=&#8221;on&#8221; background_layout=&#8221;dark&#8221; custom_button=&#8221;on&#8221; button_icon_placement=&#8221;right&#8221; saved_tabs=&#8221;all&#8221; header_text_color=&#8221;#ffffff&#8221; background_color=&#8221;rgba(112,67,107,0)&#8221; body_text_color=&#8221;#ffffff&#8221; button_text_color=&#8221;#ffffff&#8221; header_line_height=&#8221;1.2em&#8221; body_line_height=&#8221;1.4em&#8221;]<\/p>\n<p style=\"text-align: center; font-color: #722e47;\"><span style=\"color: #ffffff;\">Pozrite si viac&#8230;<\/span><\/p>\n<p>[\/et_pb_cta][\/et_pb_column][\/et_pb_row][\/et_pb_section]<\/p>\n","protected":false},"excerpt":{"rendered":"<p>About me <div class=\"et_pb_row et_pb_row_0 et_pb_row_empty\">\n\t\t\t\t\n\t\t\t\t\n\t\t\t\t\n\t\t\t\t\n\t\t\t\t\n\t\t\t<\/div> Who I am I am Abatis. I am a woman, who allows the clients to come back to themselves, to perceive themselves from inside. Who allows the body and soul to relax and fill with new energy in the moments of loving massage touches. Woman, who can give inspiration to people they [&hellip;]<\/p>\n","protected":false},"author":1,"featured_media":0,"parent":0,"menu_order":0,"comment_status":"closed","ping_status":"closed","template":"","meta":{"_et_pb_use_builder":"on","_et_pb_old_content":"","_et_gb_content_width":"","_monsterinsights_skip_tracking":false,"_monsterinsights_sitenote_active":false,"_monsterinsights_sitenote_note":"","_monsterinsights_sitenote_category":0,"footnotes":""},"class_list":["post-1441","page","type-page","status-publish","hentry"],"yoast_head":"<!-- This site is optimized with the Yoast SEO plugin v23.7 - https:\/\/yoast.com\/wordpress\/plugins\/seo\/ -->\n<title>About me - Abatis<\/title>\n<meta name=\"robots\" content=\"index, follow, max-snippet:-1, max-image-preview:large, max-video-preview:-1\" \/>\n<link rel=\"canonical\" href=\"https:\/\/abatis.sk\/en\/about-me\/\" \/>\n<meta property=\"og:locale\" content=\"en_US\" \/>\n<meta property=\"og:type\" content=\"article\" \/>\n<meta property=\"og:title\" content=\"About me - Abatis\" \/>\n<meta property=\"og:description\" content=\"About me Who I am I am Abatis. I am a woman, who allows the clients to come back to themselves, to perceive themselves from inside. Who allows the body and soul to relax and fill with new energy in the moments of loving massage touches. Woman, who can give inspiration to people they [&hellip;]\" \/>\n<meta property=\"og:url\" content=\"https:\/\/abatis.sk\/en\/about-me\/\" \/>\n<meta property=\"og:site_name\" content=\"Abatis\" \/>\n<meta property=\"article:modified_time\" content=\"2019-08-07T15:22:38+00:00\" \/>\n<meta name=\"twitter:card\" content=\"summary_large_image\" \/>\n<meta name=\"twitter:label1\" content=\"Est. reading time\" \/>\n\t<meta name=\"twitter:data1\" content=\"8 minutes\" \/>\n<script type=\"application\/ld+json\" class=\"yoast-schema-graph\">{\"@context\":\"https:\/\/schema.org\",\"@graph\":[{\"@type\":\"WebPage\",\"@id\":\"https:\/\/abatis.sk\/en\/about-me\/\",\"url\":\"https:\/\/abatis.sk\/en\/about-me\/\",\"name\":\"About me - Abatis\",\"isPartOf\":{\"@id\":\"https:\/\/abatis.sk\/#website\"},\"datePublished\":\"2018-02-06T15:07:21+00:00\",\"dateModified\":\"2019-08-07T15:22:38+00:00\",\"breadcrumb\":{\"@id\":\"https:\/\/abatis.sk\/en\/about-me\/#breadcrumb\"},\"inLanguage\":\"en-US\",\"potentialAction\":[{\"@type\":\"ReadAction\",\"target\":[\"https:\/\/abatis.sk\/en\/about-me\/\"]}]},{\"@type\":\"BreadcrumbList\",\"@id\":\"https:\/\/abatis.sk\/en\/about-me\/#breadcrumb\",\"itemListElement\":[{\"@type\":\"ListItem\",\"position\":1,\"name\":\"Home\",\"item\":\"https:\/\/abatis.sk\/en\/\"},{\"@type\":\"ListItem\",\"position\":2,\"name\":\"About me\"}]},{\"@type\":\"WebSite\",\"@id\":\"https:\/\/abatis.sk\/#website\",\"url\":\"https:\/\/abatis.sk\/\",\"name\":\"Abatis\",\"description\":\"Posv\u00e4tnos\u0165 dotyku\",\"potentialAction\":[{\"@type\":\"SearchAction\",\"target\":{\"@type\":\"EntryPoint\",\"urlTemplate\":\"https:\/\/abatis.sk\/?s={search_term_string}\"},\"query-input\":{\"@type\":\"PropertyValueSpecification\",\"valueRequired\":true,\"valueName\":\"search_term_string\"}}],\"inLanguage\":\"en-US\"}]}<\/script>\n<!-- \/ Yoast SEO plugin. -->","yoast_head_json":{"title":"About me - Abatis","robots":{"index":"index","follow":"follow","max-snippet":"max-snippet:-1","max-image-preview":"max-image-preview:large","max-video-preview":"max-video-preview:-1"},"canonical":"https:\/\/abatis.sk\/en\/about-me\/","og_locale":"en_US","og_type":"article","og_title":"About me - Abatis","og_description":"About me Who I am I am Abatis. I am a woman, who allows the clients to come back to themselves, to perceive themselves from inside. Who allows the body and soul to relax and fill with new energy in the moments of loving massage touches. Woman, who can give inspiration to people they [&hellip;]","og_url":"https:\/\/abatis.sk\/en\/about-me\/","og_site_name":"Abatis","article_modified_time":"2019-08-07T15:22:38+00:00","twitter_card":"summary_large_image","twitter_misc":{"Est. reading time":"8 minutes"},"schema":{"@context":"https:\/\/schema.org","@graph":[{"@type":"WebPage","@id":"https:\/\/abatis.sk\/en\/about-me\/","url":"https:\/\/abatis.sk\/en\/about-me\/","name":"About me - Abatis","isPartOf":{"@id":"https:\/\/abatis.sk\/#website"},"datePublished":"2018-02-06T15:07:21+00:00","dateModified":"2019-08-07T15:22:38+00:00","breadcrumb":{"@id":"https:\/\/abatis.sk\/en\/about-me\/#breadcrumb"},"inLanguage":"en-US","potentialAction":[{"@type":"ReadAction","target":["https:\/\/abatis.sk\/en\/about-me\/"]}]},{"@type":"BreadcrumbList","@id":"https:\/\/abatis.sk\/en\/about-me\/#breadcrumb","itemListElement":[{"@type":"ListItem","position":1,"name":"Home","item":"https:\/\/abatis.sk\/en\/"},{"@type":"ListItem","position":2,"name":"About me"}]},{"@type":"WebSite","@id":"https:\/\/abatis.sk\/#website","url":"https:\/\/abatis.sk\/","name":"Abatis","description":"Posv\u00e4tnos\u0165 dotyku","potentialAction":[{"@type":"SearchAction","target":{"@type":"EntryPoint","urlTemplate":"https:\/\/abatis.sk\/?s={search_term_string}"},"query-input":{"@type":"PropertyValueSpecification","valueRequired":true,"valueName":"search_term_string"}}],"inLanguage":"en-US"}]}},"_links":{"self":[{"href":"https:\/\/abatis.sk\/en\/wp-json\/wp\/v2\/pages\/1441"}],"collection":[{"href":"https:\/\/abatis.sk\/en\/wp-json\/wp\/v2\/pages"}],"about":[{"href":"https:\/\/abatis.sk\/en\/wp-json\/wp\/v2\/types\/page"}],"author":[{"embeddable":true,"href":"https:\/\/abatis.sk\/en\/wp-json\/wp\/v2\/users\/1"}],"replies":[{"embeddable":true,"href":"https:\/\/abatis.sk\/en\/wp-json\/wp\/v2\/comments?post=1441"}],"version-history":[{"count":6,"href":"https:\/\/abatis.sk\/en\/wp-json\/wp\/v2\/pages\/1441\/revisions"}],"predecessor-version":[{"id":2402,"href":"https:\/\/abatis.sk\/en\/wp-json\/wp\/v2\/pages\/1441\/revisions\/2402"}],"wp:attachment":[{"href":"https:\/\/abatis.sk\/en\/wp-json\/wp\/v2\/media?parent=1441"}],"curies":[{"name":"wp","href":"https:\/\/api.w.org\/{rel}","templated":true}]}}