{"id":1439,"date":"2018-03-30T17:11:36","date_gmt":"2018-03-30T15:11:36","guid":{"rendered":"https:\/\/abatis.sk\/seminare-k-masazam-stretnutia\/"},"modified":"2019-05-19T22:02:28","modified_gmt":"2019-05-19T20:02:28","slug":"seminars-intuitive-touch-and-circles","status":"publish","type":"page","link":"https:\/\/abatis.sk\/en\/seminars-intuitive-touch-and-circles\/","title":{"rendered":"Seminars: Intuitive touch and Circles"},"content":{"rendered":"<p>[et_pb_section bb_built=&#8221;1&#8243; fullwidth=&#8221;off&#8221; specialty=&#8221;off&#8221; _builder_version=&#8221;3.0.98&#8243; background_color=&#8221;#fae8dc&#8221; custom_margin=&#8221;0px|||&#8221;][et_pb_row use_custom_width=&#8221;on&#8221; custom_width_px=&#8221;1808px&#8221; custom_padding=&#8221;40px|40px|40px|40px&#8221; custom_padding_phone=&#8221;30px|30px|30px|30px&#8221; background_color=&#8221;#fae8dc&#8221; custom_padding_last_edited=&#8221;on|phone&#8221; _builder_version=&#8221;3.0.98&#8243; background_position=&#8221;top_left&#8221; background_repeat=&#8221;repeat&#8221; background_size=&#8221;initial&#8221;][et_pb_column type=&#8221;4_4&#8243;][et_pb_text admin_label=&#8221;Seminars: Intuitive touch and Circles&#8221; _builder_version=&#8221;3.0.100&#8243; text_orientation=&#8221;center&#8221; background_layout=&#8221;light&#8221; text_line_height=&#8221;1.2em&#8221; custom_margin=&#8221;||8px|&#8221; header_font_size=&#8221;28px&#8221; header_font_size_tablet=&#8221;17px&#8221; header_font_size_last_edited=&#8221;on|phone&#8221; text_font_size=&#8221;15px&#8221; text_font_size_tablet=&#8221;11px&#8221; text_font_size_last_edited=&#8221;on|tablet&#8221; header_line_height=&#8221;1.1em&#8221; header_line_height_tablet=&#8221;1.3em&#8221; header_line_height_last_edited=&#8221;on|tablet&#8221; text_font=&#8221;Monika||||||||&#8221;]<\/p>\n<p style=\"text-align: center;\"><span style=\"color: #722e47; font-size: 50px; line-height: 90%;\">Therapy and Seminars<\/span><\/p>\n<p>[\/et_pb_text][et_pb_divider _builder_version=&#8221;3.0.98&#8243; background_color=&#8221;#722e47&#8243; height=&#8221;2px&#8221; max_width=&#8221;24%&#8221; module_alignment=&#8221;center&#8221; custom_margin=&#8221;30px||30px|&#8221; \/][et_pb_text admin_label=&#8221;vn\u00fatorn\u00e1, hlb\u0161ia pr\u00e1ca na sebe alebo na vz\u0165ahoch&#8221; _builder_version=&#8221;3.0.100&#8243; text_orientation=&#8221;center&#8221; background_layout=&#8221;light&#8221;]<\/p>\n<p style=\"text-align: center;\"><span class=\"tlid-translation translation\" lang=\"en\"><span class=\"\" title=\"\">deeper work on yourself or on relationships<\/span><\/span><\/p>\n<p>[\/et_pb_text][\/et_pb_column][\/et_pb_row][\/et_pb_section][et_pb_section bb_built=&#8221;1&#8243; fullwidth=&#8221;off&#8221; specialty=&#8221;off&#8221;][et_pb_row][et_pb_column type=&#8221;2_3&#8243;][et_pb_text admin_label=&#8221;Therapy&#8221; _builder_version=&#8221;3.0.100&#8243; background_layout=&#8221;light&#8221; custom_margin_tablet=&#8221;|10px||10px&#8221; custom_margin_last_edited=&#8221;on|tablet&#8221; text_font=&#8221;Monika||||||||&#8221; text_font_size=&#8221;45px&#8221;]<\/p>\n<p><span style=\"color: #a33e64;\">Therapy<\/span><\/p>\n<p>[\/et_pb_text][et_pb_text admin_label=&#8221;Si prebuden\u00e1 \u017eena a m\u00e1\u0161 ved\u013ea seba mu\u017ea, ktor\u00fd ti nerozumie? &#8221; _builder_version=&#8221;3.0.100&#8243; background_layout=&#8221;light&#8221; custom_margin_tablet=&#8221;|10px||10px&#8221; custom_margin_last_edited=&#8221;on|tablet&#8221;]<\/p>\n<p>In therapies, I use different therapeutic tools to guide a person. I work as a guide when person is confused and unable to move on in her own life.<\/p>\n<p>Types of therapeutic action:<\/p>\n<ul>\n<li><a href=\"http:\/\/www.abatis.sk\/en\/scar-treatment\/\">scar treatment<\/a><\/li>\n<li>therapeutic massage<\/li>\n<li>bodywork<\/li>\n<li>body poetry<\/li>\n<li>dearmoring<\/li>\n<li>anal mapping<\/li>\n<li>vaginal mapping<\/li>\n<\/ul>\n<p>If interested, you can contact me by phone or mail. I look forward to seeing you.<\/p>\n<p>With respect and love in the heart<br \/>\nAbatis<\/p>\n<p>[\/et_pb_text][\/et_pb_column][et_pb_column type=&#8221;1_3&#8243;][et_pb_image _builder_version=&#8221;3.0.100&#8243; src=&#8221;https:\/\/abatis.sk\/wp-content\/uploads\/2019\/05\/IMG_20190519_113454_545.jpg&#8221; show_in_lightbox=&#8221;off&#8221; url_new_window=&#8221;off&#8221; use_overlay=&#8221;off&#8221; always_center_on_mobile=&#8221;on&#8221; force_fullwidth=&#8221;off&#8221; show_bottom_space=&#8221;on&#8221; \/][\/et_pb_column][\/et_pb_row][et_pb_row _builder_version=&#8221;3.0.98&#8243; background_color=&#8221;#fae8dc&#8221;][et_pb_column type=&#8221;4_4&#8243;][et_pb_text admin_label=&#8221;Ak \u0165a to zaujalo, pr\u00ed\u010f. \ud83d\ude09 Prihl\u00e1si\u0165 sa m\u00f4\u017eete na e-maili: massagesabatis@gmail.com alebo telefonicky na +421903933992&#8243; _builder_version=&#8221;3.0.100&#8243; background_layout=&#8221;light&#8221; text_text_color=&#8221;#666666&#8243;]<\/p>\n<p style=\"text-align: center;\">If you&#8217;re interested, come.;)<\/p>\n<p style=\"text-align: center;\">More information on event e-mail:\u00a0<a href=\"mailto:massagesabatis@gmail.com\">massagesabatis@gmail.com<\/a>\u00a0or no.\u00a0+421903933992<\/p>\n<p>[\/et_pb_text][\/et_pb_column][\/et_pb_row][\/et_pb_section][et_pb_section bb_built=&#8221;1&#8243; fullwidth=&#8221;off&#8221; specialty=&#8221;off&#8221;][et_pb_row][et_pb_column type=&#8221;2_3&#8243;][et_pb_text admin_label=&#8221;Touch of partners in presence&#8221; _builder_version=&#8221;3.0.100&#8243; background_layout=&#8221;light&#8221; custom_margin_tablet=&#8221;|10px||10px&#8221; custom_margin_last_edited=&#8221;on|tablet&#8221; text_font=&#8221;Monika||||||||&#8221; text_font_size=&#8221;45px&#8221; text_line_height_tablet=&#8221;1.5em&#8221; text_line_height_last_edited=&#8221;on|tablet&#8221;]<\/p>\n<p><span style=\"color: #a33e64;\">Touch of partners in presence<\/span><\/p>\n<p>[\/et_pb_text][et_pb_text admin_label=&#8221;You are partners and your life loses&#8230;&#8221; _builder_version=&#8221;3.0.100&#8243; background_layout=&#8221;light&#8221; custom_margin_tablet=&#8221;|10px||10px&#8221; custom_margin_last_edited=&#8221;on|tablet&#8221;]<\/p>\n<p>You are partners and your life loses the spark, or you want to bring something new, deeper into your beautiful relationship? I offer you the opportunity to learn how to simply work with touches and thus bring a deeper sense to your partner about your love.<br \/>\nI would like to guide you through the evening, where you will talk a little and train a lot. This is an intuitive touch of two people in full presence. You will know the depth of the present touch, even the body of a human is shrouded in clothing.<\/p>\n<p>The price of this 3-hour sitting is cost 125 \u20ac for you both. This work on yourself can charge your energy and brings the spark to your relationship.<\/p>\n<p>[\/et_pb_text][\/et_pb_column][et_pb_column type=&#8221;1_3&#8243;][et_pb_image _builder_version=&#8221;3.0.100&#8243; src=&#8221;https:\/\/abatis.sk\/wp-content\/uploads\/2018\/04\/IMG_20180318_162856.jpg&#8221; show_in_lightbox=&#8221;off&#8221; url_new_window=&#8221;off&#8221; use_overlay=&#8221;off&#8221; always_center_on_mobile=&#8221;on&#8221; force_fullwidth=&#8221;off&#8221; show_bottom_space=&#8221;on&#8221; \/][\/et_pb_column][\/et_pb_row][et_pb_row _builder_version=&#8221;3.0.98&#8243; background_color=&#8221;#fae8dc&#8221;][et_pb_column type=&#8221;4_4&#8243;][et_pb_text admin_label=&#8221;Ak \u0165a to zaujalo, pr\u00ed\u010f. \ud83d\ude09 Prihl\u00e1si\u0165 sa m\u00f4\u017eete na e-maili: massagesabatis@gmail.com alebo telefonicky na +421903933992&#8243; _builder_version=&#8221;3.0.100&#8243; background_layout=&#8221;light&#8221; text_text_color=&#8221;#666666&#8243;]<\/p>\n<p style=\"text-align: center;\">If you&#8217;re interested, come.;)<\/p>\n<p style=\"text-align: center;\">More information on event e-mail:\u00a0<a href=\"mailto:massagesabatis@gmail.com\">massagesabatis@gmail.com<\/a>\u00a0or no.\u00a0+421903933992<\/p>\n<p>[\/et_pb_text][\/et_pb_column][\/et_pb_row][\/et_pb_section][et_pb_section bb_built=&#8221;1&#8243; fullwidth=&#8221;off&#8221; specialty=&#8221;off&#8221; _builder_version=&#8221;3.0.98&#8243; background_color=&#8221;#f9e7db&#8221; custom_margin=&#8221;25px||25px|&#8221; custom_padding=&#8221;25px||25px|&#8221;][et_pb_row _builder_version=&#8221;3.0.98&#8243;][et_pb_column type=&#8221;4_4&#8243;][et_pb_cta admin_label=&#8221;I am interested in a massage&#8221; _builder_version=&#8221;3.0.100&#8243; title=&#8221;I am interested in a massage&#8221; button_text=&#8221;Order the massage&#8221; button_url=&#8221;https:\/\/abatis.sk\/en\/contact\/&#8221; url_new_window=&#8221;off&#8221; use_background_color=&#8221;on&#8221; background_layout=&#8221;dark&#8221; custom_button=&#8221;on&#8221; button_icon_placement=&#8221;right&#8221; saved_tabs=&#8221;all&#8221; header_text_color=&#8221;#722e47&#8243; background_color=&#8221;rgba(112,67,107,0)&#8221; body_text_color=&#8221;#722e47&#8243; button_text_color=&#8221;#722e47&#8243; header_line_height=&#8221;1.2em&#8221; body_line_height=&#8221;1.4em&#8221;]<\/p>\n<p style=\"text-align: center; font-color: #722e47;\">look&#8230;<\/p>\n<p>[\/et_pb_cta][\/et_pb_column][\/et_pb_row][\/et_pb_section]<\/p>\n","protected":false},"excerpt":{"rendered":"<p>Therapy and Seminars deeper work on yourself or on relationships <div class=\"et_pb_row et_pb_row_0 et_pb_row_empty\">\n\t\t\t\t\n\t\t\t\t\n\t\t\t\t\n\t\t\t\t\n\t\t\t\t\n\t\t\t<\/div> Therapy In therapies, I use different therapeutic tools to guide a person. I work as a guide when person is confused and unable to move on in her own life. Types of therapeutic action: scar treatment therapeutic massage bodywork body poetry dearmoring anal mapping [&hellip;]<\/p>\n","protected":false},"author":1,"featured_media":0,"parent":0,"menu_order":0,"comment_status":"closed","ping_status":"closed","template":"","meta":{"_et_pb_use_builder":"on","_et_pb_old_content":"","_et_gb_content_width":"","_monsterinsights_skip_tracking":false,"_monsterinsights_sitenote_active":false,"_monsterinsights_sitenote_note":"","_monsterinsights_sitenote_category":0,"footnotes":""},"class_list":["post-1439","page","type-page","status-publish","hentry"],"yoast_head":"<!-- This site is optimized with the Yoast SEO plugin v23.7 - https:\/\/yoast.com\/wordpress\/plugins\/seo\/ -->\n<title>Seminars: Intuitive touch and Circles - Abatis<\/title>\n<meta name=\"robots\" content=\"index, follow, max-snippet:-1, max-image-preview:large, max-video-preview:-1\" \/>\n<link rel=\"canonical\" href=\"https:\/\/abatis.sk\/en\/seminars-intuitive-touch-and-circles\/\" \/>\n<meta property=\"og:locale\" content=\"en_US\" \/>\n<meta property=\"og:type\" content=\"article\" \/>\n<meta property=\"og:title\" content=\"Seminars: Intuitive touch and Circles - Abatis\" \/>\n<meta property=\"og:description\" content=\"Therapy and Seminars deeper work on yourself or on relationships Therapy In therapies, I use different therapeutic tools to guide a person. I work as a guide when person is confused and unable to move on in her own life. Types of therapeutic action: scar treatment therapeutic massage bodywork body poetry dearmoring anal mapping [&hellip;]\" \/>\n<meta property=\"og:url\" content=\"https:\/\/abatis.sk\/en\/seminars-intuitive-touch-and-circles\/\" \/>\n<meta property=\"og:site_name\" content=\"Abatis\" \/>\n<meta property=\"article:modified_time\" content=\"2019-05-19T20:02:28+00:00\" \/>\n<meta name=\"twitter:card\" content=\"summary_large_image\" \/>\n<meta name=\"twitter:label1\" content=\"Est. reading time\" \/>\n\t<meta name=\"twitter:data1\" content=\"5 minutes\" \/>\n<script type=\"application\/ld+json\" class=\"yoast-schema-graph\">{\"@context\":\"https:\/\/schema.org\",\"@graph\":[{\"@type\":\"WebPage\",\"@id\":\"https:\/\/abatis.sk\/en\/seminars-intuitive-touch-and-circles\/\",\"url\":\"https:\/\/abatis.sk\/en\/seminars-intuitive-touch-and-circles\/\",\"name\":\"Seminars: Intuitive touch and Circles - Abatis\",\"isPartOf\":{\"@id\":\"https:\/\/abatis.sk\/#website\"},\"datePublished\":\"2018-03-30T15:11:36+00:00\",\"dateModified\":\"2019-05-19T20:02:28+00:00\",\"breadcrumb\":{\"@id\":\"https:\/\/abatis.sk\/en\/seminars-intuitive-touch-and-circles\/#breadcrumb\"},\"inLanguage\":\"en-US\",\"potentialAction\":[{\"@type\":\"ReadAction\",\"target\":[\"https:\/\/abatis.sk\/en\/seminars-intuitive-touch-and-circles\/\"]}]},{\"@type\":\"BreadcrumbList\",\"@id\":\"https:\/\/abatis.sk\/en\/seminars-intuitive-touch-and-circles\/#breadcrumb\",\"itemListElement\":[{\"@type\":\"ListItem\",\"position\":1,\"name\":\"Home\",\"item\":\"https:\/\/abatis.sk\/en\/\"},{\"@type\":\"ListItem\",\"position\":2,\"name\":\"Seminars: Intuitive touch and Circles\"}]},{\"@type\":\"WebSite\",\"@id\":\"https:\/\/abatis.sk\/#website\",\"url\":\"https:\/\/abatis.sk\/\",\"name\":\"Abatis\",\"description\":\"Posv\u00e4tnos\u0165 dotyku\",\"potentialAction\":[{\"@type\":\"SearchAction\",\"target\":{\"@type\":\"EntryPoint\",\"urlTemplate\":\"https:\/\/abatis.sk\/?s={search_term_string}\"},\"query-input\":{\"@type\":\"PropertyValueSpecification\",\"valueRequired\":true,\"valueName\":\"search_term_string\"}}],\"inLanguage\":\"en-US\"}]}<\/script>\n<!-- \/ Yoast SEO plugin. -->","yoast_head_json":{"title":"Seminars: Intuitive touch and Circles - Abatis","robots":{"index":"index","follow":"follow","max-snippet":"max-snippet:-1","max-image-preview":"max-image-preview:large","max-video-preview":"max-video-preview:-1"},"canonical":"https:\/\/abatis.sk\/en\/seminars-intuitive-touch-and-circles\/","og_locale":"en_US","og_type":"article","og_title":"Seminars: Intuitive touch and Circles - Abatis","og_description":"Therapy and Seminars deeper work on yourself or on relationships Therapy In therapies, I use different therapeutic tools to guide a person. I work as a guide when person is confused and unable to move on in her own life. Types of therapeutic action: scar treatment therapeutic massage bodywork body poetry dearmoring anal mapping [&hellip;]","og_url":"https:\/\/abatis.sk\/en\/seminars-intuitive-touch-and-circles\/","og_site_name":"Abatis","article_modified_time":"2019-05-19T20:02:28+00:00","twitter_card":"summary_large_image","twitter_misc":{"Est. reading time":"5 minutes"},"schema":{"@context":"https:\/\/schema.org","@graph":[{"@type":"WebPage","@id":"https:\/\/abatis.sk\/en\/seminars-intuitive-touch-and-circles\/","url":"https:\/\/abatis.sk\/en\/seminars-intuitive-touch-and-circles\/","name":"Seminars: Intuitive touch and Circles - Abatis","isPartOf":{"@id":"https:\/\/abatis.sk\/#website"},"datePublished":"2018-03-30T15:11:36+00:00","dateModified":"2019-05-19T20:02:28+00:00","breadcrumb":{"@id":"https:\/\/abatis.sk\/en\/seminars-intuitive-touch-and-circles\/#breadcrumb"},"inLanguage":"en-US","potentialAction":[{"@type":"ReadAction","target":["https:\/\/abatis.sk\/en\/seminars-intuitive-touch-and-circles\/"]}]},{"@type":"BreadcrumbList","@id":"https:\/\/abatis.sk\/en\/seminars-intuitive-touch-and-circles\/#breadcrumb","itemListElement":[{"@type":"ListItem","position":1,"name":"Home","item":"https:\/\/abatis.sk\/en\/"},{"@type":"ListItem","position":2,"name":"Seminars: Intuitive touch and Circles"}]},{"@type":"WebSite","@id":"https:\/\/abatis.sk\/#website","url":"https:\/\/abatis.sk\/","name":"Abatis","description":"Posv\u00e4tnos\u0165 dotyku","potentialAction":[{"@type":"SearchAction","target":{"@type":"EntryPoint","urlTemplate":"https:\/\/abatis.sk\/?s={search_term_string}"},"query-input":{"@type":"PropertyValueSpecification","valueRequired":true,"valueName":"search_term_string"}}],"inLanguage":"en-US"}]}},"_links":{"self":[{"href":"https:\/\/abatis.sk\/en\/wp-json\/wp\/v2\/pages\/1439"}],"collection":[{"href":"https:\/\/abatis.sk\/en\/wp-json\/wp\/v2\/pages"}],"about":[{"href":"https:\/\/abatis.sk\/en\/wp-json\/wp\/v2\/types\/page"}],"author":[{"embeddable":true,"href":"https:\/\/abatis.sk\/en\/wp-json\/wp\/v2\/users\/1"}],"replies":[{"embeddable":true,"href":"https:\/\/abatis.sk\/en\/wp-json\/wp\/v2\/comments?post=1439"}],"version-history":[{"count":6,"href":"https:\/\/abatis.sk\/en\/wp-json\/wp\/v2\/pages\/1439\/revisions"}],"predecessor-version":[{"id":2320,"href":"https:\/\/abatis.sk\/en\/wp-json\/wp\/v2\/pages\/1439\/revisions\/2320"}],"wp:attachment":[{"href":"https:\/\/abatis.sk\/en\/wp-json\/wp\/v2\/media?parent=1439"}],"curies":[{"name":"wp","href":"https:\/\/api.w.org\/{rel}","templated":true}]}}