{"id":1434,"date":"2018-02-06T16:06:40","date_gmt":"2018-02-06T15:06:40","guid":{"rendered":"https:\/\/abatis.sk\/kontakt\/"},"modified":"2018-08-07T23:16:31","modified_gmt":"2018-08-07T21:16:31","slug":"contact","status":"publish","type":"page","link":"https:\/\/abatis.sk\/en\/contact\/","title":{"rendered":"Contact"},"content":{"rendered":"<p>[et_pb_section bb_built=&#8221;1&#8243; _builder_version=&#8221;3.0.98&#8243; background_color=&#8221;#fae8dc&#8221;][et_pb_row][et_pb_column type=&#8221;4_4&#8243;][et_pb_text admin_label=&#8221;V pr\u00edpade z\u00e1ujmu ma nev\u00e1hajte kontaktova\u0165:&#8221; _builder_version=&#8221;3.0.98&#8243; background_layout=&#8221;light&#8221; text_line_height_last_edited=&#8221;on|phone&#8221; header_line_height=&#8221;1.3em&#8221; header_line_height_tablet=&#8221;1.9em&#8221; header_line_height_last_edited=&#8221;on|phone&#8221; header_letter_spacing=&#8221;6px&#8221; header_2_line_height=&#8221;1.3em&#8221; header_2_line_height_last_edited=&#8221;on|phone&#8221; text_font=&#8221;Monika||||||||&#8221; text_line_height_tablet=&#8221;2em&#8221; text_line_height_phone=&#8221;2.7em&#8221; header_line_height_phone=&#8221;2.4em&#8221;]<\/p>\n<h2 style=\"text-align: center;\"><span style=\"color: #a33e64; font-size: 55px; line-height: 90%;\">Contact<\/span><\/h2>\n<p>[\/et_pb_text][et_pb_divider _builder_version=&#8221;3.0.98&#8243; background_color=&#8221;#b3726c&#8221; height=&#8221;2px&#8221; max_width=&#8221;19%&#8221; module_alignment=&#8221;center&#8221; custom_margin=&#8221;2px||5px|&#8221; saved_tabs=&#8221;all&#8221; \/][\/et_pb_column][\/et_pb_row][\/et_pb_section][et_pb_section bb_built=&#8221;1&#8243; fullwidth=&#8221;off&#8221; specialty=&#8221;off&#8221;][et_pb_row _builder_version=&#8221;3.0.100&#8243; padding_bottom_1=&#8221;35px&#8221; padding_1_tablet=&#8221;||0px|&#8221; padding_1_last_edited=&#8221;on|tablet&#8221;][et_pb_column type=&#8221;1_2&#8243;][et_pb_text admin_label=&#8221;ADDRESS&#8221; _builder_version=&#8221;3.0.100&#8243; background_layout=&#8221;light&#8221;]<\/p>\n<p style=\"text-align: center;\"><img loading=\"lazy\" decoding=\"async\" class=\"alignnone wp-image-1758 size-full\" src=\"https:\/\/abatis.sk\/wp-content\/uploads\/2018\/04\/house-2.png\" alt=\"\" width=\"58\" height=\"57\" \/><\/p>\n<p>&nbsp;<\/p>\n<h3 style=\"text-align: center;\"><span style=\"color: #808080;\"><strong>ADDRESS:<\/strong>\u00a0Malinovo &#8211; close to BA<\/span><\/h3>\n<p>[\/et_pb_text][et_pb_text admin_label=&#8221;MOBIL&#8221; _builder_version=&#8221;3.0.100&#8243; background_layout=&#8221;light&#8221;]<\/p>\n<p><img loading=\"lazy\" decoding=\"async\" class=\"wp-image-1760 size-full aligncenter\" src=\"https:\/\/abatis.sk\/wp-content\/uploads\/2018\/04\/phone-2.png\" alt=\"\" width=\"58\" height=\"57\" \/><\/p>\n<p>&nbsp;<\/p>\n<h3 style=\"text-align: center;\"><span style=\"color: #808080;\"><strong>MOBIL<\/strong>: 0903 933 992<\/span><\/h3>\n<p>[\/et_pb_text][et_pb_text admin_label=&#8221;EMAIL&#8221; _builder_version=&#8221;3.0.100&#8243; background_layout=&#8221;light&#8221;]<\/p>\n<p style=\"text-align: center;\"><img loading=\"lazy\" decoding=\"async\" class=\"alignnone wp-image-1754 size-full\" src=\"https:\/\/abatis.sk\/wp-content\/uploads\/2018\/04\/email-2.png\" alt=\"\" width=\"58\" height=\"57\" \/><\/p>\n<p>&nbsp;<\/p>\n<h3 style=\"text-align: center;\"><span style=\"color: #808080;\"><strong>EMAIL:<\/strong> massagesabatis@gmail.com<\/span><\/h3>\n<p>[\/et_pb_text][et_pb_text admin_label=&#8221;FACEBOOK&#8221; _builder_version=&#8221;3.0.100&#8243; background_layout=&#8221;light&#8221;]<\/p>\n<p style=\"text-align: center;\"><img loading=\"lazy\" decoding=\"async\" class=\"alignnone wp-image-1756 size-full\" src=\"https:\/\/abatis.sk\/wp-content\/uploads\/2018\/04\/facebook-2.png\" alt=\"\" width=\"58\" height=\"57\" \/><\/p>\n<p>&nbsp;<\/p>\n<h3 style=\"text-align: center;\"><span style=\"color: #808080;\"><strong>FACEBOOK:<\/strong> <a style=\"color: #808080;\" href=\"https:\/\/www.facebook.com\/Celotelov%C3%A9-l%C3%A1skypln%C3%A9-mas%C3%A1%C5%BEe-Abatis-853672521477015\/\">please click here<\/a><\/span><\/h3>\n<p>[\/et_pb_text][et_pb_divider _builder_version=&#8221;3.0.98&#8243; height=&#8221;20px&#8221; disabled=&#8221;off&#8221; disabled_on=&#8221;on|on|&#8221; \/][\/et_pb_column][et_pb_column type=&#8221;1_2&#8243;][et_pb_image admin_label=&#8221;Foto_Janka&#8221; _builder_version=&#8221;3.0.100&#8243; src=&#8221;https:\/\/abatis.sk\/wp-content\/uploads\/2018\/08\/IMG_20180806_185945_500.jpg&#8221; show_in_lightbox=&#8221;off&#8221; url_new_window=&#8221;off&#8221; use_overlay=&#8221;off&#8221; always_center_on_mobile=&#8221;on&#8221; force_fullwidth=&#8221;off&#8221; show_bottom_space=&#8221;on&#8221; \/][\/et_pb_column][\/et_pb_row][\/et_pb_section][et_pb_section bb_built=&#8221;1&#8243; fullwidth=&#8221;off&#8221; specialty=&#8221;off&#8221; _builder_version=&#8221;3.0.98&#8243; background_color=&#8221;#fae8dc&#8221;][et_pb_row][et_pb_column type=&#8221;1_3&#8243;][et_pb_image _builder_version=&#8221;3.0.98&#8243; src=&#8221;https:\/\/abatis.sk\/wp-content\/uploads\/2018\/03\/kontakt_formular2.jpg&#8221; show_in_lightbox=&#8221;off&#8221; url_new_window=&#8221;off&#8221; use_overlay=&#8221;off&#8221; always_center_on_mobile=&#8221;on&#8221; force_fullwidth=&#8221;off&#8221; show_bottom_space=&#8221;on&#8221; \/][\/et_pb_column][et_pb_column type=&#8221;2_3&#8243;][et_pb_contact_form _builder_version=&#8221;3.0.98&#8243; captcha=&#8221;on&#8221; use_redirect=&#8221;off&#8221; custom_button=&#8221;on&#8221; button_icon_placement=&#8221;right&#8221; title_font=&#8221;Arial||||||||&#8221; form_field_font=&#8221;Arial||||||||&#8221; success_message=&#8221;Your message has been successfully submitted. Thank you.&#8221; submit_button_text=&#8221;Send&#8221; email=&#8221;masaze@abatis.sk&#8221; form_background_color=&#8221;#ffffff&#8221; button_text_color=&#8221;#000000&#8243; title=&#8221;Contact formular&#8221; title_font_size=&#8221;14&#8243; title_level=&#8221;h2&#8243;][et_pb_contact_field field_title=&#8221;Name&#8221; field_type=&#8221;input&#8221; field_id=&#8221;Name&#8221; required_mark=&#8221;on&#8221; fullwidth_field=&#8221;on&#8221; _builder_version=&#8221;3.0.98&#8243; checkbox_checked=&#8221;off&#8221; checkbox_options=&#8221;%91{%22value%22:%22Meno%22,%22checked%22:0}%93&#8243; radio_options=&#8221;%91{%22value%22:%22Meno%22,%22checked%22:0}%93&#8243; select_options=&#8221;%91{%22value%22:%22Meno%22,%22checked%22:0}%93&#8243; min_length=&#8221;0&#8243; max_length=&#8221;0&#8243; allowed_symbols=&#8221;all&#8221; conditional_logic=&#8221;off&#8221; conditional_logic_relation=&#8221;off&#8221; conditional_logic_rules=&#8221;%91{%22field%22:%22email%22,%22condition%22:%22is%22,%22value%22:%22%22}%93&#8243; use_background_color_gradient=&#8221;off&#8221; background_color_gradient_start=&#8221;#2b87da&#8221; background_color_gradient_end=&#8221;#29c4a9&#8243; background_color_gradient_type=&#8221;linear&#8221; background_color_gradient_direction=&#8221;180deg&#8221; background_color_gradient_direction_radial=&#8221;center&#8221; background_color_gradient_start_position=&#8221;0%&#8221; background_color_gradient_end_position=&#8221;100%&#8221; background_color_gradient_overlays_image=&#8221;off&#8221; parallax=&#8221;off&#8221; parallax_method=&#8221;on&#8221; background_size=&#8221;cover&#8221; background_position=&#8221;center&#8221; background_repeat=&#8221;no-repeat&#8221; background_blend=&#8221;normal&#8221; allow_player_pause=&#8221;off&#8221; form_field_font=&#8221;||||||||&#8221; form_field_text_shadow_style=&#8221;none&#8221; box_shadow_style=&#8221;none&#8221; form_field_text_shadow_horizontal_length=&#8221;0em&#8221; form_field_text_shadow_vertical_length=&#8221;0em&#8221; form_field_text_shadow_blur_strength=&#8221;0em&#8221; \/][et_pb_contact_field field_title=&#8221;Email&#8221; field_type=&#8221;email&#8221; field_id=&#8221;Email&#8221; required_mark=&#8221;on&#8221; fullwidth_field=&#8221;off&#8221; _builder_version=&#8221;3.0.98&#8243; checkbox_checked=&#8221;off&#8221; checkbox_options=&#8221;%91{%22value%22:%22E-mailov\u00e1 adresa%22,%22checked%22:0}%93&#8243; radio_options=&#8221;%91{%22value%22:%22E-mailov\u00e1 adresa%22,%22checked%22:0}%93&#8243; select_options=&#8221;%91{%22value%22:%22E-mailov\u00e1 adresa%22,%22checked%22:0}%93&#8243; min_length=&#8221;0&#8243; max_length=&#8221;0&#8243; allowed_symbols=&#8221;all&#8221; conditional_logic=&#8221;off&#8221; conditional_logic_relation=&#8221;off&#8221; conditional_logic_rules=&#8221;%91{%22field%22:%22name%22,%22condition%22:%22is%22,%22value%22:%22%22}%93&#8243; use_background_color_gradient=&#8221;off&#8221; background_color_gradient_start=&#8221;#2b87da&#8221; background_color_gradient_end=&#8221;#29c4a9&#8243; background_color_gradient_type=&#8221;linear&#8221; background_color_gradient_direction=&#8221;180deg&#8221; background_color_gradient_direction_radial=&#8221;center&#8221; background_color_gradient_start_position=&#8221;0%&#8221; background_color_gradient_end_position=&#8221;100%&#8221; background_color_gradient_overlays_image=&#8221;off&#8221; parallax=&#8221;off&#8221; parallax_method=&#8221;on&#8221; background_size=&#8221;cover&#8221; background_position=&#8221;center&#8221; background_repeat=&#8221;no-repeat&#8221; background_blend=&#8221;normal&#8221; allow_player_pause=&#8221;off&#8221; form_field_font=&#8221;||||||||&#8221; form_field_text_shadow_style=&#8221;none&#8221; box_shadow_style=&#8221;none&#8221; form_field_text_shadow_horizontal_length=&#8221;0em&#8221; form_field_text_shadow_vertical_length=&#8221;0em&#8221; form_field_text_shadow_blur_strength=&#8221;0em&#8221; \/][et_pb_contact_field _builder_version=&#8221;3.0.98&#8243; field_id=&#8221;Mobil&#8221; field_title=&#8221;Mobil&#8221; field_type=&#8221;input&#8221; checkbox_checked=&#8221;off&#8221; checkbox_options=&#8221;%91{%22value%22:%22%22,%22checked%22:0}%93&#8243; radio_options=&#8221;%91{%22value%22:%22%22,%22checked%22:0}%93&#8243; select_options=&#8221;%91{%22value%22:%22%22,%22checked%22:0}%93&#8243; min_length=&#8221;0&#8243; max_length=&#8221;0&#8243; allowed_symbols=&#8221;all&#8221; required_mark=&#8221;on&#8221; conditional_logic=&#8221;off&#8221; conditional_logic_relation=&#8221;off&#8221; conditional_logic_rules=&#8221;%91{%22field%22:%22name%22,%22condition%22:%22is%22,%22value%22:%22%22}%93&#8243; use_background_color_gradient=&#8221;off&#8221; background_color_gradient_start=&#8221;#2b87da&#8221; background_color_gradient_end=&#8221;#29c4a9&#8243; background_color_gradient_type=&#8221;linear&#8221; background_color_gradient_direction=&#8221;180deg&#8221; background_color_gradient_direction_radial=&#8221;center&#8221; background_color_gradient_start_position=&#8221;0%&#8221; background_color_gradient_end_position=&#8221;100%&#8221; background_color_gradient_overlays_image=&#8221;off&#8221; parallax=&#8221;off&#8221; parallax_method=&#8221;on&#8221; background_size=&#8221;cover&#8221; background_position=&#8221;center&#8221; background_repeat=&#8221;no-repeat&#8221; background_blend=&#8221;normal&#8221; allow_player_pause=&#8221;off&#8221; fullwidth_field=&#8221;off&#8221; form_field_font=&#8221;||||||||&#8221; form_field_text_shadow_style=&#8221;none&#8221; box_shadow_style=&#8221;none&#8221; form_field_text_shadow_horizontal_length=&#8221;0em&#8221; form_field_text_shadow_vertical_length=&#8221;0em&#8221; form_field_text_shadow_blur_strength=&#8221;0em&#8221; \/][et_pb_contact_field field_title=&#8221;Message&#8221; field_type=&#8221;text&#8221; field_id=&#8221;Message&#8221; required_mark=&#8221;on&#8221; fullwidth_field=&#8221;on&#8221; _builder_version=&#8221;3.0.98&#8243; checkbox_checked=&#8221;off&#8221; checkbox_options=&#8221;%91{%22value%22:%22E-mailov\u00e1 spr\u00e1va%22,%22checked%22:0}%93&#8243; radio_options=&#8221;%91{%22value%22:%22E-mailov\u00e1 spr\u00e1va%22,%22checked%22:0}%93&#8243; select_options=&#8221;%91{%22value%22:%22E-mailov\u00e1 spr\u00e1va%22,%22checked%22:0}%93&#8243; min_length=&#8221;0&#8243; max_length=&#8221;0&#8243; allowed_symbols=&#8221;all&#8221; conditional_logic=&#8221;off&#8221; conditional_logic_relation=&#8221;off&#8221; conditional_logic_rules=&#8221;%91{%22field%22:%22name%22,%22condition%22:%22is%22,%22value%22:%22%22}%93&#8243; use_background_color_gradient=&#8221;off&#8221; background_color_gradient_start=&#8221;#2b87da&#8221; background_color_gradient_end=&#8221;#29c4a9&#8243; background_color_gradient_type=&#8221;linear&#8221; background_color_gradient_direction=&#8221;180deg&#8221; background_color_gradient_direction_radial=&#8221;center&#8221; background_color_gradient_start_position=&#8221;0%&#8221; background_color_gradient_end_position=&#8221;100%&#8221; background_color_gradient_overlays_image=&#8221;off&#8221; parallax=&#8221;off&#8221; parallax_method=&#8221;on&#8221; background_size=&#8221;cover&#8221; background_position=&#8221;center&#8221; background_repeat=&#8221;no-repeat&#8221; background_blend=&#8221;normal&#8221; allow_player_pause=&#8221;off&#8221; form_field_text_shadow_style=&#8221;none&#8221; box_shadow_style=&#8221;none&#8221; form_field_font=&#8221;||||||||&#8221; form_field_text_shadow_horizontal_length=&#8221;0em&#8221; form_field_text_shadow_vertical_length=&#8221;0em&#8221; form_field_text_shadow_blur_strength=&#8221;0em&#8221; \/][\/et_pb_contact_form][\/et_pb_column][\/et_pb_row][\/et_pb_section]<\/p>\n","protected":false},"excerpt":{"rendered":"<p><div class=\"et_pb_row et_pb_row_0 et_pb_row_empty\">\n\t\t\t\t\n\t\t\t\t\n\t\t\t\t\n\t\t\t\t\n\t\t\t\t\n\t\t\t<\/div> Contact &nbsp; ADDRESS:\u00a0Malinovo &#8211; close to BA &nbsp; MOBIL: 0903 933 992 &nbsp; EMAIL: massagesabatis@gmail.com &nbsp; FACEBOOK: please click here <div class=\"et_pb_row et_pb_row_1 et_pb_row_empty\">\n\t\t\t\t\n\t\t\t\t\n\t\t\t\t\n\t\t\t\t\n\t\t\t\t\n\t\t\t<\/div><\/p>\n","protected":false},"author":1,"featured_media":0,"parent":0,"menu_order":0,"comment_status":"closed","ping_status":"closed","template":"","meta":{"_et_pb_use_builder":"on","_et_pb_old_content":"","_et_gb_content_width":"","_monsterinsights_skip_tracking":false,"_monsterinsights_sitenote_active":false,"_monsterinsights_sitenote_note":"","_monsterinsights_sitenote_category":0,"footnotes":""},"class_list":["post-1434","page","type-page","status-publish","hentry"],"yoast_head":"<!-- This site is optimized with the Yoast SEO plugin v23.7 - https:\/\/yoast.com\/wordpress\/plugins\/seo\/ -->\n<title>Contact - Abatis<\/title>\n<meta name=\"robots\" content=\"index, follow, max-snippet:-1, max-image-preview:large, max-video-preview:-1\" \/>\n<link rel=\"canonical\" href=\"https:\/\/abatis.sk\/en\/contact\/\" \/>\n<meta property=\"og:locale\" content=\"en_US\" \/>\n<meta property=\"og:type\" content=\"article\" \/>\n<meta property=\"og:title\" content=\"Contact - Abatis\" \/>\n<meta property=\"og:description\" content=\"Contact &nbsp; ADDRESS:\u00a0Malinovo - close to BA &nbsp; MOBIL: 0903 933 992 &nbsp; EMAIL: massagesabatis@gmail.com &nbsp; FACEBOOK: please click here\" \/>\n<meta property=\"og:url\" content=\"https:\/\/abatis.sk\/en\/contact\/\" \/>\n<meta property=\"og:site_name\" content=\"Abatis\" \/>\n<meta property=\"article:modified_time\" content=\"2018-08-07T21:16:31+00:00\" \/>\n<meta property=\"og:image\" content=\"https:\/\/abatis.sk\/wp-content\/uploads\/2018\/04\/house-2.png\" \/>\n<meta name=\"twitter:card\" content=\"summary_large_image\" \/>\n<meta name=\"twitter:label1\" content=\"Est. reading time\" \/>\n\t<meta name=\"twitter:data1\" content=\"6 minutes\" \/>\n<script type=\"application\/ld+json\" class=\"yoast-schema-graph\">{\"@context\":\"https:\/\/schema.org\",\"@graph\":[{\"@type\":\"WebPage\",\"@id\":\"https:\/\/abatis.sk\/en\/contact\/\",\"url\":\"https:\/\/abatis.sk\/en\/contact\/\",\"name\":\"Contact - Abatis\",\"isPartOf\":{\"@id\":\"https:\/\/abatis.sk\/#website\"},\"primaryImageOfPage\":{\"@id\":\"https:\/\/abatis.sk\/en\/contact\/#primaryimage\"},\"image\":{\"@id\":\"https:\/\/abatis.sk\/en\/contact\/#primaryimage\"},\"thumbnailUrl\":\"https:\/\/abatis.sk\/wp-content\/uploads\/2018\/04\/house-2.png\",\"datePublished\":\"2018-02-06T15:06:40+00:00\",\"dateModified\":\"2018-08-07T21:16:31+00:00\",\"breadcrumb\":{\"@id\":\"https:\/\/abatis.sk\/en\/contact\/#breadcrumb\"},\"inLanguage\":\"en-US\",\"potentialAction\":[{\"@type\":\"ReadAction\",\"target\":[\"https:\/\/abatis.sk\/en\/contact\/\"]}]},{\"@type\":\"ImageObject\",\"inLanguage\":\"en-US\",\"@id\":\"https:\/\/abatis.sk\/en\/contact\/#primaryimage\",\"url\":\"https:\/\/abatis.sk\/wp-content\/uploads\/2018\/04\/house-2.png\",\"contentUrl\":\"https:\/\/abatis.sk\/wp-content\/uploads\/2018\/04\/house-2.png\"},{\"@type\":\"BreadcrumbList\",\"@id\":\"https:\/\/abatis.sk\/en\/contact\/#breadcrumb\",\"itemListElement\":[{\"@type\":\"ListItem\",\"position\":1,\"name\":\"Home\",\"item\":\"https:\/\/abatis.sk\/en\/\"},{\"@type\":\"ListItem\",\"position\":2,\"name\":\"Contact\"}]},{\"@type\":\"WebSite\",\"@id\":\"https:\/\/abatis.sk\/#website\",\"url\":\"https:\/\/abatis.sk\/\",\"name\":\"Abatis\",\"description\":\"Posv\u00e4tnos\u0165 dotyku\",\"potentialAction\":[{\"@type\":\"SearchAction\",\"target\":{\"@type\":\"EntryPoint\",\"urlTemplate\":\"https:\/\/abatis.sk\/?s={search_term_string}\"},\"query-input\":{\"@type\":\"PropertyValueSpecification\",\"valueRequired\":true,\"valueName\":\"search_term_string\"}}],\"inLanguage\":\"en-US\"}]}<\/script>\n<!-- \/ Yoast SEO plugin. -->","yoast_head_json":{"title":"Contact - Abatis","robots":{"index":"index","follow":"follow","max-snippet":"max-snippet:-1","max-image-preview":"max-image-preview:large","max-video-preview":"max-video-preview:-1"},"canonical":"https:\/\/abatis.sk\/en\/contact\/","og_locale":"en_US","og_type":"article","og_title":"Contact - Abatis","og_description":"Contact &nbsp; ADDRESS:\u00a0Malinovo - close to BA &nbsp; MOBIL: 0903 933 992 &nbsp; EMAIL: massagesabatis@gmail.com &nbsp; FACEBOOK: please click here","og_url":"https:\/\/abatis.sk\/en\/contact\/","og_site_name":"Abatis","article_modified_time":"2018-08-07T21:16:31+00:00","og_image":[{"url":"https:\/\/abatis.sk\/wp-content\/uploads\/2018\/04\/house-2.png"}],"twitter_card":"summary_large_image","twitter_misc":{"Est. reading time":"6 minutes"},"schema":{"@context":"https:\/\/schema.org","@graph":[{"@type":"WebPage","@id":"https:\/\/abatis.sk\/en\/contact\/","url":"https:\/\/abatis.sk\/en\/contact\/","name":"Contact - Abatis","isPartOf":{"@id":"https:\/\/abatis.sk\/#website"},"primaryImageOfPage":{"@id":"https:\/\/abatis.sk\/en\/contact\/#primaryimage"},"image":{"@id":"https:\/\/abatis.sk\/en\/contact\/#primaryimage"},"thumbnailUrl":"https:\/\/abatis.sk\/wp-content\/uploads\/2018\/04\/house-2.png","datePublished":"2018-02-06T15:06:40+00:00","dateModified":"2018-08-07T21:16:31+00:00","breadcrumb":{"@id":"https:\/\/abatis.sk\/en\/contact\/#breadcrumb"},"inLanguage":"en-US","potentialAction":[{"@type":"ReadAction","target":["https:\/\/abatis.sk\/en\/contact\/"]}]},{"@type":"ImageObject","inLanguage":"en-US","@id":"https:\/\/abatis.sk\/en\/contact\/#primaryimage","url":"https:\/\/abatis.sk\/wp-content\/uploads\/2018\/04\/house-2.png","contentUrl":"https:\/\/abatis.sk\/wp-content\/uploads\/2018\/04\/house-2.png"},{"@type":"BreadcrumbList","@id":"https:\/\/abatis.sk\/en\/contact\/#breadcrumb","itemListElement":[{"@type":"ListItem","position":1,"name":"Home","item":"https:\/\/abatis.sk\/en\/"},{"@type":"ListItem","position":2,"name":"Contact"}]},{"@type":"WebSite","@id":"https:\/\/abatis.sk\/#website","url":"https:\/\/abatis.sk\/","name":"Abatis","description":"Posv\u00e4tnos\u0165 dotyku","potentialAction":[{"@type":"SearchAction","target":{"@type":"EntryPoint","urlTemplate":"https:\/\/abatis.sk\/?s={search_term_string}"},"query-input":{"@type":"PropertyValueSpecification","valueRequired":true,"valueName":"search_term_string"}}],"inLanguage":"en-US"}]}},"_links":{"self":[{"href":"https:\/\/abatis.sk\/en\/wp-json\/wp\/v2\/pages\/1434"}],"collection":[{"href":"https:\/\/abatis.sk\/en\/wp-json\/wp\/v2\/pages"}],"about":[{"href":"https:\/\/abatis.sk\/en\/wp-json\/wp\/v2\/types\/page"}],"author":[{"embeddable":true,"href":"https:\/\/abatis.sk\/en\/wp-json\/wp\/v2\/users\/1"}],"replies":[{"embeddable":true,"href":"https:\/\/abatis.sk\/en\/wp-json\/wp\/v2\/comments?post=1434"}],"version-history":[{"count":6,"href":"https:\/\/abatis.sk\/en\/wp-json\/wp\/v2\/pages\/1434\/revisions"}],"predecessor-version":[{"id":1957,"href":"https:\/\/abatis.sk\/en\/wp-json\/wp\/v2\/pages\/1434\/revisions\/1957"}],"wp:attachment":[{"href":"https:\/\/abatis.sk\/en\/wp-json\/wp\/v2\/media?parent=1434"}],"curies":[{"name":"wp","href":"https:\/\/api.w.org\/{rel}","templated":true}]}}