{"id":1430,"date":"2018-02-10T21:36:37","date_gmt":"2018-02-10T20:36:37","guid":{"rendered":"https:\/\/abatis.sk\/harmonizacne-raindrop-masaze\/"},"modified":"2019-02-25T15:43:09","modified_gmt":"2019-02-25T14:43:09","slug":"harmonisation-raindrop-massage","status":"publish","type":"page","link":"https:\/\/abatis.sk\/en\/harmonisation-raindrop-massage\/","title":{"rendered":"Harmonisation Raindrop massage"},"content":{"rendered":"<p>[et_pb_section bb_built=&#8221;1&#8243; fullwidth=&#8221;off&#8221; specialty=&#8221;off&#8221; _builder_version=&#8221;3.0.98&#8243; background_color=&#8221;#fae8dc&#8221; custom_margin=&#8221;0px|||&#8221;][et_pb_row use_custom_width=&#8221;on&#8221; custom_width_px=&#8221;1808px&#8221; custom_padding=&#8221;40px|40px|40px|40px&#8221; custom_padding_phone=&#8221;30px|30px|30px|30px&#8221; background_color=&#8221;#fae8dc&#8221; custom_padding_last_edited=&#8221;on|phone&#8221; _builder_version=&#8221;3.0.98&#8243;][et_pb_column type=&#8221;4_4&#8243;][et_pb_text admin_label=&#8221;Harmonisation Raindrop Massage&#8221; _builder_version=&#8221;3.0.98&#8243; text_orientation=&#8221;center&#8221; background_layout=&#8221;light&#8221; text_line_height=&#8221;1.2em&#8221; custom_margin=&#8221;||8px|&#8221; header_font_size=&#8221;28px&#8221; header_font_size_tablet=&#8221;17px&#8221; header_font_size_last_edited=&#8221;on|phone&#8221; text_font_size=&#8221;15px&#8221; text_font_size_tablet=&#8221;11px&#8221; text_font_size_last_edited=&#8221;on|tablet&#8221; header_line_height=&#8221;1.1em&#8221; header_line_height_tablet=&#8221;1.3em&#8221; header_line_height_last_edited=&#8221;on|tablet&#8221; text_font=&#8221;Monika||||||||&#8221;]<\/p>\n<p style=\"text-align: center;\"><span style=\"color: #722e47; font-size: 50px; line-height: 90%;\">Harmonisation Raindrop Massage<\/span><\/p>\n<p>[\/et_pb_text][et_pb_divider _builder_version=&#8221;3.0.98&#8243; background_color=&#8221;#722e47&#8243; height=&#8221;2px&#8221; max_width=&#8221;24%&#8221; module_alignment=&#8221;center&#8221; custom_margin=&#8221;30px||30px|&#8221; \/][et_pb_text admin_label=&#8221;Massage suitable for men and women&#8221; _builder_version=&#8221;3.0.98&#8243; text_orientation=&#8221;center&#8221; background_layout=&#8221;light&#8221;]<\/p>\n<p style=\"text-align: center;\"><span style=\"color: #722e47; font-size: 16px;\">Massage\u00a0 <span id=\"result_box\" class=\"short_text\" lang=\"en\" tabindex=\"-1\"><span class=\"\">suitable for men, women, children and pensioners too.<\/span><\/span><\/span><\/p>\n<p>[\/et_pb_text][\/et_pb_column][\/et_pb_row][\/et_pb_section][et_pb_section bb_built=&#8221;1&#8243; fullwidth=&#8221;off&#8221; specialty=&#8221;off&#8221;][et_pb_row][et_pb_column type=&#8221;2_3&#8243;][et_pb_text admin_label=&#8221;What is the Raindrop Massage?&#8221; _builder_version=&#8221;3.0.98&#8243; background_layout=&#8221;light&#8221; custom_margin_tablet=&#8221;|10px||10px&#8221; custom_margin_last_edited=&#8221;on|tablet&#8221; text_font=&#8221;Monika||||||||&#8221; text_font_size=&#8221;45px&#8221;]<\/p>\n<p><span style=\"color: #a33e64;\"><strong>What is the Raindrop Massage?<\/strong><\/span><\/p>\n<p>[\/et_pb_text][et_pb_text _builder_version=&#8221;3.0.100&#8243; background_layout=&#8221;light&#8221; custom_margin_tablet=&#8221;|10px||10px&#8221; custom_margin_last_edited=&#8221;on|tablet&#8221;]<\/p>\n<p>For me it is special attention for your body and soul.<br \/>\nTechnique Raindrop comprises of Eflorage method (special back massage), Vita Flex technique (reflexive foot points) and essencial oils.<\/p>\n<p><strong>It is used worldwide for:<\/strong><\/p>\n<ul>\n<li>Relaxing effect on muscles and emotions<\/li>\n<li>Calming effects: peace of mind, calmness, silence, self-awareness<\/li>\n<li>Harmonising effects for body, mind and soul<\/li>\n<li>Energie flow mobilization and vitality<\/li>\n<li>Intensive return to nature and connestion to it<\/li>\n<\/ul>\n<p>[\/et_pb_text][\/et_pb_column][et_pb_column type=&#8221;1_3&#8243;][et_pb_image _builder_version=&#8221;3.0.100&#8243; src=&#8221;https:\/\/abatis.sk\/wp-content\/uploads\/2018\/08\/IMG_20180820_115504_364.jpg&#8221; show_in_lightbox=&#8221;off&#8221; url_new_window=&#8221;off&#8221; use_overlay=&#8221;off&#8221; always_center_on_mobile=&#8221;on&#8221; force_fullwidth=&#8221;off&#8221; show_bottom_space=&#8221;on&#8221; \/][\/et_pb_column][\/et_pb_row][\/et_pb_section][et_pb_section bb_built=&#8221;1&#8243; fullwidth=&#8221;off&#8221; specialty=&#8221;off&#8221; _builder_version=&#8221;3.0.98&#8243; background_image=&#8221;http:\/\/abatis.sk\/wp-content\/uploads\/2018\/03\/more1.png&#8221;][et_pb_row _builder_version=&#8221;3.0.98&#8243; background_color=&#8221;rgba(255,255,255,0.58)&#8221; custom_padding=&#8221;|35px||35px&#8221;][et_pb_column type=&#8221;4_4&#8243;][et_pb_text admin_label=&#8221;Raindrop mas\u00e1\u017e is a very pleasant massage &#8230;&#8221; _builder_version=&#8221;3.0.100&#8243; background_layout=&#8221;light&#8221; text_font_size=&#8221;17px&#8221; text_line_height=&#8221;1.9em&#8221;]<\/p>\n<p style=\"text-align: center;\"><span style=\"color: #333333;\"><em><strong>Raindrop Massage is a very pleasant soles and back massage performed with aplication of Young living essential oils, which helps to harmonise whole body. It might be classic, emotional, spiritual, with bible oils or for various internal organs.<br \/>\nThe one, receiving the massage, can work with a concrete intention if they have their life theme in which they would like to change something or to harmonise their body.<\/strong><\/em><\/span><\/p>\n<p>[\/et_pb_text][et_pb_divider _builder_version=&#8221;3.0.98&#8243; background_color=&#8221;#ffffff&#8221; height=&#8221;2px&#8221; max_width=&#8221;14%&#8221; module_alignment=&#8221;center&#8221; custom_margin=&#8221;2px||5px|&#8221; \/][et_pb_image _builder_version=&#8221;3.0.100&#8243; src=&#8221;https:\/\/abatis.sk\/wp-content\/uploads\/2019\/02\/IMG_20190225_122445.jpg&#8221; show_in_lightbox=&#8221;on&#8221; url_new_window=&#8221;off&#8221; use_overlay=&#8221;off&#8221; always_center_on_mobile=&#8221;on&#8221; force_fullwidth=&#8221;off&#8221; show_bottom_space=&#8221;on&#8221; \/][\/et_pb_column][\/et_pb_row][\/et_pb_section][et_pb_section bb_built=&#8221;1&#8243; fullwidth=&#8221;off&#8221; specialty=&#8221;off&#8221; _builder_version=&#8221;3.0.98&#8243; background_color=&#8221;#ffffff&#8221; custom_margin=&#8221;0px|||&#8221;][et_pb_row _builder_version=&#8221;3.0.98&#8243; custom_margin=&#8221;||1px|&#8221; custom_padding=&#8221;||1px|&#8221; padding_bottom_1=&#8221;1px&#8221;][et_pb_column type=&#8221;4_4&#8243;][et_pb_text admin_label=&#8221;How it works:&#8221; _builder_version=&#8221;3.0.100&#8243; background_layout=&#8221;light&#8221; text_font_size=&#8221;45px&#8221; header_2_font_size=&#8221;27px&#8221; custom_padding=&#8221;||5px|&#8221; custom_margin=&#8221;||5px|&#8221; text_font=&#8221;Monika||||||||&#8221;]<\/p>\n<p style=\"text-align: left;\"><span style=\"color: #a33e64;\"><strong>How it works:<\/strong><\/span><\/p>\n<p>[\/et_pb_text][\/et_pb_column][\/et_pb_row][et_pb_row _builder_version=&#8221;3.0.98&#8243; custom_margin=&#8221;1px|||&#8221; custom_padding=&#8221;1px|||&#8221; padding_top_1=&#8221;1px&#8221; padding_top_2=&#8221;1px&#8221;][et_pb_column type=&#8221;2_3&#8243;][et_pb_text admin_label=&#8221;It is advisable to take a shower before the massage&#8221; _builder_version=&#8221;3.0.100&#8243; background_layout=&#8221;light&#8221; text_font_size=&#8221;15px&#8221; header_2_font_size=&#8221;27px&#8221;]<\/p>\n<p style=\"text-align: left;\">It is advisable to <strong>take a shower<\/strong> before the massage in order to wash away the stress from the whole day. The shower is available.<br \/>\nAt the beginning, you are offered fresh home-grown <strong>herb tea<\/strong>, which starts cleansing your body.<br \/>\nFirstly, <strong>reflexive points on feet<\/strong> are massaged with Vita Flex special technique. Then the <strong>back<\/strong> is massaged with gentle pull of finger tips together with the application of <strong>essential oils along the spine<\/strong>. The technique resembles stroking with eagle feathers. At the end of the massage, the <strong>back is warmed up<\/strong> with a warm towel in order to help oils to enter basic cell structures. Your intention is being worked on during the massage.<br \/>\nAfter the massage, the person feels more <strong>relaxed and full of energy.<\/strong> After harmonising massage, I would love to offer healthy <strong>home-made dessert<\/strong>, which replenishes all necessary nutrients for a new beginning.\u00a0 \ud83d\ude42<\/p>\n<p><em>Definitely worthly to come and connect with the high vibrations of the Bible oils and also let Janka do what she KNOWS. And I can tell she KNOWS. ???<\/em><\/p>\n<p>[\/et_pb_text][\/et_pb_column][et_pb_column type=&#8221;1_3&#8243;][et_pb_text admin_label=&#8221;Na tento kr\u00e1sny z\u00e1\u017eitok si treba vy\u010dleni\u0165 tak 1,5-2 hodiny \u010dasu&#8230;.&#8221; _builder_version=&#8221;3.0.100&#8243; background_layout=&#8221;light&#8221; text_font_size=&#8221;17px&#8221; header_2_font_size=&#8221;27px&#8221;]<\/p>\n<p style=\"text-align: left;\">This incredible experience lasts for about <strong>1,5 hours<\/strong> of your pressured time.<\/p>\n<p style=\"text-align: left;\">Raindrop technique is highly efficient, intense and very gentle. It is suitable for men, womem, <strong>young children <\/strong>or a <strong>retired person<\/strong>.<\/p>\n<p>[\/et_pb_text][\/et_pb_column][\/et_pb_row][et_pb_row _builder_version=&#8221;3.0.98&#8243; background_color=&#8221;#fae8dc&#8221;][et_pb_column type=&#8221;4_4&#8243;][et_pb_button button_url=&#8221;https:\/\/abatis.sk\/en\/price_list\/&#8221; button_text=&#8221;Price list&#8221; button_alignment=&#8221;center&#8221; background_layout=&#8221;dark&#8221; _builder_version=&#8221;3.0.100&#8243; custom_button=&#8221;on&#8221; button_text_color=&#8221;#ffffff&#8221; button_bg_color=&#8221;#a33e64&#8243; url_new_window=&#8221;off&#8221; button_icon_placement=&#8221;right&#8221; \/][\/et_pb_column][\/et_pb_row][\/et_pb_section][et_pb_section bb_built=&#8221;1&#8243; fullwidth=&#8221;off&#8221; specialty=&#8221;off&#8221; _builder_version=&#8221;3.0.98&#8243; custom_margin=&#8221;0px|||&#8221; custom_padding=&#8221;0px|||&#8221;][et_pb_row][et_pb_column type=&#8221;1_4&#8243;][et_pb_cta admin_label=&#8221;Classic Raindrop massage&#8221; button_url=&#8221;https:\/\/abatis.sk\/en\/classic-raindrop-massage\/&#8221; button_text=&#8221;Classic Raindrop massage&#8221; background_color=&#8221;rgba(250,232,220,0)&#8221; _builder_version=&#8221;3.0.100&#8243; button_alignment=&#8221;center&#8221; url_new_window=&#8221;off&#8221; use_background_color=&#8221;on&#8221; background_layout=&#8221;dark&#8221; custom_button=&#8221;on&#8221; button_icon_placement=&#8221;right&#8221; header_text_color=&#8221;#4f4f4f&#8221; body_text_color=&#8221;#4f4f4f&#8221; button_text_color=&#8221;#a33e64&#8243; header_letter_spacing=&#8221;1px&#8221; header_line_height=&#8221;1.3em&#8221; body_line_height=&#8221;1.5em&#8221; header_font_size=&#8221;12&#8243; button_text_size=&#8221;15&#8243; \/][\/et_pb_column][et_pb_column type=&#8221;1_4&#8243;][et_pb_cta admin_label=&#8221;Organ Raindrop massage&#8221; button_url=&#8221;https:\/\/abatis.sk\/en\/organ-raindrop-massage\/#&#8221; button_text=&#8221;Organ Raindrop massage&#8221; background_color=&#8221;rgba(250,232,220,0)&#8221; _builder_version=&#8221;3.0.100&#8243; button_alignment=&#8221;center&#8221; url_new_window=&#8221;off&#8221; use_background_color=&#8221;on&#8221; background_layout=&#8221;dark&#8221; custom_button=&#8221;on&#8221; button_icon_placement=&#8221;right&#8221; header_text_color=&#8221;#4f4f4f&#8221; body_text_color=&#8221;#4f4f4f&#8221; button_text_color=&#8221;#a33e64&#8243; header_letter_spacing=&#8221;1px&#8221; header_line_height=&#8221;1.3em&#8221; body_line_height=&#8221;1.5em&#8221; header_font_size=&#8221;19&#8243; button_text_size=&#8221;15&#8243; \/][\/et_pb_column][et_pb_column type=&#8221;1_4&#8243;][et_pb_cta admin_label=&#8221;Emotional \/ Spiritual Raindrop massage&#8221; button_url=&#8221;https:\/\/abatis.sk\/en\/emotional-spiritual-raindrop-massage\/&#8221; button_text=&#8221;Emotional or Spiritual Raindrop&#8221; _builder_version=&#8221;3.0.100&#8243; button_alignment=&#8221;center&#8221; url_new_window=&#8221;off&#8221; use_background_color=&#8221;on&#8221; background_layout=&#8221;dark&#8221; custom_button=&#8221;on&#8221; button_icon_placement=&#8221;right&#8221; header_text_color=&#8221;#4f4f4f&#8221; body_text_color=&#8221;#4f4f4f&#8221; button_text_color=&#8221;#a33e64&#8243; background_color=&#8221;rgba(126,190,197,0)&#8221; header_line_height=&#8221;1.3em&#8221; body_line_height=&#8221;1.5em&#8221; header_font_size=&#8221;19&#8243; button_text_size=&#8221;15&#8243; \/][\/et_pb_column][et_pb_column type=&#8221;1_4&#8243;][et_pb_cta admin_label=&#8221;Raindrop massage with bible oils&#8221; button_url=&#8221;https:\/\/abatis.sk\/en\/raindrop-massage-bible-oils\/&#8221; button_text=&#8221;Raindrop massage with bible oils&#8221; _builder_version=&#8221;3.0.100&#8243; button_alignment=&#8221;center&#8221; url_new_window=&#8221;off&#8221; use_background_color=&#8221;on&#8221; background_layout=&#8221;dark&#8221; custom_button=&#8221;on&#8221; button_icon_placement=&#8221;right&#8221; header_text_color=&#8221;#4f4f4f&#8221; body_text_color=&#8221;#4f4f4f&#8221; button_text_color=&#8221;#a33e64&#8243; background_color=&#8221;rgba(126,190,197,0)&#8221; header_line_height=&#8221;1.3em&#8221; body_line_height=&#8221;1.5em&#8221; header_font_size=&#8221;19&#8243; button_text_size=&#8221;15&#8243; \/][\/et_pb_column][\/et_pb_row][\/et_pb_section][et_pb_section bb_built=&#8221;1&#8243; fullwidth=&#8221;off&#8221; specialty=&#8221;off&#8221; _builder_version=&#8221;3.0.98&#8243; background_color=&#8221;#f9e7db&#8221; custom_margin=&#8221;25px||25px|&#8221; custom_padding=&#8221;25px||25px|&#8221;][et_pb_row _builder_version=&#8221;3.0.98&#8243;][et_pb_column type=&#8221;4_4&#8243;][et_pb_cta admin_label=&#8221;M\u00e1m z\u00e1ujem o mas\u00e1\u017e&#8221; _builder_version=&#8221;3.0.100&#8243; title=&#8221;I am interested in a massage&#8221; button_text=&#8221;Order the massage&#8221; button_url=&#8221;https:\/\/abatis.sk\/en\/contact\/&#8221; url_new_window=&#8221;off&#8221; use_background_color=&#8221;on&#8221; background_layout=&#8221;dark&#8221; custom_button=&#8221;on&#8221; button_icon_placement=&#8221;right&#8221; saved_tabs=&#8221;all&#8221; header_text_color=&#8221;#722e47&#8243; background_color=&#8221;rgba(112,67,107,0)&#8221; body_text_color=&#8221;#722e47&#8243; button_text_color=&#8221;#722e47&#8243; header_line_height=&#8221;1.2em&#8221; body_line_height=&#8221;1.4em&#8221; \/][\/et_pb_column][\/et_pb_row][\/et_pb_section]<\/p>\n","protected":false},"excerpt":{"rendered":"<p>Harmonisation Raindrop Massage Massage\u00a0 suitable for men, women, children and pensioners too. <div class=\"et_pb_row et_pb_row_0 et_pb_row_empty\">\n\t\t\t\t\n\t\t\t\t\n\t\t\t\t\n\t\t\t\t\n\t\t\t\t\n\t\t\t<\/div> What is the Raindrop Massage? For me it is special attention for your body and soul. Technique Raindrop comprises of Eflorage method (special back massage), Vita Flex technique (reflexive foot points) and essencial oils. It is used worldwide for: Relaxing effect on [&hellip;]<\/p>\n","protected":false},"author":1,"featured_media":0,"parent":0,"menu_order":0,"comment_status":"closed","ping_status":"closed","template":"","meta":{"_et_pb_use_builder":"on","_et_pb_old_content":"","_et_gb_content_width":"","_monsterinsights_skip_tracking":false,"_monsterinsights_sitenote_active":false,"_monsterinsights_sitenote_note":"","_monsterinsights_sitenote_category":0,"footnotes":""},"class_list":["post-1430","page","type-page","status-publish","hentry"],"yoast_head":"<!-- This site is optimized with the Yoast SEO plugin v23.7 - https:\/\/yoast.com\/wordpress\/plugins\/seo\/ -->\n<title>Harmonisation Raindrop massage - Abatis<\/title>\n<meta name=\"robots\" content=\"index, follow, max-snippet:-1, max-image-preview:large, max-video-preview:-1\" \/>\n<link rel=\"canonical\" href=\"https:\/\/abatis.sk\/en\/harmonisation-raindrop-massage\/\" \/>\n<meta property=\"og:locale\" content=\"en_US\" \/>\n<meta property=\"og:type\" content=\"article\" \/>\n<meta property=\"og:title\" content=\"Harmonisation Raindrop massage - Abatis\" \/>\n<meta property=\"og:description\" content=\"Harmonisation Raindrop Massage Massage\u00a0 suitable for men, women, children and pensioners too. What is the Raindrop Massage? For me it is special attention for your body and soul. Technique Raindrop comprises of Eflorage method (special back massage), Vita Flex technique (reflexive foot points) and essencial oils. It is used worldwide for: Relaxing effect on [&hellip;]\" \/>\n<meta property=\"og:url\" content=\"https:\/\/abatis.sk\/en\/harmonisation-raindrop-massage\/\" \/>\n<meta property=\"og:site_name\" content=\"Abatis\" \/>\n<meta property=\"article:modified_time\" content=\"2019-02-25T14:43:09+00:00\" \/>\n<meta name=\"twitter:card\" content=\"summary_large_image\" \/>\n<meta name=\"twitter:label1\" content=\"Est. reading time\" \/>\n\t<meta name=\"twitter:data1\" content=\"8 minutes\" \/>\n<script type=\"application\/ld+json\" class=\"yoast-schema-graph\">{\"@context\":\"https:\/\/schema.org\",\"@graph\":[{\"@type\":\"WebPage\",\"@id\":\"https:\/\/abatis.sk\/en\/harmonisation-raindrop-massage\/\",\"url\":\"https:\/\/abatis.sk\/en\/harmonisation-raindrop-massage\/\",\"name\":\"Harmonisation Raindrop massage - Abatis\",\"isPartOf\":{\"@id\":\"https:\/\/abatis.sk\/#website\"},\"datePublished\":\"2018-02-10T20:36:37+00:00\",\"dateModified\":\"2019-02-25T14:43:09+00:00\",\"breadcrumb\":{\"@id\":\"https:\/\/abatis.sk\/en\/harmonisation-raindrop-massage\/#breadcrumb\"},\"inLanguage\":\"en-US\",\"potentialAction\":[{\"@type\":\"ReadAction\",\"target\":[\"https:\/\/abatis.sk\/en\/harmonisation-raindrop-massage\/\"]}]},{\"@type\":\"BreadcrumbList\",\"@id\":\"https:\/\/abatis.sk\/en\/harmonisation-raindrop-massage\/#breadcrumb\",\"itemListElement\":[{\"@type\":\"ListItem\",\"position\":1,\"name\":\"Home\",\"item\":\"https:\/\/abatis.sk\/en\/\"},{\"@type\":\"ListItem\",\"position\":2,\"name\":\"Harmonisation Raindrop massage\"}]},{\"@type\":\"WebSite\",\"@id\":\"https:\/\/abatis.sk\/#website\",\"url\":\"https:\/\/abatis.sk\/\",\"name\":\"Abatis\",\"description\":\"Posv\u00e4tnos\u0165 dotyku\",\"potentialAction\":[{\"@type\":\"SearchAction\",\"target\":{\"@type\":\"EntryPoint\",\"urlTemplate\":\"https:\/\/abatis.sk\/?s={search_term_string}\"},\"query-input\":{\"@type\":\"PropertyValueSpecification\",\"valueRequired\":true,\"valueName\":\"search_term_string\"}}],\"inLanguage\":\"en-US\"}]}<\/script>\n<!-- \/ Yoast SEO plugin. -->","yoast_head_json":{"title":"Harmonisation Raindrop massage - Abatis","robots":{"index":"index","follow":"follow","max-snippet":"max-snippet:-1","max-image-preview":"max-image-preview:large","max-video-preview":"max-video-preview:-1"},"canonical":"https:\/\/abatis.sk\/en\/harmonisation-raindrop-massage\/","og_locale":"en_US","og_type":"article","og_title":"Harmonisation Raindrop massage - Abatis","og_description":"Harmonisation Raindrop Massage Massage\u00a0 suitable for men, women, children and pensioners too. What is the Raindrop Massage? For me it is special attention for your body and soul. Technique Raindrop comprises of Eflorage method (special back massage), Vita Flex technique (reflexive foot points) and essencial oils. It is used worldwide for: Relaxing effect on [&hellip;]","og_url":"https:\/\/abatis.sk\/en\/harmonisation-raindrop-massage\/","og_site_name":"Abatis","article_modified_time":"2019-02-25T14:43:09+00:00","twitter_card":"summary_large_image","twitter_misc":{"Est. reading time":"8 minutes"},"schema":{"@context":"https:\/\/schema.org","@graph":[{"@type":"WebPage","@id":"https:\/\/abatis.sk\/en\/harmonisation-raindrop-massage\/","url":"https:\/\/abatis.sk\/en\/harmonisation-raindrop-massage\/","name":"Harmonisation Raindrop massage - Abatis","isPartOf":{"@id":"https:\/\/abatis.sk\/#website"},"datePublished":"2018-02-10T20:36:37+00:00","dateModified":"2019-02-25T14:43:09+00:00","breadcrumb":{"@id":"https:\/\/abatis.sk\/en\/harmonisation-raindrop-massage\/#breadcrumb"},"inLanguage":"en-US","potentialAction":[{"@type":"ReadAction","target":["https:\/\/abatis.sk\/en\/harmonisation-raindrop-massage\/"]}]},{"@type":"BreadcrumbList","@id":"https:\/\/abatis.sk\/en\/harmonisation-raindrop-massage\/#breadcrumb","itemListElement":[{"@type":"ListItem","position":1,"name":"Home","item":"https:\/\/abatis.sk\/en\/"},{"@type":"ListItem","position":2,"name":"Harmonisation Raindrop massage"}]},{"@type":"WebSite","@id":"https:\/\/abatis.sk\/#website","url":"https:\/\/abatis.sk\/","name":"Abatis","description":"Posv\u00e4tnos\u0165 dotyku","potentialAction":[{"@type":"SearchAction","target":{"@type":"EntryPoint","urlTemplate":"https:\/\/abatis.sk\/?s={search_term_string}"},"query-input":{"@type":"PropertyValueSpecification","valueRequired":true,"valueName":"search_term_string"}}],"inLanguage":"en-US"}]}},"_links":{"self":[{"href":"https:\/\/abatis.sk\/en\/wp-json\/wp\/v2\/pages\/1430"}],"collection":[{"href":"https:\/\/abatis.sk\/en\/wp-json\/wp\/v2\/pages"}],"about":[{"href":"https:\/\/abatis.sk\/en\/wp-json\/wp\/v2\/types\/page"}],"author":[{"embeddable":true,"href":"https:\/\/abatis.sk\/en\/wp-json\/wp\/v2\/users\/1"}],"replies":[{"embeddable":true,"href":"https:\/\/abatis.sk\/en\/wp-json\/wp\/v2\/comments?post=1430"}],"version-history":[{"count":6,"href":"https:\/\/abatis.sk\/en\/wp-json\/wp\/v2\/pages\/1430\/revisions"}],"predecessor-version":[{"id":2142,"href":"https:\/\/abatis.sk\/en\/wp-json\/wp\/v2\/pages\/1430\/revisions\/2142"}],"wp:attachment":[{"href":"https:\/\/abatis.sk\/en\/wp-json\/wp\/v2\/media?parent=1430"}],"curies":[{"name":"wp","href":"https:\/\/api.w.org\/{rel}","templated":true}]}}