{"id":1421,"date":"2018-02-11T13:57:50","date_gmt":"2018-02-11T12:57:50","guid":{"rendered":"https:\/\/abatis.sk\/cennik\/"},"modified":"2019-07-13T12:12:10","modified_gmt":"2019-07-13T10:12:10","slug":"price_list","status":"publish","type":"page","link":"https:\/\/abatis.sk\/en\/price_list\/","title":{"rendered":"Price list"},"content":{"rendered":"<p>[et_pb_section bb_built=&#8221;1&#8243; fullwidth=&#8221;off&#8221; specialty=&#8221;off&#8221; _builder_version=&#8221;3.0.98&#8243; background_color=&#8221;#fae8dc&#8221; custom_margin=&#8221;0px|||&#8221;][et_pb_row use_custom_width=&#8221;on&#8221; custom_width_px=&#8221;1808px&#8221; custom_padding=&#8221;40px|40px|40px|40px&#8221; custom_padding_phone=&#8221;0px|30px|0px|30px&#8221; background_color=&#8221;#fae8dc&#8221; custom_padding_last_edited=&#8221;on|phone&#8221; _builder_version=&#8221;3.0.98&#8243;][et_pb_column type=&#8221;4_4&#8243;][et_pb_text admin_label=&#8221;Price list&#8221; _builder_version=&#8221;3.0.100&#8243; background_layout=&#8221;light&#8221; text_line_height_last_edited=&#8221;on|phone&#8221; header_line_height=&#8221;1.3em&#8221; header_line_height_tablet=&#8221;1.9em&#8221; header_line_height_last_edited=&#8221;on|phone&#8221; header_letter_spacing=&#8221;6px&#8221; header_2_line_height=&#8221;1.3em&#8221; header_2_line_height_last_edited=&#8221;on|phone&#8221; text_font=&#8221;Monika||||||||&#8221; text_line_height_tablet=&#8221;2em&#8221; text_line_height_phone=&#8221;2.7em&#8221; header_line_height_phone=&#8221;2.4em&#8221; saved_tabs=&#8221;all&#8221;]<\/p>\n<h2 style=\"text-align: center;\"><span style=\"color: #a33e64; font-size: 55px; line-height: 90%;\"><span id=\"result_box\" class=\"\" lang=\"en\" tabindex=\"-1\"><span class=\"\">Price list<\/span><\/span><\/span><\/h2>\n<p>[\/et_pb_text][et_pb_divider _builder_version=&#8221;3.0.98&#8243; background_color=&#8221;#b3726c&#8221; height=&#8221;2px&#8221; max_width=&#8221;21%&#8221; module_alignment=&#8221;center&#8221; custom_margin=&#8221;20px||5px|&#8221; \/][\/et_pb_column][\/et_pb_row][\/et_pb_section][et_pb_section bb_built=&#8221;1&#8243; fullwidth=&#8221;off&#8221; specialty=&#8221;off&#8221; _builder_version=&#8221;3.0.98&#8243;][et_pb_row][et_pb_column type=&#8221;1_2&#8243;][et_pb_text admin_label=&#8221;Harmonisation Raindrop Massage:&#8221; _builder_version=&#8221;3.0.100&#8243; background_layout=&#8221;light&#8221; background_color=&#8221;#fae8dc&#8221; custom_padding=&#8221;40px|20px|75px|20px&#8221; text_text_color=&#8221;#b3726c&#8221; header_text_color=&#8221;#b3726c&#8221; border_color_all=&#8221;#b3726c&#8221; custom_padding_tablet=&#8221;40px|20px|20px|20px&#8221; custom_padding_last_edited=&#8221;on|desktop&#8221;]<\/p>\n<h2><span style=\"color: #722e47;\"><em>Harmonisation Raindrop Massage:<\/em><\/span><\/h2>\n<ul>\n<li><span style=\"color: #722e47;\">Classic Raindrop massage\u00a0 \u00a0<strong>40,- \u20ac<\/strong><\/span><\/li>\n<li><span style=\"color: #722e47;\">Emotional or Spiritual Raindrop Massage\u00a0 \u00a0<strong>45,- \u20ac<\/strong><\/span><\/li>\n<li><span style=\"color: #722e47;\">Organ Raindrop Massage\u00a0\u2013 kidney\u00a0\u00a0<strong>49,- \u20ac<\/strong><\/span><\/li>\n<li><span style=\"color: #722e47;\">Organ Raindrop Massage \u2013 liver\u00a0 \u00a0<strong>49,- \u20ac<\/strong><\/span><\/li>\n<li><span style=\"color: #722e47;\">Organ Raindrop Massage \u2013 heart\u00a0 \u00a0<strong>49,- \u20ac<\/strong><\/span><\/li>\n<li><span style=\"color: #722e47;\">Organ Raindrop Massage \u2013 hormonal \/ endocrine\u00a0 \u00a0<strong>49,- \u20ac<\/strong><\/span><\/li>\n<li><span style=\"color: #722e47;\">Raindrop massage with bible oils\u00a0 \u00a0<strong>55,- \u20ac<\/strong><\/span><\/li>\n<\/ul>\n<p>[\/et_pb_text][\/et_pb_column][et_pb_column type=&#8221;1_2&#8243;][et_pb_text admin_label=&#8221;Intuitive fullbody Massages with Present touch:&#8221; _builder_version=&#8221;3.0.100&#8243; background_layout=&#8221;light&#8221; background_color=&#8221;#fae8dc&#8221; custom_padding=&#8221;40px|20px|75px|20px&#8221; text_text_color=&#8221;#b3726c&#8221; header_text_color=&#8221;#b3726c&#8221;]<\/p>\n<h2><span style=\"color: #722e47;\"><em>Intuitive fullbody Massages with Sacred touch:<\/em><\/span><\/h2>\n<ul>\n<li><span style=\"color: #722e47;\">Touch of grandeur <strong>150\u00a0\u20ac<\/strong><\/span><\/li>\n<li><span style=\"color: #722e47;\">Hara massage<\/span><strong style=\"color: #722e47;\">\u00a065 \u20ac<\/strong><\/li>\n<li><span style=\"color: #722e47;\">Visionary massage<strong>\u00a075 \u20ac\u00a0<\/strong><\/span><\/li>\n<li><span style=\"color: #722e47;\">King massage <strong>59 \u20ac<\/strong><\/span><\/li>\n<li><span style=\"color: #722e47;\">Therapeutic massage <strong>40 \u20ac\/hour<\/strong><\/span><\/li>\n<\/ul>\n<p>[\/et_pb_text][\/et_pb_column][\/et_pb_row][et_pb_row][et_pb_column type=&#8221;1_2&#8243;][et_pb_text admin_label=&#8221;Lomi Lomi nui massage:&#8221; _builder_version=&#8221;3.0.100&#8243; background_layout=&#8221;light&#8221; background_color=&#8221;#fae8dc&#8221; custom_padding=&#8221;40px|20px|20px|20px&#8221; text_text_color=&#8221;#b3726c&#8221; header_text_color=&#8221;#b3726c&#8221;]<\/p>\n<h2><span style=\"color: #722e47;\"><em>Lomi Lomi Nui Massages:<\/em><\/span><\/h2>\n<ul>\n<li><span style=\"color: #722e47;\">Lomi Lomi Nui massage (2hours)\u00a0<strong>65\u20ac<\/strong><\/span><\/li>\n<li><span style=\"color: #722e47;\">Lomi Lomi Nui massage for regular clients<\/span><strong style=\"color: #722e47;\">\u00a060 \u20ac<\/strong><\/li>\n<li><span style=\"color: #722e47;\">Terapeutic massage (2hours min.): de-armoring\u00a0<strong>40 \u20ac\/hour\u00a0<\/strong><\/span><\/li>\n<\/ul>\n<p>[\/et_pb_text][\/et_pb_column][et_pb_column type=&#8221;1_2&#8243;][et_pb_text admin_label=&#8221;Therapy:&#8221; _builder_version=&#8221;3.0.100&#8243; background_layout=&#8221;light&#8221; background_color=&#8221;#fae8dc&#8221; custom_padding=&#8221;40px|20px|70px|20px&#8221; text_text_color=&#8221;#b3726c&#8221; header_text_color=&#8221;#b3726c&#8221;]<\/p>\n<h2><span style=\"color: #722e47;\"><em>Therapy:<\/em><\/span><\/h2>\n<ul>\n<li><span style=\"color: #722e47;\">Every therapeutic metod\u00a0<strong>40\u20ac\/hour<\/strong><\/span><span style=\"color: #722e47;\"><strong>\u00a0<\/strong><\/span><\/li>\n<\/ul>\n<p>[\/et_pb_text][\/et_pb_column][\/et_pb_row][et_pb_row][et_pb_column type=&#8221;4_4&#8243;][et_pb_text admin_label=&#8221;Services&#8221; _builder_version=&#8221;3.0.100&#8243; background_layout=&#8221;light&#8221; background_color=&#8221;#fae8dc&#8221; custom_padding=&#8221;40px|20px|75px|20px&#8221; text_text_color=&#8221;#b3726c&#8221; header_text_color=&#8221;#b3726c&#8221; border_color_all=&#8221;#b3726c&#8221; custom_padding_tablet=&#8221;40px|20px|20px|20px&#8221; custom_padding_last_edited=&#8221;on|desktop&#8221;]<\/p>\n<h2><span style=\"color: #722e47;\"><em>Services:<\/em><\/span><\/h2>\n<ul>\n<li><span style=\"color: #722e47;\">Shower, refreshment, drinking or short consultations are included<\/span><\/li>\n<li><span style=\"color: #722e47;\">The skin is our largest organ, through which we perceive a spectrum of feelings. That&#8217;s why I take care about it with respect, So I use natural cosmetic, bio oils and\u00a0natural detergents.<\/span><\/li>\n<\/ul>\n<p>[\/et_pb_text][\/et_pb_column][\/et_pb_row][\/et_pb_section][et_pb_section bb_built=&#8221;1&#8243; fullwidth=&#8221;off&#8221; specialty=&#8221;off&#8221; _builder_version=&#8221;3.0.98&#8243; background_color=&#8221;#722e47&#8243; custom_margin=&#8221;25px||25px|&#8221; custom_padding=&#8221;25px||25px|&#8221;][et_pb_row _builder_version=&#8221;3.0.98&#8243;][et_pb_column type=&#8221;4_4&#8243;][et_pb_cta admin_label=&#8221;M\u00e1m z\u00e1ujem o mas\u00e1\u017e&#8221; _builder_version=&#8221;3.0.98&#8243; title=&#8221;I am interested about massages&#8221; button_text=&#8221;massages&#8221; button_url=&#8221;https:\/\/abatis.sk\/en\/massages\/&#8221; url_new_window=&#8221;off&#8221; use_background_color=&#8221;on&#8221; background_layout=&#8221;dark&#8221; custom_button=&#8221;on&#8221; button_icon_placement=&#8221;right&#8221; saved_tabs=&#8221;all&#8221; header_text_color=&#8221;#ffffff&#8221; background_color=&#8221;rgba(112,67,107,0)&#8221; body_text_color=&#8221;#ffffff&#8221; button_text_color=&#8221;#ffffff&#8221; header_line_height=&#8221;1.2em&#8221; body_line_height=&#8221;1.4em&#8221;]<\/p>\n<p style=\"text-align: center; font-color: #722e47;\">Look more&#8230;<\/p>\n<p>[\/et_pb_cta][\/et_pb_column][\/et_pb_row][\/et_pb_section]<\/p>\n","protected":false},"excerpt":{"rendered":"<p>Price list <div class=\"et_pb_row et_pb_row_0 et_pb_row_empty\">\n\t\t\t\t\n\t\t\t\t\n\t\t\t\t\n\t\t\t\t\n\t\t\t\t\n\t\t\t<\/div> Harmonisation Raindrop Massage: Classic Raindrop massage\u00a0 \u00a040,- \u20ac Emotional or Spiritual Raindrop Massage\u00a0 \u00a045,- \u20ac Organ Raindrop Massage\u00a0\u2013 kidney\u00a0\u00a049,- \u20ac Organ Raindrop Massage \u2013 liver\u00a0 \u00a049,- \u20ac Organ Raindrop Massage \u2013 heart\u00a0 \u00a049,- \u20ac Organ Raindrop Massage \u2013 hormonal \/ endocrine\u00a0 \u00a049,- \u20ac Raindrop massage with bible oils\u00a0 \u00a055,- \u20ac Intuitive fullbody [&hellip;]<\/p>\n","protected":false},"author":1,"featured_media":0,"parent":0,"menu_order":0,"comment_status":"closed","ping_status":"closed","template":"","meta":{"_et_pb_use_builder":"on","_et_pb_old_content":"","_et_gb_content_width":"","_monsterinsights_skip_tracking":false,"_monsterinsights_sitenote_active":false,"_monsterinsights_sitenote_note":"","_monsterinsights_sitenote_category":0,"footnotes":""},"class_list":["post-1421","page","type-page","status-publish","hentry"],"yoast_head":"<!-- This site is optimized with the Yoast SEO plugin v23.7 - https:\/\/yoast.com\/wordpress\/plugins\/seo\/ -->\n<title>Price list - Abatis<\/title>\n<meta name=\"robots\" content=\"index, follow, max-snippet:-1, max-image-preview:large, max-video-preview:-1\" \/>\n<link rel=\"canonical\" href=\"https:\/\/abatis.sk\/en\/price_list\/\" \/>\n<meta property=\"og:locale\" content=\"en_US\" \/>\n<meta property=\"og:type\" content=\"article\" \/>\n<meta property=\"og:title\" content=\"Price list - Abatis\" \/>\n<meta property=\"og:description\" content=\"Price list Harmonisation Raindrop Massage: Classic Raindrop massage\u00a0 \u00a040,- \u20ac Emotional or Spiritual Raindrop Massage\u00a0 \u00a045,- \u20ac Organ Raindrop Massage\u00a0\u2013 kidney\u00a0\u00a049,- \u20ac Organ Raindrop Massage \u2013 liver\u00a0 \u00a049,- \u20ac Organ Raindrop Massage \u2013 heart\u00a0 \u00a049,- \u20ac Organ Raindrop Massage \u2013 hormonal \/ endocrine\u00a0 \u00a049,- \u20ac Raindrop massage with bible oils\u00a0 \u00a055,- \u20ac Intuitive fullbody [&hellip;]\" \/>\n<meta property=\"og:url\" content=\"https:\/\/abatis.sk\/en\/price_list\/\" \/>\n<meta property=\"og:site_name\" content=\"Abatis\" \/>\n<meta property=\"article:modified_time\" content=\"2019-07-13T10:12:10+00:00\" \/>\n<meta name=\"twitter:card\" content=\"summary_large_image\" \/>\n<meta name=\"twitter:label1\" content=\"Est. reading time\" \/>\n\t<meta name=\"twitter:data1\" content=\"3 minutes\" \/>\n<script type=\"application\/ld+json\" class=\"yoast-schema-graph\">{\"@context\":\"https:\/\/schema.org\",\"@graph\":[{\"@type\":\"WebPage\",\"@id\":\"https:\/\/abatis.sk\/en\/price_list\/\",\"url\":\"https:\/\/abatis.sk\/en\/price_list\/\",\"name\":\"Price list - Abatis\",\"isPartOf\":{\"@id\":\"https:\/\/abatis.sk\/#website\"},\"datePublished\":\"2018-02-11T12:57:50+00:00\",\"dateModified\":\"2019-07-13T10:12:10+00:00\",\"breadcrumb\":{\"@id\":\"https:\/\/abatis.sk\/en\/price_list\/#breadcrumb\"},\"inLanguage\":\"en-US\",\"potentialAction\":[{\"@type\":\"ReadAction\",\"target\":[\"https:\/\/abatis.sk\/en\/price_list\/\"]}]},{\"@type\":\"BreadcrumbList\",\"@id\":\"https:\/\/abatis.sk\/en\/price_list\/#breadcrumb\",\"itemListElement\":[{\"@type\":\"ListItem\",\"position\":1,\"name\":\"Home\",\"item\":\"https:\/\/abatis.sk\/en\/\"},{\"@type\":\"ListItem\",\"position\":2,\"name\":\"Price list\"}]},{\"@type\":\"WebSite\",\"@id\":\"https:\/\/abatis.sk\/#website\",\"url\":\"https:\/\/abatis.sk\/\",\"name\":\"Abatis\",\"description\":\"Posv\u00e4tnos\u0165 dotyku\",\"potentialAction\":[{\"@type\":\"SearchAction\",\"target\":{\"@type\":\"EntryPoint\",\"urlTemplate\":\"https:\/\/abatis.sk\/?s={search_term_string}\"},\"query-input\":{\"@type\":\"PropertyValueSpecification\",\"valueRequired\":true,\"valueName\":\"search_term_string\"}}],\"inLanguage\":\"en-US\"}]}<\/script>\n<!-- \/ Yoast SEO plugin. -->","yoast_head_json":{"title":"Price list - Abatis","robots":{"index":"index","follow":"follow","max-snippet":"max-snippet:-1","max-image-preview":"max-image-preview:large","max-video-preview":"max-video-preview:-1"},"canonical":"https:\/\/abatis.sk\/en\/price_list\/","og_locale":"en_US","og_type":"article","og_title":"Price list - Abatis","og_description":"Price list Harmonisation Raindrop Massage: Classic Raindrop massage\u00a0 \u00a040,- \u20ac Emotional or Spiritual Raindrop Massage\u00a0 \u00a045,- \u20ac Organ Raindrop Massage\u00a0\u2013 kidney\u00a0\u00a049,- \u20ac Organ Raindrop Massage \u2013 liver\u00a0 \u00a049,- \u20ac Organ Raindrop Massage \u2013 heart\u00a0 \u00a049,- \u20ac Organ Raindrop Massage \u2013 hormonal \/ endocrine\u00a0 \u00a049,- \u20ac Raindrop massage with bible oils\u00a0 \u00a055,- \u20ac Intuitive fullbody [&hellip;]","og_url":"https:\/\/abatis.sk\/en\/price_list\/","og_site_name":"Abatis","article_modified_time":"2019-07-13T10:12:10+00:00","twitter_card":"summary_large_image","twitter_misc":{"Est. reading time":"3 minutes"},"schema":{"@context":"https:\/\/schema.org","@graph":[{"@type":"WebPage","@id":"https:\/\/abatis.sk\/en\/price_list\/","url":"https:\/\/abatis.sk\/en\/price_list\/","name":"Price list - Abatis","isPartOf":{"@id":"https:\/\/abatis.sk\/#website"},"datePublished":"2018-02-11T12:57:50+00:00","dateModified":"2019-07-13T10:12:10+00:00","breadcrumb":{"@id":"https:\/\/abatis.sk\/en\/price_list\/#breadcrumb"},"inLanguage":"en-US","potentialAction":[{"@type":"ReadAction","target":["https:\/\/abatis.sk\/en\/price_list\/"]}]},{"@type":"BreadcrumbList","@id":"https:\/\/abatis.sk\/en\/price_list\/#breadcrumb","itemListElement":[{"@type":"ListItem","position":1,"name":"Home","item":"https:\/\/abatis.sk\/en\/"},{"@type":"ListItem","position":2,"name":"Price list"}]},{"@type":"WebSite","@id":"https:\/\/abatis.sk\/#website","url":"https:\/\/abatis.sk\/","name":"Abatis","description":"Posv\u00e4tnos\u0165 dotyku","potentialAction":[{"@type":"SearchAction","target":{"@type":"EntryPoint","urlTemplate":"https:\/\/abatis.sk\/?s={search_term_string}"},"query-input":{"@type":"PropertyValueSpecification","valueRequired":true,"valueName":"search_term_string"}}],"inLanguage":"en-US"}]}},"_links":{"self":[{"href":"https:\/\/abatis.sk\/en\/wp-json\/wp\/v2\/pages\/1421"}],"collection":[{"href":"https:\/\/abatis.sk\/en\/wp-json\/wp\/v2\/pages"}],"about":[{"href":"https:\/\/abatis.sk\/en\/wp-json\/wp\/v2\/types\/page"}],"author":[{"embeddable":true,"href":"https:\/\/abatis.sk\/en\/wp-json\/wp\/v2\/users\/1"}],"replies":[{"embeddable":true,"href":"https:\/\/abatis.sk\/en\/wp-json\/wp\/v2\/comments?post=1421"}],"version-history":[{"count":6,"href":"https:\/\/abatis.sk\/en\/wp-json\/wp\/v2\/pages\/1421\/revisions"}],"predecessor-version":[{"id":2367,"href":"https:\/\/abatis.sk\/en\/wp-json\/wp\/v2\/pages\/1421\/revisions\/2367"}],"wp:attachment":[{"href":"https:\/\/abatis.sk\/en\/wp-json\/wp\/v2\/media?parent=1421"}],"curies":[{"name":"wp","href":"https:\/\/api.w.org\/{rel}","templated":true}]}}