{"id":1418,"date":"2018-02-09T17:02:18","date_gmt":"2018-02-09T16:02:18","guid":{"rendered":"https:\/\/abatis.sk\/blog\/"},"modified":"2018-06-07T23:18:45","modified_gmt":"2018-06-07T21:18:45","slug":"blog","status":"publish","type":"page","link":"https:\/\/abatis.sk\/en\/blog\/","title":{"rendered":"Blog_en"},"content":{"rendered":"<p>[et_pb_section bb_built=&#8221;1&#8243; fullwidth=&#8221;off&#8221; specialty=&#8221;off&#8221; _builder_version=&#8221;3.0.98&#8243; background_color=&#8221;#fae8dc&#8221;][et_pb_row][et_pb_column type=&#8221;4_4&#8243;][et_pb_text admin_label=&#8221;V pr\u00edpade z\u00e1ujmu ma nev\u00e1hajte kontaktova\u0165:&#8221; _builder_version=&#8221;3.0.98&#8243; background_layout=&#8221;light&#8221; text_line_height_last_edited=&#8221;on|phone&#8221; header_line_height=&#8221;1.3em&#8221; header_line_height_tablet=&#8221;1.9em&#8221; header_line_height_last_edited=&#8221;on|phone&#8221; header_letter_spacing=&#8221;6px&#8221; header_2_line_height=&#8221;1.3em&#8221; header_2_line_height_last_edited=&#8221;on|phone&#8221; text_font=&#8221;Monika||||||||&#8221; text_line_height_tablet=&#8221;2em&#8221; text_line_height_phone=&#8221;2.7em&#8221; header_line_height_phone=&#8221;2.4em&#8221; saved_tabs=&#8221;all&#8221;]<\/p>\n<h2 style=\"text-align: center;\"><span style=\"color: #a33e64; font-size: 55px; line-height: 90%;\">Welcom to my blog<\/span><\/h2>\n<p>[\/et_pb_text][et_pb_divider _builder_version=&#8221;3.0.98&#8243; background_color=&#8221;#722e47&#8243; height=&#8221;2px&#8221; max_width=&#8221;25%&#8221; module_alignment=&#8221;center&#8221; custom_margin=&#8221;55px||25px|&#8221; \/][\/et_pb_column][\/et_pb_row][\/et_pb_section][et_pb_section bb_built=&#8221;1&#8243; fullwidth=&#8221;off&#8221; specialty=&#8221;on&#8221;][et_pb_column type=&#8221;3_4&#8243; specialty_columns=&#8221;3&#8243;][et_pb_row_inner admin_label=&#8221;Riadok&#8221;][et_pb_column_inner type=&#8221;4_4&#8243; saved_specialty_column_type=&#8221;3_4&#8243;][et_pb_blog _builder_version=&#8221;3.0.100&#8243; include_categories=&#8221;16,13&#8243; show_content=&#8221;off&#8221; show_thumbnail=&#8221;on&#8221; show_more=&#8221;on&#8221; show_author=&#8221;on&#8221; show_date=&#8221;on&#8221; show_categories=&#8221;on&#8221; show_comments=&#8221;on&#8221; show_pagination=&#8221;on&#8221; fullwidth=&#8221;on&#8221; use_overlay=&#8221;off&#8221; background_layout=&#8221;light&#8221; pagination_font_size_tablet=&#8221;51&#8243; pagination_line_height_tablet=&#8221;2&#8243; pagination_font=&#8221;Arial|700|||||||&#8221; header_text_color=&#8221;#722e47&#8243; meta_font=&#8221;Arial||||||||&#8221; meta_text_color=&#8221;#722e47&#8243; pagination_text_color=&#8221;#7cda24&#8243; \/][\/et_pb_column_inner][\/et_pb_row_inner][\/et_pb_column][et_pb_column type=&#8221;1_4&#8243;][et_pb_sidebar _builder_version=&#8221;3.0.100&#8243; area=&#8221;sidebar-1&#8243; orientation=&#8221;left&#8221; show_border=&#8221;on&#8221; background_layout=&#8221;light&#8221; \/][\/et_pb_column][\/et_pb_section]<\/p>\n","protected":false},"excerpt":{"rendered":"<p><div class=\"et_pb_row et_pb_row_0 et_pb_row_empty\">\n\t\t\t\t\n\t\t\t\t\n\t\t\t\t\n\t\t\t\t\n\t\t\t\t\n\t\t\t<\/div> Welcom to my blog<\/p>\n","protected":false},"author":1,"featured_media":0,"parent":0,"menu_order":0,"comment_status":"closed","ping_status":"closed","template":"","meta":{"_et_pb_use_builder":"on","_et_pb_old_content":"","_et_gb_content_width":"","_monsterinsights_skip_tracking":false,"_monsterinsights_sitenote_active":false,"_monsterinsights_sitenote_note":"","_monsterinsights_sitenote_category":0,"footnotes":""},"class_list":["post-1418","page","type-page","status-publish","hentry"],"yoast_head":"<!-- This site is optimized with the Yoast SEO plugin v23.7 - https:\/\/yoast.com\/wordpress\/plugins\/seo\/ -->\n<title>Blog_en - Abatis<\/title>\n<meta name=\"robots\" content=\"index, follow, max-snippet:-1, max-image-preview:large, max-video-preview:-1\" \/>\n<link rel=\"canonical\" href=\"https:\/\/abatis.sk\/en\/blog\/\" \/>\n<meta property=\"og:locale\" content=\"en_US\" \/>\n<meta property=\"og:type\" content=\"article\" \/>\n<meta property=\"og:title\" content=\"Blog_en - Abatis\" \/>\n<meta property=\"og:description\" content=\"Welcom to my blog\" \/>\n<meta property=\"og:url\" content=\"https:\/\/abatis.sk\/en\/blog\/\" \/>\n<meta property=\"og:site_name\" content=\"Abatis\" \/>\n<meta property=\"article:modified_time\" content=\"2018-06-07T21:18:45+00:00\" \/>\n<meta name=\"twitter:card\" content=\"summary_large_image\" \/>\n<meta name=\"twitter:label1\" content=\"Est. reading time\" \/>\n\t<meta name=\"twitter:data1\" content=\"1 minute\" \/>\n<script type=\"application\/ld+json\" class=\"yoast-schema-graph\">{\"@context\":\"https:\/\/schema.org\",\"@graph\":[{\"@type\":\"WebPage\",\"@id\":\"https:\/\/abatis.sk\/en\/blog\/\",\"url\":\"https:\/\/abatis.sk\/en\/blog\/\",\"name\":\"Blog_en - Abatis\",\"isPartOf\":{\"@id\":\"https:\/\/abatis.sk\/#website\"},\"datePublished\":\"2018-02-09T16:02:18+00:00\",\"dateModified\":\"2018-06-07T21:18:45+00:00\",\"breadcrumb\":{\"@id\":\"https:\/\/abatis.sk\/en\/blog\/#breadcrumb\"},\"inLanguage\":\"en-US\",\"potentialAction\":[{\"@type\":\"ReadAction\",\"target\":[\"https:\/\/abatis.sk\/en\/blog\/\"]}]},{\"@type\":\"BreadcrumbList\",\"@id\":\"https:\/\/abatis.sk\/en\/blog\/#breadcrumb\",\"itemListElement\":[{\"@type\":\"ListItem\",\"position\":1,\"name\":\"Home\",\"item\":\"https:\/\/abatis.sk\/en\/\"},{\"@type\":\"ListItem\",\"position\":2,\"name\":\"Blog_en\"}]},{\"@type\":\"WebSite\",\"@id\":\"https:\/\/abatis.sk\/#website\",\"url\":\"https:\/\/abatis.sk\/\",\"name\":\"Abatis\",\"description\":\"Posv\u00e4tnos\u0165 dotyku\",\"potentialAction\":[{\"@type\":\"SearchAction\",\"target\":{\"@type\":\"EntryPoint\",\"urlTemplate\":\"https:\/\/abatis.sk\/?s={search_term_string}\"},\"query-input\":{\"@type\":\"PropertyValueSpecification\",\"valueRequired\":true,\"valueName\":\"search_term_string\"}}],\"inLanguage\":\"en-US\"}]}<\/script>\n<!-- \/ Yoast SEO plugin. -->","yoast_head_json":{"title":"Blog_en - Abatis","robots":{"index":"index","follow":"follow","max-snippet":"max-snippet:-1","max-image-preview":"max-image-preview:large","max-video-preview":"max-video-preview:-1"},"canonical":"https:\/\/abatis.sk\/en\/blog\/","og_locale":"en_US","og_type":"article","og_title":"Blog_en - Abatis","og_description":"Welcom to my blog","og_url":"https:\/\/abatis.sk\/en\/blog\/","og_site_name":"Abatis","article_modified_time":"2018-06-07T21:18:45+00:00","twitter_card":"summary_large_image","twitter_misc":{"Est. reading time":"1 minute"},"schema":{"@context":"https:\/\/schema.org","@graph":[{"@type":"WebPage","@id":"https:\/\/abatis.sk\/en\/blog\/","url":"https:\/\/abatis.sk\/en\/blog\/","name":"Blog_en - Abatis","isPartOf":{"@id":"https:\/\/abatis.sk\/#website"},"datePublished":"2018-02-09T16:02:18+00:00","dateModified":"2018-06-07T21:18:45+00:00","breadcrumb":{"@id":"https:\/\/abatis.sk\/en\/blog\/#breadcrumb"},"inLanguage":"en-US","potentialAction":[{"@type":"ReadAction","target":["https:\/\/abatis.sk\/en\/blog\/"]}]},{"@type":"BreadcrumbList","@id":"https:\/\/abatis.sk\/en\/blog\/#breadcrumb","itemListElement":[{"@type":"ListItem","position":1,"name":"Home","item":"https:\/\/abatis.sk\/en\/"},{"@type":"ListItem","position":2,"name":"Blog_en"}]},{"@type":"WebSite","@id":"https:\/\/abatis.sk\/#website","url":"https:\/\/abatis.sk\/","name":"Abatis","description":"Posv\u00e4tnos\u0165 dotyku","potentialAction":[{"@type":"SearchAction","target":{"@type":"EntryPoint","urlTemplate":"https:\/\/abatis.sk\/?s={search_term_string}"},"query-input":{"@type":"PropertyValueSpecification","valueRequired":true,"valueName":"search_term_string"}}],"inLanguage":"en-US"}]}},"_links":{"self":[{"href":"https:\/\/abatis.sk\/en\/wp-json\/wp\/v2\/pages\/1418"}],"collection":[{"href":"https:\/\/abatis.sk\/en\/wp-json\/wp\/v2\/pages"}],"about":[{"href":"https:\/\/abatis.sk\/en\/wp-json\/wp\/v2\/types\/page"}],"author":[{"embeddable":true,"href":"https:\/\/abatis.sk\/en\/wp-json\/wp\/v2\/users\/1"}],"replies":[{"embeddable":true,"href":"https:\/\/abatis.sk\/en\/wp-json\/wp\/v2\/comments?post=1418"}],"version-history":[{"count":6,"href":"https:\/\/abatis.sk\/en\/wp-json\/wp\/v2\/pages\/1418\/revisions"}],"predecessor-version":[{"id":1880,"href":"https:\/\/abatis.sk\/en\/wp-json\/wp\/v2\/pages\/1418\/revisions\/1880"}],"wp:attachment":[{"href":"https:\/\/abatis.sk\/en\/wp-json\/wp\/v2\/media?parent=1418"}],"curies":[{"name":"wp","href":"https:\/\/api.w.org\/{rel}","templated":true}]}}