{"id":1331,"date":"2018-02-06T20:56:00","date_gmt":"2018-02-06T19:56:00","guid":{"rendered":"https:\/\/abatis.sk\/uvod\/"},"modified":"2019-05-19T16:53:01","modified_gmt":"2019-05-19T14:53:01","slug":"uvod","status":"publish","type":"page","link":"https:\/\/abatis.sk\/en\/","title":{"rendered":"Home"},"content":{"rendered":"<p>[et_pb_section bb_built=&#8221;1&#8243; fullwidth=&#8221;off&#8221; specialty=&#8221;off&#8221; _builder_version=&#8221;3.0.98&#8243; background_image=&#8221;http:\/\/abatis.sk\/wp-content\/uploads\/2018\/02\/MASAZE.jpg&#8221; background_color=&#8221;rgba(255,255,255,0)&#8221; custom_padding=&#8221;180px||180px|&#8221; disabled=&#8221;on&#8221; disabled_on=&#8221;on|on|on&#8221;][et_pb_row use_custom_width=&#8221;on&#8221; custom_width_px=&#8221;1808px&#8221; custom_padding=&#8221;40px|40px|40px|40px&#8221; custom_padding_phone=&#8221;30px|30px|30px|30px&#8221; custom_padding_last_edited=&#8221;on|phone&#8221; _builder_version=&#8221;3.0.98&#8243;][et_pb_column type=&#8221;4_4&#8243;][et_pb_text _builder_version=&#8221;3.0.98&#8243; text_orientation=&#8221;center&#8221; background_layout=&#8221;light&#8221; text_line_height=&#8221;1.2em&#8221; custom_margin=&#8221;||8px|&#8221; header_font_size=&#8221;28px&#8221; header_font_size_tablet=&#8221;17px&#8221; header_font_size_last_edited=&#8221;on|phone&#8221; text_font_size=&#8221;15px&#8221; text_font_size_tablet=&#8221;32px&#8221; text_font_size_last_edited=&#8221;on|tablet&#8221; header_line_height=&#8221;1.1em&#8221; header_line_height_tablet=&#8221;1.3em&#8221; header_line_height_last_edited=&#8221;on|tablet&#8221; text_font=&#8221;Monika||||||||&#8221; header_font_size_phone=&#8221;32px&#8221; custom_padding=&#8221;|120px||120px&#8221;]<\/p>\n<p style=\"text-align: center; font-size: 50px;\"><span style=\"color: #ffffff;\">&#8220;Pr\u00edtomn\u00fd dotyk je pozornos\u0165, kde je pozornos\u0165 tam plynie energia, kde plynie energia, tam je \u017eivot. &#8220;<\/span><\/p>\n<p>[\/et_pb_text][\/et_pb_column][\/et_pb_row][\/et_pb_section][et_pb_section bb_built=&#8221;1&#8243; fullwidth=&#8221;off&#8221; specialty=&#8221;off&#8221; _builder_version=&#8221;3.0.98&#8243; background_color=&#8221;#ffffff&#8221; custom_margin=&#8221;0px|||&#8221; disabled=&#8221;off&#8221; disabled_on=&#8221;on|on|off&#8221; custom_padding=&#8221;30px||0px|&#8221; background_image=&#8221;https:\/\/abatis.sk\/wp-content\/uploads\/2018\/03\/slider_uvod_ab.jpg&#8221;][et_pb_row use_custom_width=&#8221;on&#8221; custom_width_px=&#8221;1808px&#8221; custom_padding=&#8221;40px|40px|40px|40px&#8221; custom_padding_phone=&#8221;0px|30px|0px|30px&#8221; custom_padding_last_edited=&#8221;on|phone&#8221; _builder_version=&#8221;3.0.98&#8243;][et_pb_column type=&#8221;4_4&#8243;][et_pb_text admin_label=&#8221;motto_PC&#8221; _builder_version=&#8221;3.0.100&#8243; background_layout=&#8221;light&#8221; text_font=&#8221;Dancing Script||||||||&#8221; text_text_color=&#8221;#722e47&#8243; text_line_height=&#8221;1.8em&#8221;]<\/p>\n<p style=\"text-align: center; font-size: 44px;\"><span style=\"color: #722e47;\">&#8220;Present touch is the focus, where attention is, there the energy flows,<br \/>\nwhere the energy flows, there is a Life. &#8220;<\/span><\/p>\n<p>[\/et_pb_text][et_pb_divider _builder_version=&#8221;3.0.98&#8243; background_color=&#8221;#722e47&#8243; height=&#8221;2px&#8221; max_width=&#8221;9%&#8221; module_alignment=&#8221;center&#8221; \/][et_pb_text admin_label=&#8221;obr\u00e1zok_motyl&#8221; _builder_version=&#8221;3.0.98&#8243; background_layout=&#8221;light&#8221; text_orientation=&#8221;center&#8221; custom_padding=&#8221;35px||0px|&#8221;]<\/p>\n<p><img loading=\"lazy\" decoding=\"async\" class=\" wp-image-952 aligncenter\" src=\"http:\/\/abatis.sk\/wp-content\/uploads\/2018\/02\/obr_citat-300x225.png\" alt=\"\" width=\"369\" height=\"277\" \/><\/p>\n<p>[\/et_pb_text][\/et_pb_column][\/et_pb_row][\/et_pb_section][et_pb_section bb_built=&#8221;1&#8243; background_color=&#8221;rgba(255,255,255,0)&#8221; _builder_version=&#8221;3.0.98&#8243; custom_padding_tablet=&#8221;|20px||20px&#8221; custom_padding_last_edited=&#8221;on|desktop&#8221; custom_padding=&#8221;0px||0px|&#8221; custom_padding_phone=&#8221;|20px|0px|20px&#8221;][et_pb_row use_custom_width=&#8221;on&#8221; custom_width_px=&#8221;1808px&#8221; custom_padding=&#8221;40px|40px|40px|40px&#8221; custom_padding_phone=&#8221;80px|30px|0px|30px&#8221; custom_padding_last_edited=&#8221;on|phone&#8221; _builder_version=&#8221;3.0.98&#8243;][et_pb_column type=&#8221;4_4&#8243;][et_pb_text admin_label=&#8221;Text-mobil&#8221; _builder_version=&#8221;3.0.98&#8243; background_layout=&#8221;light&#8221; disabled=&#8221;on&#8221; disabled_on=&#8221;on|on|on&#8221; text_font=&#8221;Playball||||||||&#8221; text_font_size=&#8221;25px&#8221; text_line_height=&#8221;1.5em&#8221;]<\/p>\n<p style=\"text-align: center; font-size: 28px; font-color: #d30069;\"><span style=\"color: #d30069;\">L\u00e1skypln\u00e9 mas\u00e1\u017ee Abatis<\/span><\/p>\n<p style=\"text-align: center;\">&#8220;Pr\u00edtomn\u00fd dotyk je pozornos\u0165, kde je pozornos\u0165 tam plynie energia, kde plynie energia, tam je \u017dIVOT. &#8220;<\/p>\n<p style=\"text-align: center;\"><img loading=\"lazy\" decoding=\"async\" class=\"alignnone wp-image-952\" src=\"http:\/\/abatis.sk\/wp-content\/uploads\/2018\/02\/obr_citat-300x225.png\" alt=\"\" width=\"198\" height=\"149\" \/><\/p>\n<p>[\/et_pb_text][et_pb_text admin_label=&#8221;motto_MOBIL&#8221; _builder_version=&#8221;3.0.100&#8243; background_layout=&#8221;light&#8221; disabled=&#8221;off&#8221; disabled_on=&#8221;||on&#8221; text_font=&#8221;Dancing Script||||||||&#8221; text_font_size=&#8221;25px&#8221; text_line_height=&#8221;1.5em&#8221;]<\/p>\n<p style=\"text-align: center; font-size: 28px;\">&#8220;Present touch is the focus, where attention is, there the energy flows,<br \/>\nwhere the energy flows, there is a LIFE. &#8220;<\/p>\n<p style=\"text-align: center;\"><img loading=\"lazy\" decoding=\"async\" class=\"alignnone wp-image-952\" src=\"http:\/\/abatis.sk\/wp-content\/uploads\/2018\/02\/obr_citat-300x225.png\" alt=\"\" width=\"198\" height=\"149\" \/><\/p>\n<p>[\/et_pb_text][\/et_pb_column][\/et_pb_row][et_pb_row _builder_version=&#8221;3.0.100&#8243; custom_padding=&#8221;0px|||&#8221;][et_pb_column type=&#8221;4_4&#8243;][et_pb_text admin_label=&#8221;If you are looking for&#8230;&#8221; _builder_version=&#8221;3.0.100&#8243; background_layout=&#8221;light&#8221; text_font=&#8221;Open Sans||||||||&#8221; text_line_height=&#8221;1.8em&#8221;]<\/p>\n<p style=\"text-align: center; font-size: 18px;\">If you are looking for an inner calm, inner harmony, massage is an excellent tool. Each of the massages can harmonizes us in some way, harmonizes body and soul and brings light into gray, ordinary days. I would like to immerse you in this light through my art, to you can turn off your head, slow down and breathe the beauty of the day around you.<\/p>\n<p>[\/et_pb_text][\/et_pb_column][\/et_pb_row][et_pb_row _builder_version=&#8221;3.0.98&#8243; custom_padding=&#8221;||0px|&#8221;][et_pb_column type=&#8221;4_4&#8243;][et_pb_text admin_label=&#8221;Offered massages:&#8221; _builder_version=&#8221;3.0.100&#8243; background_layout=&#8221;light&#8221; text_font_size=&#8221;13px&#8221; text_font_size_tablet=&#8221;11px&#8221; text_font_size_last_edited=&#8221;on|tablet&#8221; header_line_height=&#8221;1.1em&#8221; header_line_height_tablet=&#8221;1.3em&#8221; header_line_height_last_edited=&#8221;on|tablet&#8221; custom_padding=&#8221;||0px|&#8221; text_font=&#8221;Monika||||||||&#8221;]<\/p>\n<p style=\"text-align: center; font-size: 42px;\"><span style=\"color: #a33e64;\"><span id=\"result_box\" class=\"\" lang=\"en\" tabindex=\"-1\"><span class=\"\">Offered massages<\/span><\/span>:<\/span><\/p>\n<hr \/>\n<h1 style=\"text-align: center;\"><\/h1>\n<p>[\/et_pb_text][\/et_pb_column][\/et_pb_row][et_pb_row _builder_version=&#8221;3.0.98&#8243; background_size=&#8221;initial&#8221; background_position=&#8221;top_left&#8221; background_repeat=&#8221;repeat&#8221; custom_padding=&#8221;0px|||&#8221;][et_pb_column type=&#8221;1_4&#8243;][et_pb_image _builder_version=&#8221;3.0.100&#8243; src=&#8221;https:\/\/abatis.sk\/wp-content\/uploads\/2019\/03\/capital-city-massage-therapy-services1.jpg&#8221; show_in_lightbox=&#8221;off&#8221; url_new_window=&#8221;off&#8221; use_overlay=&#8221;off&#8221; always_center_on_mobile=&#8221;on&#8221; force_fullwidth=&#8221;off&#8221; show_bottom_space=&#8221;on&#8221; border_radii=&#8221;on|2px|2px|2px|2px&#8221; box_shadow_style=&#8221;preset1&#8243; \/][et_pb_cta admin_label=&#8221;Raindrop Massage&#8221; title=&#8221;Raindrop Massage&#8221; button_url=&#8221;https:\/\/abatis.sk\/en\/harmonisation-raindrop-massage\/&#8221; button_text=&#8221;to relax and supplement nutrients&#8221; _builder_version=&#8221;3.0.100&#8243; button_alignment=&#8221;center&#8221; url_new_window=&#8221;off&#8221; use_background_color=&#8221;on&#8221; background_layout=&#8221;dark&#8221; custom_button=&#8221;on&#8221; button_icon_placement=&#8221;right&#8221; header_text_color=&#8221;#722e47&#8243; body_text_color=&#8221;#722e47&#8243; button_text_color=&#8221;#a33e64&#8243; background_color=&#8221;rgba(214,214,214,0)&#8221; header_line_height=&#8221;1.2em&#8221; body_line_height=&#8221;1.5em&#8221; button_text_size=&#8221;16&#8243; custom_margin=&#8221;0px|||&#8221; custom_padding=&#8221;0px|||&#8221;]<\/p>\n<p style=\"text-align: center;\"><span class=\"tlid-translation translation\" lang=\"en\"><span class=\"\" title=\"\">Body harmonization with essential oils<\/span><\/span><\/p>\n<p>[\/et_pb_cta][\/et_pb_column][et_pb_column type=&#8221;1_4&#8243;][et_pb_image _builder_version=&#8221;3.0.100&#8243; src=&#8221;https:\/\/abatis.sk\/wp-content\/uploads\/2019\/03\/IMG_20190208_125031-1.jpg&#8221; show_in_lightbox=&#8221;off&#8221; url_new_window=&#8221;off&#8221; use_overlay=&#8221;off&#8221; always_center_on_mobile=&#8221;on&#8221; force_fullwidth=&#8221;off&#8221; show_bottom_space=&#8221;on&#8221; border_radii=&#8221;on|2px|2px|2px|2px&#8221; box_shadow_style=&#8221;preset1&#8243; \/][et_pb_cta admin_label=&#8221;Intuitive Massage with Present touch&#8221; title=&#8221;Intuitive massage&#8221; button_url=&#8221;https:\/\/abatis.sk\/en\/intuitive-massage-present-touch\/&#8221; button_text=&#8221;to light up your self&#8221; background_color=&#8221;rgba(250,232,220,0)&#8221; _builder_version=&#8221;3.0.100&#8243; button_alignment=&#8221;center&#8221; url_new_window=&#8221;off&#8221; use_background_color=&#8221;on&#8221; background_layout=&#8221;dark&#8221; custom_button=&#8221;on&#8221; button_icon_placement=&#8221;right&#8221; header_text_color=&#8221;#722e47&#8243; body_text_color=&#8221;#722e47&#8243; button_text_color=&#8221;#a33e64&#8243; header_line_height=&#8221;1.2em&#8221; button_text_size=&#8221;16&#8243; custom_margin=&#8221;0px|||&#8221; custom_padding=&#8221;0px|||&#8221;]<\/p>\n<p style=\"text-align: center;\">Massage with respect for body and soul<\/p>\n<p>[\/et_pb_cta][\/et_pb_column][et_pb_column type=&#8221;1_4&#8243;][et_pb_image _builder_version=&#8221;3.0.100&#8243; src=&#8221;https:\/\/abatis.sk\/wp-content\/uploads\/2019\/03\/PSX_20190329_101418.jpg&#8221; show_in_lightbox=&#8221;off&#8221; url_new_window=&#8221;off&#8221; use_overlay=&#8221;off&#8221; always_center_on_mobile=&#8221;on&#8221; force_fullwidth=&#8221;off&#8221; show_bottom_space=&#8221;on&#8221; border_radii=&#8221;on|2px|2px|2px|2px&#8221; box_shadow_style=&#8221;preset1&#8243; \/][et_pb_cta admin_label=&#8221;Lomi, lomi Nui&#8221; title=&#8221;Lomi Lomi Nui Massage&#8221; button_url=&#8221;https:\/\/abatis.sk\/en\/lomi-lomi-nui-maasage\/&#8221; button_text=&#8221;for a new restart in life&#8221; background_color=&#8221;rgba(250,232,220,0)&#8221; _builder_version=&#8221;3.0.100&#8243; button_alignment=&#8221;center&#8221; url_new_window=&#8221;off&#8221; use_background_color=&#8221;on&#8221; background_layout=&#8221;dark&#8221; custom_button=&#8221;on&#8221; button_icon_placement=&#8221;right&#8221; header_text_color=&#8221;#722e47&#8243; body_text_color=&#8221;#722e47&#8243; button_text_color=&#8221;#a33e64&#8243; header_line_height=&#8221;1.2em&#8221; button_text_size=&#8221;16&#8243; custom_margin=&#8221;0px|||&#8221; custom_padding=&#8221;0px|||&#8221;]<\/p>\n<p style=\"text-align: center;\"><span class=\"tlid-translation translation\" lang=\"en\"><span class=\"\" title=\"\">Working with meri- dians, emotions<\/span><\/span><\/p>\n<p>[\/et_pb_cta][\/et_pb_column][et_pb_column type=&#8221;1_4&#8243;][et_pb_image _builder_version=&#8221;3.0.100&#8243; src=&#8221;https:\/\/abatis.sk\/wp-content\/uploads\/2019\/03\/PSX_20190329_1038412.jpg&#8221; show_in_lightbox=&#8221;off&#8221; url_new_window=&#8221;off&#8221; use_overlay=&#8221;off&#8221; always_center_on_mobile=&#8221;on&#8221; force_fullwidth=&#8221;off&#8221; show_bottom_space=&#8221;on&#8221; border_radii=&#8221;on|2px|2px|2px|2px&#8221; box_shadow_style=&#8221;preset1&#8243; \/][et_pb_cta admin_label=&#8221;Seminars&#8221; title=&#8221;Theraphy, Seminars&#8221; button_url=&#8221;https:\/\/abatis.sk\/en\/seminars-intuitive-touch-and-circles\/&#8221; button_text=&#8221;intuitive touch in the presence&#8221; _builder_version=&#8221;3.0.100&#8243; button_alignment=&#8221;center&#8221; url_new_window=&#8221;off&#8221; use_background_color=&#8221;on&#8221; background_layout=&#8221;dark&#8221; custom_button=&#8221;on&#8221; button_icon_placement=&#8221;right&#8221; header_text_color=&#8221;#722e47&#8243; body_text_color=&#8221;#722e47&#8243; button_text_color=&#8221;#a33e64&#8243; background_color=&#8221;rgba(126,190,197,0)&#8221; header_line_height=&#8221;1.2em&#8221; button_text_size=&#8221;16&#8243; body_line_height=&#8221;1.5em&#8221; custom_margin=&#8221;0px|||&#8221; custom_padding=&#8221;0px|||&#8221;]<\/p>\n<p style=\"text-align: center;\">Inner work on self-development<\/p>\n<p>[\/et_pb_cta][\/et_pb_column][\/et_pb_row][et_pb_row][et_pb_column type=&#8221;4_4&#8243;][et_pb_divider show_divider=&#8221;on&#8221; height=&#8221;3px&#8221; _builder_version=&#8221;3.0.98&#8243; background_color=&#8221;#bcbcbc&#8221; custom_margin=&#8221;5px||5px|&#8221; global_module=&#8221;239&#8243; saved_tabs=&#8221;all&#8221; custom_margin_tablet=&#8221;0px||0px|&#8221; custom_margin_last_edited=&#8221;on|tablet&#8221; \/][\/et_pb_column][\/et_pb_row][et_pb_row _builder_version=&#8221;3.0.98&#8243; background_size=&#8221;initial&#8221; background_position=&#8221;top_left&#8221; background_repeat=&#8221;repeat&#8221; custom_padding=&#8221;0px|||&#8221;][et_pb_column type=&#8221;1_2&#8243;][et_pb_text admin_label=&#8221;About me&#8221; _builder_version=&#8221;3.0.100&#8243; background_layout=&#8221;light&#8221; text_font=&#8221;Monika||||||||&#8221; text_font_size=&#8221;45px&#8221; text_text_color=&#8221;#722e47&#8243;]<\/p>\n<p>About me<\/p>\n<p>[\/et_pb_text][et_pb_blurb admin_label=&#8221;I am Abatis&#8221; _builder_version=&#8221;3.0.100&#8243; url_new_window=&#8221;off&#8221; use_icon=&#8221;off&#8221; use_circle=&#8221;off&#8221; use_circle_border=&#8221;off&#8221; icon_placement=&#8221;top&#8221; use_icon_font_size=&#8221;off&#8221; background_layout=&#8221;light&#8221;]<\/p>\n<p>I am Abatis. I am a woman, who allows the clients to come back to themselves, to perceive themselves from inside. Who allows the body and soul to relax and fill with new energy in the moments of loving massage touches. Woman, who can give inspiration to people they want to go in their ways, through feeling others in a lively way. I am Abatis, I am a woman, who in the moments of her professional work, was flowing through healing people to just offer to their energetic body to change something. I am woman, who works with people through the perception, acceptation and interconnection of\u00a0the techniques I have acquired in &#8230;<\/p>\n<p>[\/et_pb_blurb][et_pb_button button_url=&#8221;https:\/\/abatis.sk\/en\/about-me\/&#8221; button_text=&#8221;more&#8230;&#8221; button_alignment=&#8221;left&#8221; background_layout=&#8221;dark&#8221; _builder_version=&#8221;3.0.100&#8243; custom_button=&#8221;on&#8221; button_text_color=&#8221;#ffffff&#8221; button_bg_color=&#8221;#a33e64&#8243; url_new_window=&#8221;off&#8221; button_icon_placement=&#8221;right&#8221; \/][\/et_pb_column][et_pb_column type=&#8221;1_2&#8243;][et_pb_image src=&#8221;http:\/\/abatis.sk\/wp-content\/uploads\/2018\/02\/img1-1.jpg&#8221; _builder_version=&#8221;3.0.98&#8243;]<\/p>\n<p>&nbsp;<\/p>\n<p>[\/et_pb_image][\/et_pb_column][\/et_pb_row][et_pb_row _builder_version=&#8221;3.0.98&#8243; custom_padding=&#8221;0px||0px|&#8221;][et_pb_column type=&#8221;4_4&#8243;][et_pb_divider show_divider=&#8221;on&#8221; height=&#8221;3px&#8221; _builder_version=&#8221;3.0.98&#8243; background_color=&#8221;#bcbcbc&#8221; custom_margin=&#8221;5px||5px|&#8221; global_module=&#8221;239&#8243; saved_tabs=&#8221;all&#8221; custom_margin_tablet=&#8221;0px||0px|&#8221; custom_margin_last_edited=&#8221;on|tablet&#8221; \/][\/et_pb_column][\/et_pb_row][et_pb_row _builder_version=&#8221;3.0.47&#8243; background_size=&#8221;initial&#8221; background_position=&#8221;top_left&#8221; background_repeat=&#8221;repeat&#8221;][et_pb_column type=&#8221;1_2&#8243;][et_pb_text admin_label=&#8221;My story&#8221; _builder_version=&#8221;3.0.100&#8243; background_layout=&#8221;light&#8221; text_font=&#8221;Monika||||||||&#8221; text_font_size=&#8221;45px&#8221; text_text_color=&#8221;#722e47&#8243;]<\/p>\n<p>My story<\/p>\n<p>[\/et_pb_text][et_pb_blurb _builder_version=&#8221;3.0.100&#8243; url_new_window=&#8221;off&#8221; use_icon=&#8221;off&#8221; use_circle=&#8221;off&#8221; use_circle_border=&#8221;off&#8221; icon_placement=&#8221;top&#8221; use_icon_font_size=&#8221;off&#8221; background_layout=&#8221;light&#8221;]<\/p>\n<p>All our stories are unique, but very similar :). We have in ourselves Everyone, we just need to find him. So you don\u00b4t need to read my story&#8230;<\/p>\n<p>[\/et_pb_blurb][et_pb_button button_url=&#8221;https:\/\/abatis.sk\/en\/about-me\/&#8221; button_text=&#8221;more&#8230;&#8221; button_alignment=&#8221;left&#8221; background_layout=&#8221;dark&#8221; _builder_version=&#8221;3.0.100&#8243; custom_button=&#8221;on&#8221; button_text_color=&#8221;#ffffff&#8221; button_bg_color=&#8221;#a33e64&#8243; url_new_window=&#8221;off&#8221; button_icon_placement=&#8221;right&#8221; \/][\/et_pb_column][et_pb_column type=&#8221;1_2&#8243;][et_pb_image src=&#8221;http:\/\/abatis.sk\/wp-content\/uploads\/2018\/02\/obrazok-2.jpg&#8221; _builder_version=&#8221;3.0.98&#8243;]<\/p>\n<p>&nbsp;<\/p>\n<p>[\/et_pb_image][\/et_pb_column][\/et_pb_row][et_pb_row _builder_version=&#8221;3.0.98&#8243; custom_padding=&#8221;||0px|&#8221;][et_pb_column type=&#8221;4_4&#8243;][et_pb_divider show_divider=&#8221;on&#8221; height=&#8221;3px&#8221; _builder_version=&#8221;3.0.98&#8243; background_color=&#8221;#e26200&#8243; custom_margin=&#8221;5px||5px|&#8221; global_module=&#8221;239&#8243; saved_tabs=&#8221;all&#8221; \/][\/et_pb_column][\/et_pb_row][\/et_pb_section]<\/p>\n","protected":false},"excerpt":{"rendered":"<p>&#8220;Pr\u00edtomn\u00fd dotyk je pozornos\u0165, kde je pozornos\u0165 tam plynie energia, kde plynie energia, tam je \u017eivot. &#8221; &#8220;Present touch is the focus, where attention is, there the energy flows, where the energy flows, there is a Life. &#8221; L\u00e1skypln\u00e9 mas\u00e1\u017ee Abatis &#8220;Pr\u00edtomn\u00fd dotyk je pozornos\u0165, kde je pozornos\u0165 tam plynie energia, kde plynie energia, tam [&hellip;]<\/p>\n","protected":false},"author":1,"featured_media":0,"parent":0,"menu_order":0,"comment_status":"closed","ping_status":"closed","template":"","meta":{"_et_pb_use_builder":"on","_et_pb_old_content":"","_et_gb_content_width":"","_monsterinsights_skip_tracking":false,"_monsterinsights_sitenote_active":false,"_monsterinsights_sitenote_note":"","_monsterinsights_sitenote_category":0,"footnotes":""},"class_list":["post-1331","page","type-page","status-publish","hentry"],"yoast_head":"<!-- This site is optimized with the Yoast SEO plugin v23.7 - https:\/\/yoast.com\/wordpress\/plugins\/seo\/ -->\n<title>Home - Abatis<\/title>\n<meta name=\"robots\" content=\"index, follow, max-snippet:-1, max-image-preview:large, max-video-preview:-1\" \/>\n<link rel=\"canonical\" href=\"https:\/\/abatis.sk\/en\/\" \/>\n<meta property=\"og:locale\" content=\"en_US\" \/>\n<meta property=\"og:type\" content=\"article\" \/>\n<meta property=\"og:title\" content=\"Home - Abatis\" \/>\n<meta property=\"og:description\" content=\"&quot;Pr\u00edtomn\u00fd dotyk je pozornos\u0165, kde je pozornos\u0165 tam plynie energia, kde plynie energia, tam je \u017eivot. &quot; &quot;Present touch is the focus, where attention is, there the energy flows, where the energy flows, there is a Life. &quot; L\u00e1skypln\u00e9 mas\u00e1\u017ee Abatis &quot;Pr\u00edtomn\u00fd dotyk je pozornos\u0165, kde je pozornos\u0165 tam plynie energia, kde plynie energia, tam [&hellip;]\" \/>\n<meta property=\"og:url\" content=\"https:\/\/abatis.sk\/en\/\" \/>\n<meta property=\"og:site_name\" content=\"Abatis\" \/>\n<meta property=\"article:modified_time\" content=\"2019-05-19T14:53:01+00:00\" \/>\n<meta property=\"og:image\" content=\"http:\/\/abatis.sk\/wp-content\/uploads\/2018\/02\/obr_citat-300x225.png\" \/>\n<meta name=\"twitter:card\" content=\"summary_large_image\" \/>\n<meta name=\"twitter:label1\" content=\"Est. reading time\" \/>\n\t<meta name=\"twitter:data1\" content=\"9 minutes\" \/>\n<script type=\"application\/ld+json\" class=\"yoast-schema-graph\">{\"@context\":\"https:\/\/schema.org\",\"@graph\":[{\"@type\":\"WebPage\",\"@id\":\"https:\/\/abatis.sk\/en\/\",\"url\":\"https:\/\/abatis.sk\/en\/\",\"name\":\"Home - Abatis\",\"isPartOf\":{\"@id\":\"https:\/\/abatis.sk\/#website\"},\"primaryImageOfPage\":{\"@id\":\"https:\/\/abatis.sk\/en\/#primaryimage\"},\"image\":{\"@id\":\"https:\/\/abatis.sk\/en\/#primaryimage\"},\"thumbnailUrl\":\"http:\/\/abatis.sk\/wp-content\/uploads\/2018\/02\/obr_citat-300x225.png\",\"datePublished\":\"2018-02-06T19:56:00+00:00\",\"dateModified\":\"2019-05-19T14:53:01+00:00\",\"breadcrumb\":{\"@id\":\"https:\/\/abatis.sk\/en\/#breadcrumb\"},\"inLanguage\":\"en-US\",\"potentialAction\":[{\"@type\":\"ReadAction\",\"target\":[\"https:\/\/abatis.sk\/en\/\"]}]},{\"@type\":\"ImageObject\",\"inLanguage\":\"en-US\",\"@id\":\"https:\/\/abatis.sk\/en\/#primaryimage\",\"url\":\"http:\/\/abatis.sk\/wp-content\/uploads\/2018\/02\/obr_citat-300x225.png\",\"contentUrl\":\"http:\/\/abatis.sk\/wp-content\/uploads\/2018\/02\/obr_citat-300x225.png\"},{\"@type\":\"BreadcrumbList\",\"@id\":\"https:\/\/abatis.sk\/en\/#breadcrumb\",\"itemListElement\":[{\"@type\":\"ListItem\",\"position\":1,\"name\":\"Home\",\"item\":\"https:\/\/abatis.sk\/en\/\"},{\"@type\":\"ListItem\",\"position\":2,\"name\":\"Home\"}]},{\"@type\":\"WebSite\",\"@id\":\"https:\/\/abatis.sk\/#website\",\"url\":\"https:\/\/abatis.sk\/\",\"name\":\"Abatis\",\"description\":\"Posv\u00e4tnos\u0165 dotyku\",\"potentialAction\":[{\"@type\":\"SearchAction\",\"target\":{\"@type\":\"EntryPoint\",\"urlTemplate\":\"https:\/\/abatis.sk\/?s={search_term_string}\"},\"query-input\":{\"@type\":\"PropertyValueSpecification\",\"valueRequired\":true,\"valueName\":\"search_term_string\"}}],\"inLanguage\":\"en-US\"}]}<\/script>\n<!-- \/ Yoast SEO plugin. -->","yoast_head_json":{"title":"Home - Abatis","robots":{"index":"index","follow":"follow","max-snippet":"max-snippet:-1","max-image-preview":"max-image-preview:large","max-video-preview":"max-video-preview:-1"},"canonical":"https:\/\/abatis.sk\/en\/","og_locale":"en_US","og_type":"article","og_title":"Home - Abatis","og_description":"\"Pr\u00edtomn\u00fd dotyk je pozornos\u0165, kde je pozornos\u0165 tam plynie energia, kde plynie energia, tam je \u017eivot. \" \"Present touch is the focus, where attention is, there the energy flows, where the energy flows, there is a Life. \" L\u00e1skypln\u00e9 mas\u00e1\u017ee Abatis \"Pr\u00edtomn\u00fd dotyk je pozornos\u0165, kde je pozornos\u0165 tam plynie energia, kde plynie energia, tam [&hellip;]","og_url":"https:\/\/abatis.sk\/en\/","og_site_name":"Abatis","article_modified_time":"2019-05-19T14:53:01+00:00","og_image":[{"url":"http:\/\/abatis.sk\/wp-content\/uploads\/2018\/02\/obr_citat-300x225.png"}],"twitter_card":"summary_large_image","twitter_misc":{"Est. reading time":"9 minutes"},"schema":{"@context":"https:\/\/schema.org","@graph":[{"@type":"WebPage","@id":"https:\/\/abatis.sk\/en\/","url":"https:\/\/abatis.sk\/en\/","name":"Home - Abatis","isPartOf":{"@id":"https:\/\/abatis.sk\/#website"},"primaryImageOfPage":{"@id":"https:\/\/abatis.sk\/en\/#primaryimage"},"image":{"@id":"https:\/\/abatis.sk\/en\/#primaryimage"},"thumbnailUrl":"http:\/\/abatis.sk\/wp-content\/uploads\/2018\/02\/obr_citat-300x225.png","datePublished":"2018-02-06T19:56:00+00:00","dateModified":"2019-05-19T14:53:01+00:00","breadcrumb":{"@id":"https:\/\/abatis.sk\/en\/#breadcrumb"},"inLanguage":"en-US","potentialAction":[{"@type":"ReadAction","target":["https:\/\/abatis.sk\/en\/"]}]},{"@type":"ImageObject","inLanguage":"en-US","@id":"https:\/\/abatis.sk\/en\/#primaryimage","url":"http:\/\/abatis.sk\/wp-content\/uploads\/2018\/02\/obr_citat-300x225.png","contentUrl":"http:\/\/abatis.sk\/wp-content\/uploads\/2018\/02\/obr_citat-300x225.png"},{"@type":"BreadcrumbList","@id":"https:\/\/abatis.sk\/en\/#breadcrumb","itemListElement":[{"@type":"ListItem","position":1,"name":"Home","item":"https:\/\/abatis.sk\/en\/"},{"@type":"ListItem","position":2,"name":"Home"}]},{"@type":"WebSite","@id":"https:\/\/abatis.sk\/#website","url":"https:\/\/abatis.sk\/","name":"Abatis","description":"Posv\u00e4tnos\u0165 dotyku","potentialAction":[{"@type":"SearchAction","target":{"@type":"EntryPoint","urlTemplate":"https:\/\/abatis.sk\/?s={search_term_string}"},"query-input":{"@type":"PropertyValueSpecification","valueRequired":true,"valueName":"search_term_string"}}],"inLanguage":"en-US"}]}},"_links":{"self":[{"href":"https:\/\/abatis.sk\/en\/wp-json\/wp\/v2\/pages\/1331"}],"collection":[{"href":"https:\/\/abatis.sk\/en\/wp-json\/wp\/v2\/pages"}],"about":[{"href":"https:\/\/abatis.sk\/en\/wp-json\/wp\/v2\/types\/page"}],"author":[{"embeddable":true,"href":"https:\/\/abatis.sk\/en\/wp-json\/wp\/v2\/users\/1"}],"replies":[{"embeddable":true,"href":"https:\/\/abatis.sk\/en\/wp-json\/wp\/v2\/comments?post=1331"}],"version-history":[{"count":6,"href":"https:\/\/abatis.sk\/en\/wp-json\/wp\/v2\/pages\/1331\/revisions"}],"predecessor-version":[{"id":2293,"href":"https:\/\/abatis.sk\/en\/wp-json\/wp\/v2\/pages\/1331\/revisions\/2293"}],"wp:attachment":[{"href":"https:\/\/abatis.sk\/en\/wp-json\/wp\/v2\/media?parent=1331"}],"curies":[{"name":"wp","href":"https:\/\/api.w.org\/{rel}","templated":true}]}}